{"id":92244,"date":"2022-07-21T16:51:22","date_gmt":"2022-07-21T21:51:22","guid":{"rendered":"https:\/\/defabrica.com.mx\/defabrica\/?post_type=product&#038;p=92244"},"modified":"2022-07-21T16:51:22","modified_gmt":"2022-07-21T21:51:22","slug":"laptop-gigabyte-aorus-17-3-fhd-intel-i9-12900h-32gb-ddr5-nvidia-geforce-rtx-3080-ti-1tb-ssd","status":"publish","type":"product","link":"https:\/\/defabrica.com.mx\/defabrica\/producto\/laptop-gigabyte-aorus-17-3-fhd-intel-i9-12900h-32gb-ddr5-nvidia-geforce-rtx-3080-ti-1tb-ssd\/","title":{"rendered":"Laptop GIGABYTE AORUS 17.3&#8243; FHD &#8211; Intel i9-12900H &#8211; 32GB DDR5 &#8211; NVIDIA Geforce RTX 3080 Ti &#8211; 1TB SSD"},"content":{"rendered":"<div class=\"embedded-component-container lv product-description\">\n<div>\n<div id=\"shop-product-description-41415289\" class=\"_none\" data-version=\"1.3.46\">\n<div class=\"shop-product-description\">\n<section class=\"align-heading-left\" data-reactroot=\"\">\n<div class=\"long-description-container body-copy \">\n<div class=\"html-fragment\"><span>La nueva computadora port\u00e1til AORUS de 12.\u00aa generaci\u00f3n redefine las computadoras port\u00e1tiles para juegos de alta gama.\u00a0La computadora port\u00e1til AORUS de 12.\u00aa generaci\u00f3n est\u00e1 equipada con la \u00faltima GPU NVIDIA GeForce RTX Serie 30 para computadora port\u00e1til y un panel de alta actualizaci\u00f3n que permitir\u00e1 a cualquier jugador sumergirse en im\u00e1genes fluidas de alta calidad.<\/span><\/div>\n<\/div>\n<\/section>\n<\/div>\n<\/div>\n<\/div>\n<\/div>\n<div class=\"embedded-component-container lv product-features\">\n<h3><\/h3>\n<h3 class=\"heading-5 v-fw-regular feature-heading\"><strong>Caracter\u00edsticas<\/strong><\/h3>\n<ul>\n<li><strong>Serie NVIDIA 30:<\/strong><br \/>\nNVIDIA GeForce RTX 3080 Ti Laptop GPU 16GB GDDR6, Boost Clock 1395 MHz, Potencia gr\u00e1fica m\u00e1xima 130 W<\/li>\n<li><strong>Preparado para Intel de 12.\u00aa generaci\u00f3n:<\/strong><br \/>\nIntel Core i9-12900H de 12.\u00aa generaci\u00f3n<\/li>\n<li><strong>Listo para DDR5:<\/strong><br \/>\nDDR5 4800 16 GB*2, 2 ranuras DDR5 &#8211; M\u00e1x. 64 GB, 1 TB de almacenamiento<\/li>\n<li><strong>Pantalla de vanguardia:<\/strong><br \/>\nPantalla antirreflectante de nivel IPS FHD de 1920 x 1080 con bisel delgado de 17,3&#8243; (360 Hz, 72 % NTSC)<\/li>\n<li><strong>Interfaz de pr\u00f3xima generaci\u00f3n:<\/strong><br \/>\nWindows 11 Pro, Intel Wi-Fi 6E AX211 (Gig+), Bluetooth V5.2<\/li>\n<li><strong>Sonido din\u00e1mico:<\/strong><br \/>\nTecnolog\u00eda DTS:X Ultra Audio, micr\u00f3fono integrado, 2 altavoces de 2 W<\/li>\n<li><strong>IO:<\/strong><br \/>\n1x Thunderbolt 4, 1x HDMI 2.1, 1x Mini DP 1.4, 2x USB 3.2 (Tipo-A), 1x RJ45, 1x Conector combinado de audio, 1x Entrada de CC<\/li>\n<\/ul>\n<\/div>\n","protected":false},"excerpt":{"rendered":"<p>La nueva computadora port\u00e1til AORUS de 12.\u00aa generaci\u00f3n redefine las computadoras port\u00e1tiles para juegos de alta gama.\u00a0La computadora port\u00e1til AORUS de 12.\u00aa generaci\u00f3n est\u00e1 equipada con la \u00faltima GPU NVIDIA<\/p>\n","protected":false},"featured_media":92245,"comment_status":"open","ping_status":"closed","template":"","meta":{"_acf_changed":false,"_joinchat":[]},"product_brand":[],"product_cat":[277,280,432],"product_tag":[],"class_list":{"0":"post-92244","1":"product","2":"type-product","3":"status-publish","4":"has-post-thumbnail","6":"product_cat-zona-gamer","7":"product_cat-pc-gaming","8":"product_cat-laptops-gamer","10":"first","11":"instock","12":"sale","13":"shipping-taxable","14":"purchasable","15":"product-type-simple"},"acf":[],"_links":{"self":[{"href":"https:\/\/defabrica.com.mx\/defabrica\/wp-json\/wp\/v2\/product\/92244","targetHints":{"allow":["GET"]}}],"collection":[{"href":"https:\/\/defabrica.com.mx\/defabrica\/wp-json\/wp\/v2\/product"}],"about":[{"href":"https:\/\/defabrica.com.mx\/defabrica\/wp-json\/wp\/v2\/types\/product"}],"replies":[{"embeddable":true,"href":"https:\/\/defabrica.com.mx\/defabrica\/wp-json\/wp\/v2\/comments?post=92244"}],"wp:featuredmedia":[{"embeddable":true,"href":"https:\/\/defabrica.com.mx\/defabrica\/wp-json\/wp\/v2\/media\/92245"}],"wp:attachment":[{"href":"https:\/\/defabrica.com.mx\/defabrica\/wp-json\/wp\/v2\/media?parent=92244"}],"wp:term":[{"taxonomy":"product_brand","embeddable":true,"href":"https:\/\/defabrica.com.mx\/defabrica\/wp-json\/wp\/v2\/product_brand?post=92244"},{"taxonomy":"product_cat","embeddable":true,"href":"https:\/\/defabrica.com.mx\/defabrica\/wp-json\/wp\/v2\/product_cat?post=92244"},{"taxonomy":"product_tag","embeddable":true,"href":"https:\/\/defabrica.com.mx\/defabrica\/wp-json\/wp\/v2\/product_tag?post=92244"}],"curies":[{"name":"wp","href":"https:\/\/api.w.org\/{rel}","templated":true}]}}