{"id":92177,"date":"2022-07-21T16:14:33","date_gmt":"2022-07-21T21:14:33","guid":{"rendered":"https:\/\/defabrica.com.mx\/defabrica\/?post_type=product&#038;p=92177"},"modified":"2023-01-19T11:20:55","modified_gmt":"2023-01-19T17:20:55","slug":"five-nights-at-freddys-brecha-de-seguridad-playstation-5","status":"publish","type":"product","link":"https:\/\/defabrica.com.mx\/defabrica\/producto\/five-nights-at-freddys-brecha-de-seguridad-playstation-5\/","title":{"rendered":"Five Nights at Freddy&#8217;s &#8211; Brecha de seguridad &#8211; PlayStation 5"},"content":{"rendered":"<p>Five Nights at Freddy&#8217;s: Security Breach es la \u00faltima entrega de los juegos de terror familiares amados por millones de jugadores de todo el mundo.\u00a0Juega como Gregory, un ni\u00f1o atrapado durante la noche en Mega Pizzaplex de Freddy Fazbear.\u00a0Con la ayuda del propio Freddy Fazbear, Gregory debe sobrevivir a la caza casi imparable de los personajes reinventados de Five Nights at Freddy&#8217;s, as\u00ed como a nuevas y horribles amenazas.<\/p>\n<h3 class=\"heading-5 v-fw-regular feature-heading\"><strong>Caracter\u00edsticas<\/strong><\/h3>\n<ul>\n<li><strong>Los cazadores y los cazados<\/strong><br \/>\nUna vez que se inicien los protocolos nocturnos, los animatr\u00f3nicos del Mega Pizzaplex de Freddy Fazbear perseguir\u00e1n sin descanso a todos los intrusos.<\/li>\n<li><strong>Adaptarse para sobrevivir<\/strong><br \/>\nAcceda a las c\u00e1maras de seguridad del edificio para inspeccionar el entorno y planificar su ruta a trav\u00e9s del peligro. Distrae a los enemigos derribando botes de pintura y juguetes; simplemente esc\u00e1pate antes de que los enemigos se acerquen a tu ubicaci\u00f3n.<\/li>\n<li><strong>Explora y descubre<\/strong><br \/>\nFreddy Fazbear&#8217;s Mega Pizzaplex ofrece una variedad de atracciones para que los hu\u00e9spedes disfruten: Monty Golf, Roxy Raceway, Bonnie Bowl, las alcantarillas y&#8230; \u00bfAlcantarillas? El Pizzaplex es enorme y no tiene escasez de golosinas para descubrir.<\/li>\n<li><strong>\u00a1Todas las copias minoristas de Five Nights at Freddy&#8217;s: Security Breach contar\u00e1n con una hoja de calcoman\u00edas exclusiva!<\/strong><\/li>\n<\/ul>\n","protected":false},"excerpt":{"rendered":"<p>Five Nights at Freddy&#8217;s: Security Breach es la \u00faltima entrega de los juegos de terror familiares amados por millones de jugadores de todo el mundo.\u00a0Juega como Gregory, un ni\u00f1o atrapado<\/p>\n","protected":false},"featured_media":92179,"comment_status":"open","ping_status":"closed","template":"","meta":{"_acf_changed":false,"_joinchat":[]},"product_brand":[],"product_cat":[277,894],"product_tag":[],"class_list":{"0":"post-92177","1":"product","2":"type-product","3":"status-publish","4":"has-post-thumbnail","6":"product_cat-zona-gamer","7":"product_cat-videojuegos","9":"first","10":"instock","11":"sale","12":"shipping-taxable","13":"purchasable","14":"product-type-simple"},"acf":[],"_links":{"self":[{"href":"https:\/\/defabrica.com.mx\/defabrica\/wp-json\/wp\/v2\/product\/92177","targetHints":{"allow":["GET"]}}],"collection":[{"href":"https:\/\/defabrica.com.mx\/defabrica\/wp-json\/wp\/v2\/product"}],"about":[{"href":"https:\/\/defabrica.com.mx\/defabrica\/wp-json\/wp\/v2\/types\/product"}],"replies":[{"embeddable":true,"href":"https:\/\/defabrica.com.mx\/defabrica\/wp-json\/wp\/v2\/comments?post=92177"}],"wp:featuredmedia":[{"embeddable":true,"href":"https:\/\/defabrica.com.mx\/defabrica\/wp-json\/wp\/v2\/media\/92179"}],"wp:attachment":[{"href":"https:\/\/defabrica.com.mx\/defabrica\/wp-json\/wp\/v2\/media?parent=92177"}],"wp:term":[{"taxonomy":"product_brand","embeddable":true,"href":"https:\/\/defabrica.com.mx\/defabrica\/wp-json\/wp\/v2\/product_brand?post=92177"},{"taxonomy":"product_cat","embeddable":true,"href":"https:\/\/defabrica.com.mx\/defabrica\/wp-json\/wp\/v2\/product_cat?post=92177"},{"taxonomy":"product_tag","embeddable":true,"href":"https:\/\/defabrica.com.mx\/defabrica\/wp-json\/wp\/v2\/product_tag?post=92177"}],"curies":[{"name":"wp","href":"https:\/\/api.w.org\/{rel}","templated":true}]}}