{"id":92145,"date":"2022-07-21T16:05:55","date_gmt":"2022-07-21T21:05:55","guid":{"rendered":"https:\/\/defabrica.com.mx\/defabrica\/?post_type=product&#038;p=92145"},"modified":"2022-07-21T16:05:55","modified_gmt":"2022-07-21T21:05:55","slug":"gigabyte-laptop-15-6-fhd-intel-core-i9-10980hk-32gb-nvidia-geforce-rtx-2080-max-q-512gb-ssd-negro","status":"publish","type":"product","link":"https:\/\/defabrica.com.mx\/defabrica\/producto\/gigabyte-laptop-15-6-fhd-intel-core-i9-10980hk-32gb-nvidia-geforce-rtx-2080-max-q-512gb-ssd-negro\/","title":{"rendered":"GIGABYTE &#8211; Laptop 15.6\u00bb FHD &#8211; Intel Core i9-10980HK &#8211; 32GB -NVIDIA GeForce RTX 2080 MAX Q &#8211; 512GB SSD -Negro"},"content":{"rendered":"<div class=\"embedded-component-container lv product-description\">\n<div>\n<div id=\"shop-product-description-38101949\" class=\"_none\" data-version=\"1.3.46\">\n<div class=\"shop-product-description\">\n<section class=\"align-heading-left\" data-reactroot=\"\">\n<div class=\"long-description-container body-copy \">\n<div class=\"html-fragment\"><span>Desde el principio, la serie AERO elev\u00f3 el list\u00f3n de lo que deber\u00eda ser una computadora port\u00e1til de alto rendimiento;\u00a0ultraligero, ultrarr\u00e1pido, sin limitaciones.\u00a0La ingenier\u00eda de vanguardia mejor\u00f3 la experiencia del usuario final al abordar los detalles m\u00e1s finos y optimizar el rendimiento a trav\u00e9s de la calibraci\u00f3n.\u00a0El nuevo AERO vuelve a evolucionar de adentro hacia afuera con un sistema de enfriamiento mejorado, una est\u00e9tica refinada con una experiencia visual incomparable, que brinda a los usuarios el poder de realizar infinitas posibilidades creativas.\u00a0Con la serie AERO, los usuarios pueden tener un video ultrarr\u00e1pido o renderizado 3D, o adoptar un juego suave como la mantequilla de los t\u00edtulos de juegos AAA.<\/span><\/div>\n<\/div>\n<\/section>\n<\/div>\n<\/div>\n<\/div>\n<\/div>\n<div class=\"embedded-component-container lv product-features\">\n<h3><\/h3>\n<h3 class=\"heading-5 v-fw-regular feature-heading\"><strong>Caracter\u00edsticas<\/strong><\/h3>\n<ul>\n<li><strong>Procesador<\/strong><br \/>\nIntel Core i9-10980HK<\/li>\n<li><strong>Almacenamiento<\/strong><br \/>\nUnidad de estado s\u00f3lido M.2 NVME PCIe de 512 GB<\/li>\n<li><strong>Memoria<\/strong><br \/>\nDDR4 de 32GB<\/li>\n<li><strong>Sistema operativo<\/strong><br \/>\nWindows 10 Pro<\/li>\n<li><strong>Monitor<\/strong><br \/>\nAMOLED FHD de 15,6&#8243;<\/li>\n<li><strong>Inal\u00e1mbrica<\/strong><br \/>\nKiller Wi-Fi 6 AX1650 (con tecnolog\u00eda Intel)<\/li>\n<li><strong>Bluetooth<\/strong><br \/>\nBluetooth V5.0 + LE<\/li>\n<li><strong>Puertos<\/strong><br \/>\nUSB 3.2 Gen1 (Tipo A) x 3; Thunderbolt 3 (USB tipo C) x 1; mini-DP 1.4<\/li>\n<li><strong>Teclado<\/strong><br \/>\nTeclado retroiluminado por tecla GIGABYTE Fusion RGB<\/li>\n<\/ul>\n<\/div>\n","protected":false},"excerpt":{"rendered":"<p>Desde el principio, la serie AERO elev\u00f3 el list\u00f3n de lo que deber\u00eda ser una computadora port\u00e1til de alto rendimiento;\u00a0ultraligero, ultrarr\u00e1pido, sin limitaciones.\u00a0La ingenier\u00eda de vanguardia mejor\u00f3 la experiencia del<\/p>\n","protected":false},"featured_media":92153,"comment_status":"open","ping_status":"closed","template":"","meta":{"_acf_changed":false,"_joinchat":[]},"product_brand":[],"product_cat":[277,280,432],"product_tag":[],"class_list":{"0":"post-92145","1":"product","2":"type-product","3":"status-publish","4":"has-post-thumbnail","6":"product_cat-zona-gamer","7":"product_cat-pc-gaming","8":"product_cat-laptops-gamer","10":"first","11":"instock","12":"sale","13":"shipping-taxable","14":"purchasable","15":"product-type-simple"},"acf":[],"_links":{"self":[{"href":"https:\/\/defabrica.com.mx\/defabrica\/wp-json\/wp\/v2\/product\/92145","targetHints":{"allow":["GET"]}}],"collection":[{"href":"https:\/\/defabrica.com.mx\/defabrica\/wp-json\/wp\/v2\/product"}],"about":[{"href":"https:\/\/defabrica.com.mx\/defabrica\/wp-json\/wp\/v2\/types\/product"}],"replies":[{"embeddable":true,"href":"https:\/\/defabrica.com.mx\/defabrica\/wp-json\/wp\/v2\/comments?post=92145"}],"wp:featuredmedia":[{"embeddable":true,"href":"https:\/\/defabrica.com.mx\/defabrica\/wp-json\/wp\/v2\/media\/92153"}],"wp:attachment":[{"href":"https:\/\/defabrica.com.mx\/defabrica\/wp-json\/wp\/v2\/media?parent=92145"}],"wp:term":[{"taxonomy":"product_brand","embeddable":true,"href":"https:\/\/defabrica.com.mx\/defabrica\/wp-json\/wp\/v2\/product_brand?post=92145"},{"taxonomy":"product_cat","embeddable":true,"href":"https:\/\/defabrica.com.mx\/defabrica\/wp-json\/wp\/v2\/product_cat?post=92145"},{"taxonomy":"product_tag","embeddable":true,"href":"https:\/\/defabrica.com.mx\/defabrica\/wp-json\/wp\/v2\/product_tag?post=92145"}],"curies":[{"name":"wp","href":"https:\/\/api.w.org\/{rel}","templated":true}]}}