{"id":92125,"date":"2022-07-21T15:57:26","date_gmt":"2022-07-21T20:57:26","guid":{"rendered":"https:\/\/defabrica.com.mx\/defabrica\/?post_type=product&#038;p=92125"},"modified":"2022-07-21T15:57:26","modified_gmt":"2022-07-21T20:57:26","slug":"laptop-para-juegos-gigabyte-g5-md-15-6-fhd-ips-intel-i5-11400h-memoria-de-8gb-nvidia-geforce-rtx-3050ti-ssd-de-512gb","status":"publish","type":"product","link":"https:\/\/defabrica.com.mx\/defabrica\/producto\/laptop-para-juegos-gigabyte-g5-md-15-6-fhd-ips-intel-i5-11400h-memoria-de-8gb-nvidia-geforce-rtx-3050ti-ssd-de-512gb\/","title":{"rendered":"Laptop para juegos GIGABYTE G5 MD 15.6&#8243; FHD IPS &#8211; Intel i5-11400H &#8211; Memoria de 8GB &#8211; NVIDIA GeForce RTX 3050Ti &#8211; SSD de 512GB"},"content":{"rendered":"<div class=\"embedded-component-container lv product-description\">\n<div>\n<div id=\"shop-product-description-8587523\" class=\"_none\" data-version=\"1.3.46\">\n<div class=\"shop-product-description\">\n<section class=\"align-heading-left\" data-reactroot=\"\">\n<div class=\"long-description-container body-copy \">\n<div class=\"html-fragment\"><span>\u00a1La computadora port\u00e1til para juegos G5 con tecnolog\u00eda NVIDIA GeForce RTX 30 Series GPU combina juegos, entretenimiento, trabajo y m\u00e1s!\u00a0Su potente procesador Intel de 11.\u00aa generaci\u00f3n le permite manejar sin esfuerzo varias tareas al mismo tiempo.\u00a0Cuenta con una salida de pantalla de 3 pantallas, ranura para tarjeta SD incorporada y tecnolog\u00eda Wi-Fi 6 de \u00faltima generaci\u00f3n;\u00a0Con una herramienta para cada tarea, esta computadora port\u00e1til ofrece un gran equilibrio entre juegos, entretenimiento y capacidades de trabajo.\u00a0Bienvenido a su nueva computadora port\u00e1til favorita.<\/span><\/div>\n<\/div>\n<\/section>\n<\/div>\n<\/div>\n<\/div>\n<\/div>\n<div class=\"embedded-component-container lv product-features\">\n<h3><\/h3>\n<h3 class=\"heading-5 v-fw-regular feature-heading\"><strong>Caracter\u00edsticas<\/strong><\/h3>\n<ul>\n<li><strong>Gr\u00e1ficos<\/strong><br \/>\nNVIDIA GeForce RTX 3050 Ti Laptop GPU 4GB GDDR6<\/li>\n<li><strong>Procesador<\/strong><br \/>\nProcesador Intel Core i5-11400H de 11.\u00aa generaci\u00f3n<\/li>\n<li><strong>Almacenamiento de memoria<\/strong><br \/>\n8 GB DDR4 3200 MHz (m\u00e1x. 64 GB), SSD de 512 GB (Gen4)<\/li>\n<li><strong>Monitor<\/strong><br \/>\nPantalla LCD antirreflejo de nivel IPS FHD 1920&#215;1080 de 15,6&#8243; con bisel delgado (frecuencia de actualizaci\u00f3n de 144 Hz)<\/li>\n<li><strong>Conectividad<\/strong><br \/>\nLAN: 1G LAN Ethernet, WLAN: Intel AX201 inal\u00e1mbrico, Bluetooth: V5.2<\/li>\n<li><strong>Afinaci\u00f3n<\/strong><br \/>\nPantalla m\u00faltiple 1+3 para tareas m\u00faltiples, software GAMING CENTER completamente nuevo, audio DTS:X para jugadores, Windows 11 Home<\/li>\n<li><strong>USB<\/strong><br \/>\n1x USB2.0 Tipo-A, 1x USB3.2 Gen1 Tipo-A, 1x USB3.2 Gen2 Tipo-A, 1x USB 3.2 Gen 2 Tipo-C, 1x HDMI 2.0 (con HDCP), 1x mini DP 1.4, 1x Audio<\/li>\n<\/ul>\n<\/div>\n","protected":false},"excerpt":{"rendered":"<p>\u00a1La computadora port\u00e1til para juegos G5 con tecnolog\u00eda NVIDIA GeForce RTX 30 Series GPU combina juegos, entretenimiento, trabajo y m\u00e1s!\u00a0Su potente procesador Intel de 11.\u00aa generaci\u00f3n le permite manejar sin<\/p>\n","protected":false},"featured_media":92131,"comment_status":"open","ping_status":"closed","template":"","meta":{"_acf_changed":false,"_joinchat":[]},"product_brand":[],"product_cat":[277,280,432],"product_tag":[],"class_list":{"0":"post-92125","1":"product","2":"type-product","3":"status-publish","4":"has-post-thumbnail","6":"product_cat-zona-gamer","7":"product_cat-pc-gaming","8":"product_cat-laptops-gamer","10":"first","11":"instock","12":"sale","13":"shipping-taxable","14":"purchasable","15":"product-type-simple"},"acf":[],"_links":{"self":[{"href":"https:\/\/defabrica.com.mx\/defabrica\/wp-json\/wp\/v2\/product\/92125","targetHints":{"allow":["GET"]}}],"collection":[{"href":"https:\/\/defabrica.com.mx\/defabrica\/wp-json\/wp\/v2\/product"}],"about":[{"href":"https:\/\/defabrica.com.mx\/defabrica\/wp-json\/wp\/v2\/types\/product"}],"replies":[{"embeddable":true,"href":"https:\/\/defabrica.com.mx\/defabrica\/wp-json\/wp\/v2\/comments?post=92125"}],"wp:featuredmedia":[{"embeddable":true,"href":"https:\/\/defabrica.com.mx\/defabrica\/wp-json\/wp\/v2\/media\/92131"}],"wp:attachment":[{"href":"https:\/\/defabrica.com.mx\/defabrica\/wp-json\/wp\/v2\/media?parent=92125"}],"wp:term":[{"taxonomy":"product_brand","embeddable":true,"href":"https:\/\/defabrica.com.mx\/defabrica\/wp-json\/wp\/v2\/product_brand?post=92125"},{"taxonomy":"product_cat","embeddable":true,"href":"https:\/\/defabrica.com.mx\/defabrica\/wp-json\/wp\/v2\/product_cat?post=92125"},{"taxonomy":"product_tag","embeddable":true,"href":"https:\/\/defabrica.com.mx\/defabrica\/wp-json\/wp\/v2\/product_tag?post=92125"}],"curies":[{"name":"wp","href":"https:\/\/api.w.org\/{rel}","templated":true}]}}