{"id":92089,"date":"2022-07-21T15:40:30","date_gmt":"2022-07-21T20:40:30","guid":{"rendered":"https:\/\/defabrica.com.mx\/defabrica\/?post_type=product&#038;p=92089"},"modified":"2022-07-21T15:40:30","modified_gmt":"2022-07-21T20:40:30","slug":"hp-omen-portatil-para-juegos-de-161-intel-core-i7-memoria-de-16-gb-nvidia-geforce-rtx-3060-ssd-de-512-gb-negro-sombra","status":"publish","type":"product","link":"https:\/\/defabrica.com.mx\/defabrica\/producto\/hp-omen-portatil-para-juegos-de-161-intel-core-i7-memoria-de-16-gb-nvidia-geforce-rtx-3060-ssd-de-512-gb-negro-sombra\/","title":{"rendered":"HP OMEN &#8211; Port\u00e1til para juegos de 16,1&#8243; &#8211; Intel Core i7 &#8211; Memoria de 16 GB &#8211; NVIDIA GeForce RTX 3060 &#8211; SSD de 512 GB &#8211; Negro sombra"},"content":{"rendered":"<div class=\"embedded-component-container lv product-description\">\n<div>\n<div id=\"shop-product-description-99609240\" class=\"_none\" data-version=\"1.3.46\">\n<div class=\"shop-product-description\">\n<section class=\"align-heading-left\" data-reactroot=\"\">\n<div class=\"long-description-container body-copy \">\n<div class=\"html-fragment\"><span>Trate de jugar con humildad: juegue con rendimiento con un procesador Intel\u00ae Core\u2122 de 11.\u00aa generaci\u00f3n y potentes gr\u00e1ficos NVIDIA\u00ae.\u00a0Todo ese poder se mantiene fresco con nuestro fr\u00edo OMEN Tempest Cooling.\u00a0No podemos evitar que otros sientan un poco de envidia.\u00a0Jugar no deber\u00eda sentirse tan bien: deleite sus ojos con esta m\u00e1quina de 16,1 pulgadas en diagonal, que cuenta con una pantalla de alta resoluci\u00f3n y frecuencia de actualizaci\u00f3n r\u00e1pida.\u00a0El dise\u00f1o de la bisagra flotante y el audio de Bang &amp; Olufsen lo muestran mientras se apaga.\u00a0Y la bater\u00eda de larga duraci\u00f3n te permite jugar incluso m\u00e1s tiempo.\u00a0Un lugar.\u00a0Todo Juega.\u00a0OMEN Gaming Hub es su ventanilla \u00fanica para mejorar su juego.\u00a0Desde obtener recompensas solo por jugar hasta controlar cada peque\u00f1a opci\u00f3n de rendimiento e iluminaci\u00f3n de su m\u00e1quina, la lista contin\u00faa.\u00a0Cada juego, cada jugada, cada momento est\u00e1 ahora bajo tu control.<\/span><\/div>\n<\/div>\n<\/section>\n<\/div>\n<\/div>\n<\/div>\n<\/div>\n<div class=\"embedded-component-container lv product-features\">\n<h3><\/h3>\n<h3 class=\"heading-5 v-fw-regular feature-heading\"><strong>Caracter\u00edsticas<\/strong><\/h3>\n<ul>\n<li><strong>Sistema operativo: Windows 11 Hogar<\/strong><br \/>\nWindows 11 tiene toda la potencia y la seguridad de Windows 10 con un aspecto renovado y redise\u00f1ado. Tambi\u00e9n viene con nuevas herramientas, sonidos y aplicaciones. Cada detalle ha sido considerado. Todo se une para brindarle una experiencia refrescante en su PC.<\/li>\n<li><strong>Pantalla: 16,1 pulgadas en diagonal, FHD (1920 x 1080), 144 Hz, tiempo de respuesta de 7 ms, IPS, microborde, antirreflejo, Low Blue Light<\/strong><br \/>\nReduce el retraso frustrante y las im\u00e1genes superpuestas con una pantalla que combina una frecuencia de actualizaci\u00f3n de 144 Hz y una resoluci\u00f3n FHD de 1080p para un juego suave y n\u00edtido.<\/li>\n<li><strong>Procesador: Intel\u00ae Core\u2122 i7-11800H de 11.\u00aa generaci\u00f3n<\/strong><br \/>\nTrae la combinaci\u00f3n perfecta de caracter\u00edsticas para hacerte imparable. Haga las cosas r\u00e1pidamente con alto rendimiento, capacidad de respuesta instant\u00e1nea y la mejor conectividad de su clase.<\/li>\n<li><strong>Memoria: 16 GB DDR4-3200 MHz RAM (2 x 8 GB)<\/strong><br \/>\nMontones de RAM DDR4 de alto ancho de banda para ejecutar sin problemas sus juegos de PC con muchos gr\u00e1ficos y aplicaciones de edici\u00f3n de video, as\u00ed como numerosos programas y pesta\u00f1as del navegador, todo a la vez.<\/li>\n<li><strong>Almacenamiento interno: SSD PCIe\u00ae NVMe\u2122 M.2 de 512 GB<\/strong><br \/>\nObtenga un rendimiento hasta 30 veces m\u00e1s r\u00e1pido que un disco duro tradicional<\/li>\n<li><strong>Gr\u00e1ficos NVIDIA\u00ae GeForce RTX\u2122 3060<\/strong><br \/>\nObtenga un rendimiento incre\u00edble con Ray Tracing Cores y Tensor Cores mejorados, nuevos multiprocesadores de transmisi\u00f3n y memoria G6 de alta velocidad.<\/li>\n<li><strong>Conectado sin esfuerzo<\/strong><br \/>\nDisfrute de una experiencia inal\u00e1mbrica m\u00e1s fluida con la combinaci\u00f3n de Wi-Fi CERTIFIED 6\u2122 (2&#215;2) y Bluetooth\u00ae 5.0, todas sus conexiones son s\u00f3lidas y velocidades de transferencia de archivos hasta 3 veces m\u00e1s r\u00e1pidas que Wi-Fi 5.<\/li>\n<li><strong>C\u00e1mara HD de visi\u00f3n amplia HP<\/strong><br \/>\nEl campo de visi\u00f3n de gran angular de 88 grados le permite chatear por video con toda la familia o grupo de amigos con detalles n\u00edtidos.<\/li>\n<li><strong>Carga r\u00e1pida HP<\/strong><br \/>\nPasa de 0 a 50% de carga en aproximadamente 30 minutos<\/li>\n<li><strong>Thunderbolt\u2122 4 con USB4\u2122 tipo C<\/strong><br \/>\nEncienda su dispositivo o conecte hasta dos pantallas 4K con un solo cable y una tasa de se\u00f1alizaci\u00f3n de 40 Gbps.<\/li>\n<li><strong>Una experiencia de audio excepcionalmente rica<\/strong><br \/>\nLos parlantes duales HP, HP Audio Boost y la sintonizaci\u00f3n experta de Bang &amp; Olufsen brindan la perfecci\u00f3n de audio a su PC.<\/li>\n<li><strong>Teclado RGB de cuatro zonas<\/strong><br \/>\nLe permite retroiluminar 4 zonas independientes con diferente iluminaci\u00f3n de teclado RGB. Las teclas WASD se destacan para resaltar los controles clave. Todo se controla f\u00e1cilmente a trav\u00e9s de OMEN Gaming Hub.<\/li>\n<li><strong>Tecnolog\u00eda de refrigeraci\u00f3n OMEN Tempest<\/strong><br \/>\nMant\u00e9ngase fresco bajo presi\u00f3n con la soluci\u00f3n t\u00e9rmica avanzada para port\u00e1tiles, OMEN Tempest Cooling Technology. La ventilaci\u00f3n de 3 lados y el flujo de aire de 5 v\u00edas garantizan una estabilidad y un rendimiento \u00f3ptimos del sistema cuando el juego se calienta.<\/li>\n<li><strong>Panel t\u00e1ctil ampliado<\/strong><br \/>\nM\u00e1s espacio en su panel t\u00e1ctil hace que controlar su PC sea sencillo e intuitivo.<\/li>\n<li><strong>Creado pensando en el planeta.<\/strong><br \/>\nHP se dedica a impulsar el progreso hacia un futuro m\u00e1s sostenible y a tomar decisiones responsables para el medio ambiente y nuestros clientes. Estamos innovando nuevas formas de reducir la cantidad de materiales en nuestros productos y empaques.<\/li>\n<\/ul>\n<\/div>\n","protected":false},"excerpt":{"rendered":"<p>Trate de jugar con humildad: juegue con rendimiento con un procesador Intel\u00ae Core\u2122 de 11.\u00aa generaci\u00f3n y potentes gr\u00e1ficos NVIDIA\u00ae.\u00a0Todo ese poder se mantiene fresco con nuestro fr\u00edo OMEN Tempest<\/p>\n","protected":false},"featured_media":92091,"comment_status":"open","ping_status":"closed","template":"","meta":{"_acf_changed":false,"_joinchat":[]},"product_brand":[],"product_cat":[277,280,433],"product_tag":[],"class_list":{"0":"post-92089","1":"product","2":"type-product","3":"status-publish","4":"has-post-thumbnail","6":"product_cat-zona-gamer","7":"product_cat-pc-gaming","8":"product_cat-monitores-gamer","10":"first","11":"instock","12":"sale","13":"shipping-taxable","14":"purchasable","15":"product-type-simple"},"acf":[],"_links":{"self":[{"href":"https:\/\/defabrica.com.mx\/defabrica\/wp-json\/wp\/v2\/product\/92089","targetHints":{"allow":["GET"]}}],"collection":[{"href":"https:\/\/defabrica.com.mx\/defabrica\/wp-json\/wp\/v2\/product"}],"about":[{"href":"https:\/\/defabrica.com.mx\/defabrica\/wp-json\/wp\/v2\/types\/product"}],"replies":[{"embeddable":true,"href":"https:\/\/defabrica.com.mx\/defabrica\/wp-json\/wp\/v2\/comments?post=92089"}],"wp:featuredmedia":[{"embeddable":true,"href":"https:\/\/defabrica.com.mx\/defabrica\/wp-json\/wp\/v2\/media\/92091"}],"wp:attachment":[{"href":"https:\/\/defabrica.com.mx\/defabrica\/wp-json\/wp\/v2\/media?parent=92089"}],"wp:term":[{"taxonomy":"product_brand","embeddable":true,"href":"https:\/\/defabrica.com.mx\/defabrica\/wp-json\/wp\/v2\/product_brand?post=92089"},{"taxonomy":"product_cat","embeddable":true,"href":"https:\/\/defabrica.com.mx\/defabrica\/wp-json\/wp\/v2\/product_cat?post=92089"},{"taxonomy":"product_tag","embeddable":true,"href":"https:\/\/defabrica.com.mx\/defabrica\/wp-json\/wp\/v2\/product_tag?post=92089"}],"curies":[{"name":"wp","href":"https:\/\/api.w.org\/{rel}","templated":true}]}}