{"id":92081,"date":"2022-07-21T15:37:45","date_gmt":"2022-07-21T20:37:45","guid":{"rendered":"https:\/\/defabrica.com.mx\/defabrica\/?post_type=product&#038;p=92081"},"modified":"2022-07-21T15:37:45","modified_gmt":"2022-07-21T20:37:45","slug":"wrc-9-nintendo-switch","status":"publish","type":"product","link":"https:\/\/defabrica.com.mx\/defabrica\/producto\/wrc-9-nintendo-switch\/","title":{"rendered":"WRC 9 &#8211; Nintendo Switch"},"content":{"rendered":"<p><span>WRC 9 es el juego de simulaci\u00f3n de carreras m\u00e1s nuevo aprobado por los pilotos profesionales del Campeonato WRC real.\u00a0<\/span><span>Con tres rallies completamente nuevos (Kenia, Jap\u00f3n y Nueva Zelanda), 15 veh\u00edculos legendarios y m\u00e1s de 100 tramos por recorrer, WRC 9 es el t\u00edtulo m\u00e1s expansivo de la serie hasta la fecha.<\/span><\/p>\n<h3 class=\"heading-5 v-fw-regular feature-heading\"><strong>Caracter\u00edsticas<\/strong><\/h3>\n<div class=\"list-row\"><\/div>\n<div class=\"list-row\">\n<ul>\n<li><strong>Compite en todo el mundo, incluidos tres nuevos rallies en Kenia, Jap\u00f3n y Nueva Zelanda.<\/strong><\/li>\n<li><strong>\u00a1Nuevos modos de juego, incluido el nuevo sistema de clubes, donde puedes crear tus propios campeonatos en l\u00ednea e invitar a amigos de todo el mundo a competir!<\/strong><\/li>\n<li><strong>M\u00e1s de 100 etapas para afrontar y m\u00e1s de 15 coches hist\u00f3ricos.<\/strong><\/li>\n<li><strong>\u00a1Experimenta un nuevo nivel de realismo e inmersi\u00f3n con una mejor f\u00edsica del veh\u00edculo, nuevos entornos y notas de carrera!<\/strong><\/li>\n<\/ul>\n<\/div>\n","protected":false},"excerpt":{"rendered":"<p>WRC 9 es el juego de simulaci\u00f3n de carreras m\u00e1s nuevo aprobado por los pilotos profesionales del Campeonato WRC real.\u00a0Con tres rallies completamente nuevos (Kenia, Jap\u00f3n y Nueva Zelanda), 15<\/p>\n","protected":false},"featured_media":92088,"comment_status":"open","ping_status":"closed","template":"","meta":{"_acf_changed":false,"_joinchat":[]},"product_brand":[],"product_cat":[277,894],"product_tag":[],"class_list":{"0":"post-92081","1":"product","2":"type-product","3":"status-publish","4":"has-post-thumbnail","6":"product_cat-zona-gamer","7":"product_cat-videojuegos","9":"first","10":"instock","11":"sale","12":"shipping-taxable","13":"purchasable","14":"product-type-simple"},"acf":[],"_links":{"self":[{"href":"https:\/\/defabrica.com.mx\/defabrica\/wp-json\/wp\/v2\/product\/92081","targetHints":{"allow":["GET"]}}],"collection":[{"href":"https:\/\/defabrica.com.mx\/defabrica\/wp-json\/wp\/v2\/product"}],"about":[{"href":"https:\/\/defabrica.com.mx\/defabrica\/wp-json\/wp\/v2\/types\/product"}],"replies":[{"embeddable":true,"href":"https:\/\/defabrica.com.mx\/defabrica\/wp-json\/wp\/v2\/comments?post=92081"}],"wp:featuredmedia":[{"embeddable":true,"href":"https:\/\/defabrica.com.mx\/defabrica\/wp-json\/wp\/v2\/media\/92088"}],"wp:attachment":[{"href":"https:\/\/defabrica.com.mx\/defabrica\/wp-json\/wp\/v2\/media?parent=92081"}],"wp:term":[{"taxonomy":"product_brand","embeddable":true,"href":"https:\/\/defabrica.com.mx\/defabrica\/wp-json\/wp\/v2\/product_brand?post=92081"},{"taxonomy":"product_cat","embeddable":true,"href":"https:\/\/defabrica.com.mx\/defabrica\/wp-json\/wp\/v2\/product_cat?post=92081"},{"taxonomy":"product_tag","embeddable":true,"href":"https:\/\/defabrica.com.mx\/defabrica\/wp-json\/wp\/v2\/product_tag?post=92081"}],"curies":[{"name":"wp","href":"https:\/\/api.w.org\/{rel}","templated":true}]}}