{"id":92045,"date":"2022-07-21T15:26:44","date_gmt":"2022-07-21T20:26:44","guid":{"rendered":"https:\/\/defabrica.com.mx\/defabrica\/?post_type=product&#038;p=92045"},"modified":"2022-07-21T20:38:56","modified_gmt":"2022-07-22T01:38:56","slug":"hp-omen-portatil-para-juegos-de-161-amd-ryzen-7-memoria-de-16-gb-nvidia-geforce-rtx-3050-ti-ssd-de-512-gb","status":"publish","type":"product","link":"https:\/\/defabrica.com.mx\/defabrica\/producto\/hp-omen-portatil-para-juegos-de-161-amd-ryzen-7-memoria-de-16-gb-nvidia-geforce-rtx-3050-ti-ssd-de-512-gb\/","title":{"rendered":"HP OMEN &#8211; Port\u00e1til para juegos de 16,1&#8243; &#8211; AMD Ryzen 7 &#8211; Memoria de 16 GB &#8211; NVIDIA GeForce RTX 3050 Ti &#8211; SSD de 512 GB"},"content":{"rendered":"<div class=\"embedded-component-container lv product-description\">\n<div>\n<div id=\"shop-product-description-16870593\" class=\"_none\" data-version=\"1.3.46\">\n<div class=\"shop-product-description\">\n<section class=\"align-heading-left\" data-reactroot=\"\">\n<div class=\"long-description-container body-copy \">\n<div class=\"html-fragment\">S\u00ed, es as\u00ed de potente: juegue con rendimiento con un potente procesador AMD y gr\u00e1ficos potentes.\u00a0Todo ese poder se mantiene fresco con nuestro fr\u00edo OMEN Tempest Cooling.\u00a0No podemos evitar que otros sientan un poco de envidia.\u00a0Jugar no deber\u00eda sentirse tan bien: deleite sus ojos con esta m\u00e1quina de 16,1 pulgadas en diagonal, que cuenta con una alta resoluci\u00f3n y una frecuencia de actualizaci\u00f3n r\u00e1pida.\u00a0El dise\u00f1o de la bisagra flotante y el audio de Bang &amp; Olufsen lo muestran mientras se apaga.\u00a0Y la bater\u00eda de larga duraci\u00f3n te permite jugar incluso m\u00e1s tiempo.\u00a0Un lugar.\u00a0Todos juegan.\u00a0OMEN Gaming Hub es su ventanilla \u00fanica para mejorar su juego.\u00a0Desde obtener recompensas solo por jugar hasta controlar cada peque\u00f1a opci\u00f3n de rendimiento e iluminaci\u00f3n de su m\u00e1quina, la lista contin\u00faa.\u00a0Cada juego, cada jugada, cada momento est\u00e1 ahora bajo tu control.<\/div>\n<div>\n<h3><\/h3>\n<h3 class=\"heading-5 v-fw-regular feature-heading\"><strong>Caracter\u00edsticas<\/strong><\/h3>\n<\/div>\n<\/div>\n<\/section>\n<\/div>\n<\/div>\n<\/div>\n<\/div>\n<div class=\"embedded-component-container lv product-features\">\n<ul>\n<li><strong>Inicio de Windows 10<\/strong><br \/>\nHaz grandes cosas con confianza con la sensaci\u00f3n familiar de Windows, solo que mejor.<\/li>\n<li><strong>Pantalla: 16,1 pulgadas en diagonal, FHD (1920 x 1080), 144 Hz, IPS, microborde, antirreflejo<\/strong><br \/>\nReduce el retraso frustrante y las im\u00e1genes superpuestas con una pantalla que combina una frecuencia de actualizaci\u00f3n de 144 Hz y una resoluci\u00f3n FHD de 1080p para un juego fluido y n\u00edtido.<\/li>\n<li><strong>Procesador: AMD Ryzen\u2122 7 5800H<\/strong><br \/>\nAhora puede disfrutar de un rendimiento de juego de \u00e9lite en una computadora port\u00e1til delgada y liviana con una duraci\u00f3n de bater\u00eda incre\u00edble. Nunca vuelvas a comprometer tu computadora port\u00e1til para juegos.<\/li>\n<li><strong>Memoria: 16 GB DDR4-3200 MHz RAM (2 x 8 GB)<\/strong><br \/>\nCon un mayor ancho de banda, obtiene un mayor impulso en el rendimiento para mejorar la multitarea.<\/li>\n<li><strong>Almacenamiento interno: SSD PCIe\u00ae NVMe\u2122 M.2 de 512 GB<\/strong><br \/>\nObtenga un rendimiento hasta 30 veces m\u00e1s r\u00e1pido que un disco duro tradicional.<\/li>\n<li><strong>Gr\u00e1ficos: GPU para port\u00e1tiles NVIDIA\u00ae GeForce RTX\u2122 3050 Ti (GDDR6 de 4 GB dedicada)<\/strong><br \/>\nAcceda a la potencia de RTX de segunda generaci\u00f3n con la arquitectura galardonada NVIDIA Ampere. La inteligencia artificial y las nuevas optimizaciones del sistema crean computadoras port\u00e1tiles para juegos m\u00e1s eficientes en factores de forma nuevos e innovadores.<\/li>\n<li><strong>Sin destellos<\/strong><br \/>\nUsando la tecnolog\u00eda DC Dimming que controla el brillo ajustando la corriente continua en lugar de alternar la retroiluminaci\u00f3n, podemos eliminar el parpadeo de la pantalla para una visualizaci\u00f3n m\u00e1s c\u00f3moda.<\/li>\n<li><strong>Carga r\u00e1pida HP<\/strong><br \/>\nPasa de 0 a 50% de carga en aproximadamente 45 minutos.<\/li>\n<li><strong>WiFi 6E<\/strong><br \/>\nDisfrute de velocidades m\u00e1s r\u00e1pidas, rendimiento mejorado, mayor capacidad y latencias m\u00e1s bajas que iteraciones anteriores con la tecnolog\u00eda Wi-Fi 6E<\/li>\n<li><strong>C\u00e1mara HD de visi\u00f3n amplia HP<\/strong><br \/>\nEl campo de visi\u00f3n de gran angular de 88 grados le permite chatear por video con toda la familia o grupo de amigos con detalles n\u00edtidos.<\/li>\n<li><strong>Una experiencia de audio excepcionalmente rica<\/strong><br \/>\nLos parlantes duales HP, HP Audio Boost y la sintonizaci\u00f3n experta de Bang &amp; Olufsen brindan la perfecci\u00f3n de audio a su PC.<\/li>\n<li><strong>Teclado RGB de cuatro zonas<\/strong><br \/>\nLe permite retroiluminar 4 zonas independientes con diferente iluminaci\u00f3n de teclado RGB. Las teclas WASD se destacan para resaltar los controles clave. Todo se controla f\u00e1cilmente a trav\u00e9s de OMEN Gaming Hub.<\/li>\n<li><strong>Tecnolog\u00eda de refrigeraci\u00f3n OMEN Tempest<\/strong><br \/>\nMant\u00e9ngase fresco bajo presi\u00f3n con la soluci\u00f3n t\u00e9rmica avanzada para port\u00e1tiles, OMEN Tempest Cooling Technology. La ventilaci\u00f3n de 3 lados y el flujo de aire de 5 v\u00edas garantizan una estabilidad y un rendimiento \u00f3ptimos del sistema cuando el juego se calienta<\/li>\n<li><strong>Est\u00e9tica elevada<\/strong><br \/>\nDise\u00f1ado con un reposamanos con acabado de aluminio para una apariencia premium.<\/li>\n<li><strong>Creado pensando en el planeta.<\/strong><br \/>\nHP se dedica a impulsar el progreso hacia un futuro m\u00e1s sostenible y a tomar decisiones responsables para el medio ambiente y nuestros clientes.<\/li>\n<li><strong>Xbox Game Pass Ultimate: descubre tu pr\u00f3ximo juego favorito.<\/strong><br \/>\n1 mes de Xbox Game Pass Ultimate incluido. Juega m\u00e1s de 100 juegos de alta calidad en Windows 10, consola y dispositivo m\u00f3vil. Incluye nuevos t\u00edtulos del primer d\u00eda, juegos ic\u00f3nicos de Bethesda y EA Play para PC.<\/li>\n<\/ul>\n<\/div>\n","protected":false},"excerpt":{"rendered":"<p>S\u00ed, es as\u00ed de potente: juegue con rendimiento con un potente procesador AMD y gr\u00e1ficos potentes.\u00a0Todo ese poder se mantiene fresco con nuestro fr\u00edo OMEN Tempest Cooling.\u00a0No podemos evitar que<\/p>\n","protected":false},"featured_media":92049,"comment_status":"open","ping_status":"closed","template":"","meta":{"_acf_changed":false,"_joinchat":[]},"product_brand":[],"product_cat":[277,280,432],"product_tag":[],"class_list":{"0":"post-92045","1":"product","2":"type-product","3":"status-publish","4":"has-post-thumbnail","6":"product_cat-zona-gamer","7":"product_cat-pc-gaming","8":"product_cat-laptops-gamer","10":"first","11":"instock","12":"sale","13":"shipping-taxable","14":"purchasable","15":"product-type-simple"},"acf":[],"_links":{"self":[{"href":"https:\/\/defabrica.com.mx\/defabrica\/wp-json\/wp\/v2\/product\/92045","targetHints":{"allow":["GET"]}}],"collection":[{"href":"https:\/\/defabrica.com.mx\/defabrica\/wp-json\/wp\/v2\/product"}],"about":[{"href":"https:\/\/defabrica.com.mx\/defabrica\/wp-json\/wp\/v2\/types\/product"}],"replies":[{"embeddable":true,"href":"https:\/\/defabrica.com.mx\/defabrica\/wp-json\/wp\/v2\/comments?post=92045"}],"wp:featuredmedia":[{"embeddable":true,"href":"https:\/\/defabrica.com.mx\/defabrica\/wp-json\/wp\/v2\/media\/92049"}],"wp:attachment":[{"href":"https:\/\/defabrica.com.mx\/defabrica\/wp-json\/wp\/v2\/media?parent=92045"}],"wp:term":[{"taxonomy":"product_brand","embeddable":true,"href":"https:\/\/defabrica.com.mx\/defabrica\/wp-json\/wp\/v2\/product_brand?post=92045"},{"taxonomy":"product_cat","embeddable":true,"href":"https:\/\/defabrica.com.mx\/defabrica\/wp-json\/wp\/v2\/product_cat?post=92045"},{"taxonomy":"product_tag","embeddable":true,"href":"https:\/\/defabrica.com.mx\/defabrica\/wp-json\/wp\/v2\/product_tag?post=92045"}],"curies":[{"name":"wp","href":"https:\/\/api.w.org\/{rel}","templated":true}]}}