{"id":92033,"date":"2022-07-21T15:19:08","date_gmt":"2022-07-21T20:19:08","guid":{"rendered":"https:\/\/defabrica.com.mx\/defabrica\/?post_type=product&#038;p=92033"},"modified":"2023-01-19T12:56:44","modified_gmt":"2023-01-19T18:56:44","slug":"hp-omen-portatil-de-161-amd-ryzen-7-6800-memoria-de-16-gb-nvidia-geforce-rtx-3060-memoria-de-512-gb-plata-mica","status":"publish","type":"product","link":"https:\/\/defabrica.com.mx\/defabrica\/producto\/hp-omen-portatil-de-161-amd-ryzen-7-6800-memoria-de-16-gb-nvidia-geforce-rtx-3060-memoria-de-512-gb-plata-mica\/","title":{"rendered":"HP OMEN &#8211; Port\u00e1til de 16,1&#8243; &#8211; AMD Ryzen 7 6800 &#8211; Memoria de 16 GB &#8211; NVIDIA GeForce RTX 3060 &#8211; Memoria de 512 GB &#8211; plata mica"},"content":{"rendered":"<div class=\"embedded-component-container lv product-description\">\n<div>\n<div id=\"shop-product-description-55090806\" class=\"_none\" data-version=\"1.3.46\">\n<div class=\"shop-product-description\">\n<section class=\"align-heading-left\" data-reactroot=\"\">\n<div class=\"long-description-container body-copy \">\n<div class=\"html-fragment\">Maximizado para jugar, minimizado para relajarse: las laptops para juegos no tienen que calentarse.\u00a0Esta ingenier\u00eda de siguiente nivel maximiza la potencia a nivel de computadora de escritorio mientras minimiza las temperaturas con la nueva e innovadora tecnolog\u00eda de enfriamiento OMEN Tempest.\u00a016,1 pulgadas de pura terapia de inmersi\u00f3n en el juego: Las l\u00edneas futuristas de su dise\u00f1o minimalista de bisel de 3 lados hacen de esta m\u00e1quina una obra de arte en plata mica.\u00a0Pi\u00e9rdete en la pantalla masiva con bordes de bisel angostos que parecen sangrar sin problemas hasta el infinito.\u00a0El FHD 144Hz har\u00e1 que cualquier juego se vea mejor.\u00a0Expanda su mente, cuerpo y puertos: hay espacio para toneladas de perif\u00e9ricos, desde unidades externas, GPU o simplemente su tel\u00e9fono.\u00a0Toda la m\u00e1quina funciona con hardware OMEN y OMEN Gaming Hub.\u00a0Esta bestia es un cuartel general de juegos.<\/div>\n<\/div>\n<\/section>\n<\/div>\n<\/div>\n<\/div>\n<\/div>\n<div class=\"embedded-component-container lv product-features\">\n<h3><\/h3>\n<h3 class=\"heading-5 v-fw-regular feature-heading\"><strong>Caracter\u00edsticas<\/strong><\/h3>\n<ul>\n<li><strong>Sistema operativo: Windows 11 Hogar<\/strong><br \/>\nDesde un men\u00fa Inicio renovado hasta nuevas formas de conectarse con sus personas, noticias, juegos y contenido favoritos: Windows 11 es el lugar para pensar, expresar y crear de forma natural.<\/li>\n<li><strong>Pantalla: 16,1 pulgadas en diagonal, FHD (1920 x 1080), 144 Hz, tiempo de respuesta de 7 ms, IPS, microborde, antirreflejo, Low Blue Light<\/strong><br \/>\nReduce el retraso frustrante y las im\u00e1genes superpuestas con una pantalla que combina una frecuencia de actualizaci\u00f3n de 144 Hz y una resoluci\u00f3n FHD de 1080p para un juego suave y n\u00edtido.<\/li>\n<li><strong>Procesador: AMD Ryzen 7 6800H<\/strong><br \/>\nDespierta tus sentidos a una velocidad refrescante, con la confianza para desconectarte y llegar m\u00e1s lejos. El nuevo procesador AMD Ryzen 6800H da vida a nuevas experiencias: ofrece todo lo que necesita y mucho m\u00e1s.<\/li>\n<li><strong>Memoria: 16 GB DDR5-4800 MHz RAM (2 x 8 GB)<\/strong><br \/>\nMontones de RAM DDR4 de alto ancho de banda para ejecutar sin problemas sus juegos de PC con muchos gr\u00e1ficos y aplicaciones de edici\u00f3n de video, as\u00ed como numerosos programas y pesta\u00f1as del navegador, todo a la vez.<\/li>\n<li><strong>Gr\u00e1ficos: GPU para port\u00e1tiles NVIDIA GeForce RTX 3060 (GDDR6 de 6 GB dedicada)<\/strong><br \/>\nObtenga un rendimiento incre\u00edble con Ray Tracing Cores y Tensor Cores mejorados, nuevos multiprocesadores de transmisi\u00f3n y memoria G6 de alta velocidad.<\/li>\n<li><strong>Almacenamiento interno: SSD PCIe NVMe M.2 de 512 GB<\/strong><br \/>\nObtenga un rendimiento hasta 30 veces m\u00e1s r\u00e1pido que un disco duro tradicional.<\/li>\n<li><strong>Inal\u00e1mbrico: Wi-Fi 6E (2&#215;2) y combinaci\u00f3n de Bluetooth (compatible con velocidad de datos Gigabit)<\/strong><br \/>\nDisfrute de velocidades m\u00e1s r\u00e1pidas, rendimiento mejorado, mayor capacidad y latencias m\u00e1s bajas que las iteraciones anteriores con la tecnolog\u00eda Wi-Fi 6E.<\/li>\n<li><strong>AMD SmartShift<\/strong><br \/>\nObtenga hasta un 10% de mejora en el rendimiento gracias a AMD SmartShift. Utilizando una interfaz de refuerzo de hardware y algoritmos de aprendizaje autom\u00e1tico, SmartShift mueve r\u00e1pidamente la potencia entre la CPU y la GPU, optimizando el rendimiento sobre la marcha para juegos, renderizado 3D, edici\u00f3n de video y otras cargas de trabajo.<\/li>\n<li><strong>Memoria de acceso inteligente AMD<\/strong><br \/>\nDisfruta de velocidades de fotogramas m\u00e1s altas en muchos juegos gracias a la memoria AMD Smart Access<\/li>\n<li><strong>C\u00e1mara: c\u00e1mara HP Wide Vision 720p HD con reducci\u00f3n de ruido temporal y micr\u00f3fonos digitales integrados de doble matriz<\/strong><br \/>\nEl campo de visi\u00f3n de gran angular de 88 grados le permite chatear por video con toda la familia o grupo de amigos con detalles n\u00edtidos.<\/li>\n<li><strong>Sonido: Audio de Bang &amp; Olufsen con altavoces duales<\/strong><br \/>\nLos parlantes duales HP, HP Audio Boost y la sintonizaci\u00f3n experta de Bang &amp; Olufsen brindan la perfecci\u00f3n de audio a su PC.<\/li>\n<li><strong>Teclado: Teclado de tama\u00f1o completo, con retroiluminaci\u00f3n RGB de 4 zonas, teclado de mica plateada y tecnolog\u00eda de 26 teclas Rollover Anti-Ghosting Key<\/strong><br \/>\nLe permite retroiluminar 4 zonas independientes con diferente iluminaci\u00f3n de teclado RGB. Las teclas WASD se destacan para resaltar los controles clave. Todo se controla f\u00e1cilmente a trav\u00e9s de OMEN Gaming Hub.<\/li>\n<li><strong>Tecnolog\u00eda de refrigeraci\u00f3n OMEN Tempest<\/strong><br \/>\nMant\u00e9ngase fresco bajo presi\u00f3n con la soluci\u00f3n t\u00e9rmica avanzada para port\u00e1tiles, OMEN Tempest Cooling Technology. La ventilaci\u00f3n de 3 lados y el flujo de aire de 5 v\u00edas garantizan una estabilidad y un rendimiento \u00f3ptimos del sistema cuando el juego se calienta.<\/li>\n<li><strong>HP Imagepad con gestos multit\u00e1ctiles<\/strong><br \/>\nEste verdadero panel t\u00e1ctil multit\u00e1ctil admite gestos con cuatro dedos y le permite desplazarse, hacer zoom y navegar con un simple toque.<\/li>\n<li><strong>Pantalla de microborde<\/strong><br \/>\nEl bisel apenas visible revoluciona su pantalla al permitir que una pantalla m\u00e1s grande quepa en un marco m\u00e1s peque\u00f1o.<\/li>\n<li><strong>Peso del producto: 5,33 libras<\/strong><br \/>\nConstruido pensando en el medio ambiente, este port\u00e1til est\u00e1 dise\u00f1ado con materiales sostenibles como:<br \/>\nPl\u00e1stico ligado al oc\u00e9ano en el bisel y la carcasa del altavoz, teclas hechas de pl\u00e1stico reciclado posconsumo, cubierta de teclado hecha de metal reciclado<\/li>\n<\/ul>\n<\/div>\n","protected":false},"excerpt":{"rendered":"<p>Maximizado para jugar, minimizado para relajarse: las laptops para juegos no tienen que calentarse.\u00a0Esta ingenier\u00eda de siguiente nivel maximiza la potencia a nivel de computadora de escritorio mientras minimiza las<\/p>\n","protected":false},"featured_media":92039,"comment_status":"open","ping_status":"closed","template":"","meta":{"_acf_changed":false,"_joinchat":[]},"product_brand":[],"product_cat":[277,280,432],"product_tag":[],"class_list":{"0":"post-92033","1":"product","2":"type-product","3":"status-publish","4":"has-post-thumbnail","6":"product_cat-zona-gamer","7":"product_cat-pc-gaming","8":"product_cat-laptops-gamer","10":"first","11":"instock","12":"sale","13":"shipping-taxable","14":"purchasable","15":"product-type-simple"},"acf":[],"_links":{"self":[{"href":"https:\/\/defabrica.com.mx\/defabrica\/wp-json\/wp\/v2\/product\/92033","targetHints":{"allow":["GET"]}}],"collection":[{"href":"https:\/\/defabrica.com.mx\/defabrica\/wp-json\/wp\/v2\/product"}],"about":[{"href":"https:\/\/defabrica.com.mx\/defabrica\/wp-json\/wp\/v2\/types\/product"}],"replies":[{"embeddable":true,"href":"https:\/\/defabrica.com.mx\/defabrica\/wp-json\/wp\/v2\/comments?post=92033"}],"wp:featuredmedia":[{"embeddable":true,"href":"https:\/\/defabrica.com.mx\/defabrica\/wp-json\/wp\/v2\/media\/92039"}],"wp:attachment":[{"href":"https:\/\/defabrica.com.mx\/defabrica\/wp-json\/wp\/v2\/media?parent=92033"}],"wp:term":[{"taxonomy":"product_brand","embeddable":true,"href":"https:\/\/defabrica.com.mx\/defabrica\/wp-json\/wp\/v2\/product_brand?post=92033"},{"taxonomy":"product_cat","embeddable":true,"href":"https:\/\/defabrica.com.mx\/defabrica\/wp-json\/wp\/v2\/product_cat?post=92033"},{"taxonomy":"product_tag","embeddable":true,"href":"https:\/\/defabrica.com.mx\/defabrica\/wp-json\/wp\/v2\/product_tag?post=92033"}],"curies":[{"name":"wp","href":"https:\/\/api.w.org\/{rel}","templated":true}]}}