{"id":92030,"date":"2022-07-21T15:13:35","date_gmt":"2022-07-21T20:13:35","guid":{"rendered":"https:\/\/defabrica.com.mx\/defabrica\/?post_type=product&#038;p=92030"},"modified":"2023-01-19T11:09:10","modified_gmt":"2023-01-19T17:09:10","slug":"instant-sports-all-stars-nintendo-switch","status":"publish","type":"product","link":"https:\/\/defabrica.com.mx\/defabrica\/producto\/instant-sports-all-stars-nintendo-switch\/","title":{"rendered":"Instant Sports All-Stars &#8211; Nintendo Switch"},"content":{"rendered":"<div class=\"embedded-component-container lv product-description\">\n<div>\n<div id=\"shop-product-description-55479173\" class=\"_none\" data-version=\"1.3.46\">\n<div class=\"shop-product-description\">\n<section class=\"align-heading-left\" data-reactroot=\"\">\n<div class=\"long-description-container body-copy \">\n<div class=\"html-fragment\">\u00a1En INSTANT SPORTS All-Stars, puedes jugar una variedad de actividades para sentirte bien inspiradas directamente en los deportes favoritos de los estadounidenses!\u00a0En INSTANT SPORTS, todos pueden jugar con facilidad simplemente movi\u00e9ndose con el juego de movimiento de Nintendo Switch.\u00a0\u00a1Tambi\u00e9n puedes jugar de forma normal tanto en Nintendo Switch como en PlayStation 5 a trav\u00e9s del modo de bot\u00f3n!<\/div>\n<\/div>\n<\/section>\n<\/div>\n<\/div>\n<\/div>\n<\/div>\n<div class=\"embedded-component-container lv product-features\">\n<h3><\/h3>\n<h3 class=\"heading-5 v-fw-regular feature-heading\"><strong>Caracter\u00edsticas<\/strong><\/h3>\n<ul>\n<li><strong>Vive Am\u00e9rica a trav\u00e9s de 8 deportes y actividades&#8230; B\u00e9isbol, f\u00fatbol americano, hockey sobre c\u00e9sped, baloncesto, bolos, tiro y f\u00fatbol&#8230; \u00a1Y no te olvides de Burger Tower!<\/strong><\/li>\n<li><strong>3 ambientes &#8211; la c\u00e1lida atm\u00f3sfera de un estadio, la energ\u00eda de la ciudad y el calor del oeste&#8230; &#8211; \u00a1para triplicar tu disfrute! Viaja sin ni siquiera levantarte del sof\u00e1&#8230; \u00a1pero sigue haciendo algo de \u00abejercicio\u00bb!<\/strong><\/li>\n<li><strong>\u00a124 maneras de extender la diversi\u00f3n! \u00a1Las reglas espec\u00edficas para cada actividad en cada entorno hacen que cada sesi\u00f3n de deporte sea un verdadero descubrimiento!<\/strong><\/li>\n<li><strong>Sue\u00f1a con hasta 4 jugadores: INSTANT SPORTS All-Stars es extremadamente f\u00e1cil de jugar con controles simplificados o incluso juegos de movimiento en Nintendo Switch.<\/strong><\/li>\n<li><strong>Un mont\u00f3n de coleccionables para personalizar tu personaje: sombreros, blusas, pantalones y m\u00e1s&#8230; \u00a1No hay lugar para los errores de moda!<\/strong><\/li>\n<\/ul>\n<\/div>\n","protected":false},"excerpt":{"rendered":"<p>\u00a1En INSTANT SPORTS All-Stars, puedes jugar una variedad de actividades para sentirte bien inspiradas directamente en los deportes favoritos de los estadounidenses!\u00a0En INSTANT SPORTS, todos pueden jugar con facilidad simplemente<\/p>\n","protected":false},"featured_media":92031,"comment_status":"open","ping_status":"closed","template":"","meta":{"_acf_changed":false,"_joinchat":[]},"product_brand":[],"product_cat":[277,894],"product_tag":[],"class_list":{"0":"post-92030","1":"product","2":"type-product","3":"status-publish","4":"has-post-thumbnail","6":"product_cat-zona-gamer","7":"product_cat-videojuegos","9":"first","10":"instock","11":"sale","12":"shipping-taxable","13":"purchasable","14":"product-type-simple"},"acf":[],"_links":{"self":[{"href":"https:\/\/defabrica.com.mx\/defabrica\/wp-json\/wp\/v2\/product\/92030","targetHints":{"allow":["GET"]}}],"collection":[{"href":"https:\/\/defabrica.com.mx\/defabrica\/wp-json\/wp\/v2\/product"}],"about":[{"href":"https:\/\/defabrica.com.mx\/defabrica\/wp-json\/wp\/v2\/types\/product"}],"replies":[{"embeddable":true,"href":"https:\/\/defabrica.com.mx\/defabrica\/wp-json\/wp\/v2\/comments?post=92030"}],"wp:featuredmedia":[{"embeddable":true,"href":"https:\/\/defabrica.com.mx\/defabrica\/wp-json\/wp\/v2\/media\/92031"}],"wp:attachment":[{"href":"https:\/\/defabrica.com.mx\/defabrica\/wp-json\/wp\/v2\/media?parent=92030"}],"wp:term":[{"taxonomy":"product_brand","embeddable":true,"href":"https:\/\/defabrica.com.mx\/defabrica\/wp-json\/wp\/v2\/product_brand?post=92030"},{"taxonomy":"product_cat","embeddable":true,"href":"https:\/\/defabrica.com.mx\/defabrica\/wp-json\/wp\/v2\/product_cat?post=92030"},{"taxonomy":"product_tag","embeddable":true,"href":"https:\/\/defabrica.com.mx\/defabrica\/wp-json\/wp\/v2\/product_tag?post=92030"}],"curies":[{"name":"wp","href":"https:\/\/api.w.org\/{rel}","templated":true}]}}