{"id":92022,"date":"2022-07-21T15:06:42","date_gmt":"2022-07-21T20:06:42","guid":{"rendered":"https:\/\/defabrica.com.mx\/defabrica\/?post_type=product&#038;p=92022"},"modified":"2022-07-21T15:06:42","modified_gmt":"2022-07-21T20:06:42","slug":"instant-sports-winter-games-nintendo-switch","status":"publish","type":"product","link":"https:\/\/defabrica.com.mx\/defabrica\/producto\/instant-sports-winter-games-nintendo-switch\/","title":{"rendered":"Instant Sports Winter Games &#8211; Nintendo Switch"},"content":{"rendered":"<p><span>INSTANT SPORTS Winter Games es la primera compilaci\u00f3n de deportes de invierno en Nintendo Switch.\u00a0<\/span><span>\u00a1Toma tu traje de nieve, esqu\u00eds y bastones de esqu\u00ed, ya que est\u00e1s en tu camino para montar en la nieve!\u00a0<\/span><span>En INSTANT SPORTS Winter Games, podr\u00e1s practicar muchos deportes extremos (\u00a1y siempre divertidos!).<\/span><\/p>\n<h3 class=\"heading-5 v-fw-regular feature-heading\"><strong>Caracter\u00edsticas<\/strong><\/h3>\n<ul>\n<li><strong>\u00a1Juega 7 deportes de invierno entre Snowboard, Ice Cross, Bobsleigh y muchos m\u00e1s!<\/strong><\/li>\n<li><strong>Deportes regulares y deportes divertidos\u2026 \u00a1Disfruta de una Pelea de Bolas de Nieve o una sesi\u00f3n de Curling!<\/strong><\/li>\n<li><strong>Un mont\u00f3n de art\u00edculos para coleccionar y personalizar a tu personaje.<\/strong><\/li>\n<li><strong>Hermosos paisajes y ambiente bajo la nieve. \u00a1Los deportes se pueden disfrutar en varias pistas!<\/strong><\/li>\n<\/ul>\n<div class=\"list-row\"><\/div>\n","protected":false},"excerpt":{"rendered":"<p>INSTANT SPORTS Winter Games es la primera compilaci\u00f3n de deportes de invierno en Nintendo Switch.\u00a0\u00a1Toma tu traje de nieve, esqu\u00eds y bastones de esqu\u00ed, ya que est\u00e1s en tu camino<\/p>\n","protected":false},"featured_media":92023,"comment_status":"open","ping_status":"closed","template":"","meta":{"_acf_changed":false,"_joinchat":[]},"product_brand":[],"product_cat":[277,894],"product_tag":[],"class_list":{"0":"post-92022","1":"product","2":"type-product","3":"status-publish","4":"has-post-thumbnail","6":"product_cat-zona-gamer","7":"product_cat-videojuegos","9":"first","10":"instock","11":"sale","12":"shipping-taxable","13":"purchasable","14":"product-type-simple"},"acf":[],"_links":{"self":[{"href":"https:\/\/defabrica.com.mx\/defabrica\/wp-json\/wp\/v2\/product\/92022","targetHints":{"allow":["GET"]}}],"collection":[{"href":"https:\/\/defabrica.com.mx\/defabrica\/wp-json\/wp\/v2\/product"}],"about":[{"href":"https:\/\/defabrica.com.mx\/defabrica\/wp-json\/wp\/v2\/types\/product"}],"replies":[{"embeddable":true,"href":"https:\/\/defabrica.com.mx\/defabrica\/wp-json\/wp\/v2\/comments?post=92022"}],"wp:featuredmedia":[{"embeddable":true,"href":"https:\/\/defabrica.com.mx\/defabrica\/wp-json\/wp\/v2\/media\/92023"}],"wp:attachment":[{"href":"https:\/\/defabrica.com.mx\/defabrica\/wp-json\/wp\/v2\/media?parent=92022"}],"wp:term":[{"taxonomy":"product_brand","embeddable":true,"href":"https:\/\/defabrica.com.mx\/defabrica\/wp-json\/wp\/v2\/product_brand?post=92022"},{"taxonomy":"product_cat","embeddable":true,"href":"https:\/\/defabrica.com.mx\/defabrica\/wp-json\/wp\/v2\/product_cat?post=92022"},{"taxonomy":"product_tag","embeddable":true,"href":"https:\/\/defabrica.com.mx\/defabrica\/wp-json\/wp\/v2\/product_tag?post=92022"}],"curies":[{"name":"wp","href":"https:\/\/api.w.org\/{rel}","templated":true}]}}