{"id":92018,"date":"2022-07-21T15:00:39","date_gmt":"2022-07-21T20:00:39","guid":{"rendered":"https:\/\/defabrica.com.mx\/defabrica\/?post_type=product&#038;p=92018"},"modified":"2022-07-21T15:00:39","modified_gmt":"2022-07-21T20:00:39","slug":"ultimate-chicken-horse-edicion-a-neigh-versary-nintendo-switch","status":"publish","type":"product","link":"https:\/\/defabrica.com.mx\/defabrica\/producto\/ultimate-chicken-horse-edicion-a-neigh-versary-nintendo-switch\/","title":{"rendered":"Ultimate Chicken Horse Edici\u00f3n A-Neigh-Versary &#8211; Nintendo Switch"},"content":{"rendered":"<p><span>\u00bfAlguna vez dese\u00f3 ser un caballo que salta paredes, esquiva flechas y coloca trampas, superando a sus amigos animales en una carrera a trav\u00e9s de una carrera de obst\u00e1culos llena de peligros que todos ustedes construyeron juntos?\u00a0<\/span><span>\u00a1Deseo concedido!\u00a0<\/span><span>Ultimate Chicken Horse es un juego de plataformas para fiestas en el que t\u00fa y tus amigos construyen el nivel mientras juegan, colocando trampas mortales antes de intentar llegar al final del nivel.<\/span><\/p>\n<h3 class=\"heading-5 v-fw-regular feature-heading\"><strong>Caracter\u00edsticas<\/strong><\/h3>\n<ul>\n<li><strong>Juego en l\u00ednea* y local para hasta 4 jugadores<\/strong><\/li>\n<li><strong>Flujo de juego \u00fanico, desde la colocaci\u00f3n estrat\u00e9gica de bloques hasta las plataformas de control de contracci\u00f3n<\/strong><\/li>\n<li><strong>17 niveles con caracter\u00edsticas de juego \u00fanicas<\/strong><\/li>\n<li><strong>Crea y comparte niveles personalizados<\/strong><\/li>\n<li><strong>Compite por los mejores tiempos globales en niveles de Desaf\u00edo en todas las plataformas<\/strong><\/li>\n<li><strong>Enorme biblioteca de bloques para crear una variedad infinita de niveles<\/strong><\/li>\n<li><strong>Conjuntos de reglas y modos de juego personalizables<\/strong><\/li>\n<li><strong>Modo de controlador compartido para jugar multijugador con un controlador<\/strong><\/li>\n<li><strong>Dulce banda sonora funky<\/strong><\/li>\n<li><strong>Incluye un llavero de pollo, un c\u00f3digo de banda sonora digital y un folleto de compendio de Ultimate Chicken Horse<\/strong><\/li>\n<\/ul>\n","protected":false},"excerpt":{"rendered":"<p>\u00bfAlguna vez dese\u00f3 ser un caballo que salta paredes, esquiva flechas y coloca trampas, superando a sus amigos animales en una carrera a trav\u00e9s de una carrera de obst\u00e1culos llena<\/p>\n","protected":false},"featured_media":92019,"comment_status":"open","ping_status":"closed","template":"","meta":{"_acf_changed":false,"_joinchat":[]},"product_brand":[],"product_cat":[277,894],"product_tag":[],"class_list":{"0":"post-92018","1":"product","2":"type-product","3":"status-publish","4":"has-post-thumbnail","6":"product_cat-zona-gamer","7":"product_cat-videojuegos","9":"first","10":"instock","11":"sale","12":"shipping-taxable","13":"purchasable","14":"product-type-simple"},"acf":[],"_links":{"self":[{"href":"https:\/\/defabrica.com.mx\/defabrica\/wp-json\/wp\/v2\/product\/92018","targetHints":{"allow":["GET"]}}],"collection":[{"href":"https:\/\/defabrica.com.mx\/defabrica\/wp-json\/wp\/v2\/product"}],"about":[{"href":"https:\/\/defabrica.com.mx\/defabrica\/wp-json\/wp\/v2\/types\/product"}],"replies":[{"embeddable":true,"href":"https:\/\/defabrica.com.mx\/defabrica\/wp-json\/wp\/v2\/comments?post=92018"}],"wp:featuredmedia":[{"embeddable":true,"href":"https:\/\/defabrica.com.mx\/defabrica\/wp-json\/wp\/v2\/media\/92019"}],"wp:attachment":[{"href":"https:\/\/defabrica.com.mx\/defabrica\/wp-json\/wp\/v2\/media?parent=92018"}],"wp:term":[{"taxonomy":"product_brand","embeddable":true,"href":"https:\/\/defabrica.com.mx\/defabrica\/wp-json\/wp\/v2\/product_brand?post=92018"},{"taxonomy":"product_cat","embeddable":true,"href":"https:\/\/defabrica.com.mx\/defabrica\/wp-json\/wp\/v2\/product_cat?post=92018"},{"taxonomy":"product_tag","embeddable":true,"href":"https:\/\/defabrica.com.mx\/defabrica\/wp-json\/wp\/v2\/product_tag?post=92018"}],"curies":[{"name":"wp","href":"https:\/\/api.w.org\/{rel}","templated":true}]}}