{"id":92014,"date":"2022-07-21T14:54:05","date_gmt":"2022-07-21T19:54:05","guid":{"rendered":"https:\/\/defabrica.com.mx\/defabrica\/?post_type=product&#038;p=92014"},"modified":"2023-01-19T11:04:32","modified_gmt":"2023-01-19T17:04:32","slug":"instant-sports-plus-playstation-5","status":"publish","type":"product","link":"https:\/\/defabrica.com.mx\/defabrica\/producto\/instant-sports-plus-playstation-5\/","title":{"rendered":"Instant Sports Plus &#8211; PlayStation 5"},"content":{"rendered":"<div class=\"embedded-component-container lv product-description\">\n<div>\n<div id=\"shop-product-description-16614495\" class=\"_none\" data-version=\"1.3.46\">\n<div class=\"shop-product-description\">\n<section class=\"align-heading-left\" data-reactroot=\"\">\n<div class=\"long-description-container body-copy \">\n<div class=\"html-fragment\">Instant Sports Plus es la experiencia m\u00e1s completa de Instant Sports.\u00a0\u00a1Disfruta de 15 deportes y actividades hasta con 4 jugadores locales!<\/div>\n<\/div>\n<\/section>\n<\/div>\n<\/div>\n<\/div>\n<\/div>\n<div class=\"embedded-component-container lv product-features\">\n<h3><\/h3>\n<h3 class=\"heading-5 v-fw-regular feature-heading\"><strong>Caracter\u00edsticas<\/strong><\/h3>\n<ul>\n<li><strong>Cooperaci\u00f3n y competencia: \u00a1Juega con o contra tus amigos y familiares en cualquier INSTANTE!<\/strong><\/li>\n<li><strong>Deportivo, aventurero o simplemente relajante: te esperan 15 deportes, minijuegos y actividades, que incluyen jetski, hidroavi\u00f3n, bolos, wok, f\u00fatbol, \u200b\u200bm\u00e1quina de hielo, ping-pong y muchos m\u00e1s.<\/strong><\/li>\n<li><strong>Formas \u00fanicas de jugar: \u00a1Use el control de movimiento (Nintendo Switch) o activadores adaptativos (PlayStation 5) para disfrutar de una experiencia de juego original!<\/strong><\/li>\n<li><strong>Plug &amp; Play: \u00a1Visita una isla llena de contenido o simplemente ve directamente a trav\u00e9s de un men\u00fa r\u00e1pido a tus juegos favoritos para divertirte AL INSTANTE!<\/strong><\/li>\n<li><strong>Modo espejo: disfruta de muchas pistas en una direcci\u00f3n&#8230; \u00a1o en la otra!<\/strong><\/li>\n<\/ul>\n<\/div>\n","protected":false},"excerpt":{"rendered":"<p>Instant Sports Plus es la experiencia m\u00e1s completa de Instant Sports.\u00a0\u00a1Disfruta de 15 deportes y actividades hasta con 4 jugadores locales! Caracter\u00edsticas Cooperaci\u00f3n y competencia: \u00a1Juega con o contra tus<\/p>\n","protected":false},"featured_media":92015,"comment_status":"open","ping_status":"closed","template":"","meta":{"_acf_changed":false,"_joinchat":[]},"product_brand":[],"product_cat":[277,894],"product_tag":[],"class_list":{"0":"post-92014","1":"product","2":"type-product","3":"status-publish","4":"has-post-thumbnail","6":"product_cat-zona-gamer","7":"product_cat-videojuegos","9":"first","10":"instock","11":"sale","12":"shipping-taxable","13":"purchasable","14":"product-type-simple"},"acf":[],"_links":{"self":[{"href":"https:\/\/defabrica.com.mx\/defabrica\/wp-json\/wp\/v2\/product\/92014","targetHints":{"allow":["GET"]}}],"collection":[{"href":"https:\/\/defabrica.com.mx\/defabrica\/wp-json\/wp\/v2\/product"}],"about":[{"href":"https:\/\/defabrica.com.mx\/defabrica\/wp-json\/wp\/v2\/types\/product"}],"replies":[{"embeddable":true,"href":"https:\/\/defabrica.com.mx\/defabrica\/wp-json\/wp\/v2\/comments?post=92014"}],"wp:featuredmedia":[{"embeddable":true,"href":"https:\/\/defabrica.com.mx\/defabrica\/wp-json\/wp\/v2\/media\/92015"}],"wp:attachment":[{"href":"https:\/\/defabrica.com.mx\/defabrica\/wp-json\/wp\/v2\/media?parent=92014"}],"wp:term":[{"taxonomy":"product_brand","embeddable":true,"href":"https:\/\/defabrica.com.mx\/defabrica\/wp-json\/wp\/v2\/product_brand?post=92014"},{"taxonomy":"product_cat","embeddable":true,"href":"https:\/\/defabrica.com.mx\/defabrica\/wp-json\/wp\/v2\/product_cat?post=92014"},{"taxonomy":"product_tag","embeddable":true,"href":"https:\/\/defabrica.com.mx\/defabrica\/wp-json\/wp\/v2\/product_tag?post=92014"}],"curies":[{"name":"wp","href":"https:\/\/api.w.org\/{rel}","templated":true}]}}