{"id":92007,"date":"2022-07-21T14:51:01","date_gmt":"2022-07-21T19:51:01","guid":{"rendered":"https:\/\/defabrica.com.mx\/defabrica\/?post_type=product&#038;p=92007"},"modified":"2022-07-21T14:51:01","modified_gmt":"2022-07-21T19:51:01","slug":"edicion-mejorada-de-spirit-of-the-north-playstation-5","status":"publish","type":"product","link":"https:\/\/defabrica.com.mx\/defabrica\/producto\/edicion-mejorada-de-spirit-of-the-north-playstation-5\/","title":{"rendered":"Edici\u00f3n mejorada de Spirit of the North &#8211; PlayStation 5"},"content":{"rendered":"<p><span>Spirit of the North: Edici\u00f3n mejorada es un juego de aventuras en tercera persona para un solo jugador inspirado en los impresionantes y misteriosos paisajes de Islandia. <\/span><span>La historia se basa en varias piezas del folclore n\u00f3rdico.\u00a0<\/span><span>Juega como un zorro ordinario cuya historia se entrelaza con The Guardian of the Northern Lights, un zorro esp\u00edritu m\u00e1gico.\u00a0<\/span><span>Mientras viajas por las monta\u00f1as y bajo cielos te\u00f1idos de rojo, descubrir\u00e1s m\u00e1s sobre tu compa\u00f1ero y una tierra que qued\u00f3 en ruinas.\u00a0<\/span><span>Dise\u00f1ado de manera \u00fanica para no tener di\u00e1logo ni narraci\u00f3n.<\/span><\/p>\n<h3 class=\"heading-5 v-fw-regular feature-heading\"><strong>Caracter\u00edsticas<\/strong><\/h3>\n<ul>\n<li><strong>Explora el mundo con 2 m\u00e1scaras nuevas y exclusivas de la plataforma.<\/strong><\/li>\n<li><strong>Sum\u00e9rgete en una inmersi\u00f3n total mientras te abres camino a trav\u00e9s de impresionantes paisajes de 4k, completos con texturas, iluminaci\u00f3n y objetos remasterizados, completos en 60FPS.<\/strong><\/li>\n<li><strong>Resuelve acertijos ambientales para cambiar el mundo que te rodea, utilizando los poderes antiguos que te otorg\u00f3 The Guardian of the Northern Lights.<\/strong><\/li>\n<li><strong>Sigue al misterioso Spirit Fox a trav\u00e9s de una tierra en ruinas mientras descubres m\u00e1s sobre una civilizaci\u00f3n perdida.<\/strong><\/li>\n<li><strong>Conmovedora banda sonora orquestal con 14 composiciones originales.<\/strong><\/li>\n<\/ul>\n","protected":false},"excerpt":{"rendered":"<p>Spirit of the North: Edici\u00f3n mejorada es un juego de aventuras en tercera persona para un solo jugador inspirado en los impresionantes y misteriosos paisajes de Islandia. La historia se<\/p>\n","protected":false},"featured_media":92012,"comment_status":"open","ping_status":"closed","template":"","meta":{"_acf_changed":false,"_joinchat":[]},"product_brand":[],"product_cat":[277,894],"product_tag":[],"class_list":{"0":"post-92007","1":"product","2":"type-product","3":"status-publish","4":"has-post-thumbnail","6":"product_cat-zona-gamer","7":"product_cat-videojuegos","9":"first","10":"instock","11":"sale","12":"shipping-taxable","13":"purchasable","14":"product-type-simple"},"acf":[],"_links":{"self":[{"href":"https:\/\/defabrica.com.mx\/defabrica\/wp-json\/wp\/v2\/product\/92007","targetHints":{"allow":["GET"]}}],"collection":[{"href":"https:\/\/defabrica.com.mx\/defabrica\/wp-json\/wp\/v2\/product"}],"about":[{"href":"https:\/\/defabrica.com.mx\/defabrica\/wp-json\/wp\/v2\/types\/product"}],"replies":[{"embeddable":true,"href":"https:\/\/defabrica.com.mx\/defabrica\/wp-json\/wp\/v2\/comments?post=92007"}],"wp:featuredmedia":[{"embeddable":true,"href":"https:\/\/defabrica.com.mx\/defabrica\/wp-json\/wp\/v2\/media\/92012"}],"wp:attachment":[{"href":"https:\/\/defabrica.com.mx\/defabrica\/wp-json\/wp\/v2\/media?parent=92007"}],"wp:term":[{"taxonomy":"product_brand","embeddable":true,"href":"https:\/\/defabrica.com.mx\/defabrica\/wp-json\/wp\/v2\/product_brand?post=92007"},{"taxonomy":"product_cat","embeddable":true,"href":"https:\/\/defabrica.com.mx\/defabrica\/wp-json\/wp\/v2\/product_cat?post=92007"},{"taxonomy":"product_tag","embeddable":true,"href":"https:\/\/defabrica.com.mx\/defabrica\/wp-json\/wp\/v2\/product_tag?post=92007"}],"curies":[{"name":"wp","href":"https:\/\/api.w.org\/{rel}","templated":true}]}}