{"id":92001,"date":"2022-07-21T14:45:47","date_gmt":"2022-07-21T19:45:47","guid":{"rendered":"https:\/\/defabrica.com.mx\/defabrica\/?post_type=product&#038;p=92001"},"modified":"2022-07-21T14:45:47","modified_gmt":"2022-07-21T19:45:47","slug":"skul-the-hero-slayer-nintendo-switch","status":"publish","type":"product","link":"https:\/\/defabrica.com.mx\/defabrica\/producto\/skul-the-hero-slayer-nintendo-switch\/","title":{"rendered":"Skul: The Hero Slayer &#8211; Nintendo Switch"},"content":{"rendered":"<div class=\"embedded-component-container lv product-description\">\n<div>\n<div id=\"shop-product-description-95953139\" class=\"_none\" data-version=\"1.3.46\">\n<div class=\"shop-product-description\">\n<section class=\"align-heading-left\" data-reactroot=\"\">\n<div class=\"long-description-container body-copy \">\n<div class=\"html-fragment\"><span>Gu\u00eda a &#8216;Skul&#8217; en su b\u00fasqueda para enfrentarse sin ayuda al ej\u00e9rcito imperial y rescatar a su rey del cautiverio, en un juego de plataformas 2D rogue-lite repleto de acci\u00f3n para todas las edades.<\/span><\/div>\n<\/div>\n<\/section>\n<\/div>\n<\/div>\n<\/div>\n<\/div>\n<div class=\"embedded-component-container lv product-features\">\n<h3><\/h3>\n<h3 class=\"heading-5 v-fw-regular feature-heading\"><strong>Caracter\u00edsticas<\/strong><\/h3>\n<ul>\n<li><strong>El castillo del rey demonio en ruinas<\/strong><br \/>\nLa raza humana que ataca el castillo del Rey Demonio no es nada nuevo y ha sucedido innumerables veces antes.<\/li>\n<li><strong>Acci\u00f3n de plataformas de desplazamiento lateral<\/strong><br \/>\nSkul: The Hero Slayer&#8217; es un juego de plataformas de acci\u00f3n que cuenta con caracter\u00edsticas de p\u00edcaro, como mapas desafiantes y en constante cambio. Te mantendr\u00e1 alerta, ya que nunca sabr\u00e1s qu\u00e9 esperar.<\/li>\n<li><strong>Toneladas de calaveras, toneladas de personajes jugables<\/strong><br \/>\nSkul no es un esqueleto ordinario. Adem\u00e1s de sus formidables habilidades de lucha, puede obtener habilidades nuevas y emocionantes seg\u00fan el cr\u00e1neo que lleve puesto. Usa hasta 2 calaveras a la vez, cada una de las cuales tiene su propio rango de ataque, velocidad y poder \u00fanicos.<\/li>\n<li><strong>los aventureros<\/strong><br \/>\n\u00a1Skul se ha cruzado con un grupo de aventureros! Son enemigos poderosos que cazan demonios por deporte. Si bien Skul puede ser peque\u00f1o, todav\u00eda tiene un gran impacto. As\u00ed que espera y ver\u00e1s qui\u00e9n es realmente el cazador y qui\u00e9n es el cazado&#8230;<\/li>\n<li><strong>Jefes corrompidos por cuarzo oscuro<\/strong><br \/>\nAl final de cada cap\u00edtulo, enfr\u00e9ntate cara a cara con jefes masivos corrompidos con Dark Quartz y poderosos m\u00e1s all\u00e1 de lo cre\u00edble. Derivado del dolor y el odio de la vida misma, Dark Quartz contamina y toma el control de todo lo que toca.<\/li>\n<\/ul>\n<\/div>\n","protected":false},"excerpt":{"rendered":"<p>Gu\u00eda a &#8216;Skul&#8217; en su b\u00fasqueda para enfrentarse sin ayuda al ej\u00e9rcito imperial y rescatar a su rey del cautiverio, en un juego de plataformas 2D rogue-lite repleto de acci\u00f3n<\/p>\n","protected":false},"featured_media":92002,"comment_status":"open","ping_status":"closed","template":"","meta":{"_acf_changed":false,"_joinchat":[]},"product_brand":[],"product_cat":[277,894],"product_tag":[],"class_list":{"0":"post-92001","1":"product","2":"type-product","3":"status-publish","4":"has-post-thumbnail","6":"product_cat-zona-gamer","7":"product_cat-videojuegos","9":"first","10":"instock","11":"sale","12":"shipping-taxable","13":"purchasable","14":"product-type-simple"},"acf":[],"_links":{"self":[{"href":"https:\/\/defabrica.com.mx\/defabrica\/wp-json\/wp\/v2\/product\/92001","targetHints":{"allow":["GET"]}}],"collection":[{"href":"https:\/\/defabrica.com.mx\/defabrica\/wp-json\/wp\/v2\/product"}],"about":[{"href":"https:\/\/defabrica.com.mx\/defabrica\/wp-json\/wp\/v2\/types\/product"}],"replies":[{"embeddable":true,"href":"https:\/\/defabrica.com.mx\/defabrica\/wp-json\/wp\/v2\/comments?post=92001"}],"wp:featuredmedia":[{"embeddable":true,"href":"https:\/\/defabrica.com.mx\/defabrica\/wp-json\/wp\/v2\/media\/92002"}],"wp:attachment":[{"href":"https:\/\/defabrica.com.mx\/defabrica\/wp-json\/wp\/v2\/media?parent=92001"}],"wp:term":[{"taxonomy":"product_brand","embeddable":true,"href":"https:\/\/defabrica.com.mx\/defabrica\/wp-json\/wp\/v2\/product_brand?post=92001"},{"taxonomy":"product_cat","embeddable":true,"href":"https:\/\/defabrica.com.mx\/defabrica\/wp-json\/wp\/v2\/product_cat?post=92001"},{"taxonomy":"product_tag","embeddable":true,"href":"https:\/\/defabrica.com.mx\/defabrica\/wp-json\/wp\/v2\/product_tag?post=92001"}],"curies":[{"name":"wp","href":"https:\/\/api.w.org\/{rel}","templated":true}]}}