{"id":91986,"date":"2022-07-21T14:33:39","date_gmt":"2022-07-21T19:33:39","guid":{"rendered":"https:\/\/defabrica.com.mx\/defabrica\/?post_type=product&#038;p=91986"},"modified":"2023-01-19T11:01:17","modified_gmt":"2023-01-19T17:01:17","slug":"edicion-estandar-de-forza-horizon-5-xbox-one-xbox-series-x","status":"publish","type":"product","link":"https:\/\/defabrica.com.mx\/defabrica\/producto\/edicion-estandar-de-forza-horizon-5-xbox-one-xbox-series-x\/","title":{"rendered":"Edici\u00f3n est\u00e1ndar de Forza Horizon 5: Xbox One, Xbox Series X"},"content":{"rendered":"<p>Lidera impresionantes expediciones a trav\u00e9s de los paisajes vibrantes y en constante evoluci\u00f3n del mundo abierto de M\u00e9xico con acci\u00f3n de conducci\u00f3n ilimitada y divertida en cientos de los mejores autos del mundo.<\/p>\n<h3 class=\"heading-5 v-fw-regular feature-heading\"><strong>Caracter\u00edsticas<\/strong><\/h3>\n<ul>\n<li><strong>Esta es tu aventura horizonte<\/strong><br \/>\nLidera impresionantes expediciones a trav\u00e9s de los paisajes vibrantes y en constante evoluci\u00f3n del mundo abierto de M\u00e9xico con acci\u00f3n de conducci\u00f3n ilimitada y divertida en cientos de los mejores autos del mundo.<\/li>\n<li><strong>Este es un mundo abierto diverso.<\/strong><br \/>\nExplore un mundo de sorprendente contraste y belleza. Descubra desiertos vivientes, selvas exuberantes, ciudades hist\u00f3ricas, ruinas escondidas, playas v\u00edrgenes, vastos ca\u00f1ones y un imponente volc\u00e1n cubierto de nieve.<\/li>\n<li><strong>Este es un mundo abierto lleno de aventuras.<\/strong><br \/>\nSum\u00e9rjase en una campa\u00f1a profunda con cientos de desaf\u00edos que lo recompensan por participar en las actividades que ama. Conoce nuevos personajes y elige los resultados de sus misiones de Horizon Story.<\/li>\n<li><strong>Este es un mundo abierto en evoluci\u00f3n.<\/strong><br \/>\nEnfr\u00e9ntate a impresionantes eventos meteorol\u00f3gicos, como imponentes tormentas de polvo e intensas tormentas tropicales, mientras las estaciones \u00fanicas y din\u00e1micas de M\u00e9xico cambian el mundo cada semana.<\/li>\n<li><strong>Sigue regresando para ver nuevos eventos, desaf\u00edos, coleccionables y recompensas, y nuevas \u00e1reas para explorar. Nunca habr\u00e1 dos temporadas iguales.<\/strong><\/li>\n<li><strong>Este es un mundo social abierto.<\/strong><br \/>\nForme un equipo con otros jugadores e ingrese a Horizon Arcade para una serie continua de desaf\u00edos divertidos y exagerados que los mantienen a usted y a sus amigos en la acci\u00f3n y divirti\u00e9ndose sin men\u00fas, pantallas de carga o lobbies.<\/li>\n<li><strong>Conoce nuevos amigos en Horizon Open and Tours y comparte tus creaciones con nuevos regalos comunitarios. (En la consola se requiere Xbox Game Pass Ultimate o Xbox Live Gold, las membres\u00edas se venden por separado).<\/strong><\/li>\n<li><strong>Este es tu mundo abierto<\/strong><br \/>\nCrea tus propias expresiones de diversi\u00f3n con el nuevo y poderoso conjunto de herramientas de juego de EventLab, que incluye carreras personalizadas, desaf\u00edos, acrobacias y modos de juego completamente nuevos.<\/li>\n<li><strong>Personaliza tus autos de m\u00e1s formas que nunca con nuevas opciones, como la capacidad de abrir y cerrar techos convertibles, pintar pinzas de freno y m\u00e1s. Utilice la nueva funci\u00f3n Obsequios para compartir sus creaciones personalizadas con la comunidad.<\/strong><\/li>\n<li><strong>esto es horizonte 5<\/strong><br \/>\nJuega en las consolas Xbox Series X y Xbox One. Con Xbox Game Pass Ultimate, desc\u00e1rguelo y juegue directamente en su consola Xbox o PC con Windows 10, o juegue juegos en su tel\u00e9fono m\u00f3vil o tableta Android desde la nube con la aplicaci\u00f3n m\u00f3vil Xbox Game Pass (en las regiones donde est\u00e9 disponible).<\/li>\n<\/ul>\n","protected":false},"excerpt":{"rendered":"<p>Lidera impresionantes expediciones a trav\u00e9s de los paisajes vibrantes y en constante evoluci\u00f3n del mundo abierto de M\u00e9xico con acci\u00f3n de conducci\u00f3n ilimitada y divertida en cientos de los mejores<\/p>\n","protected":false},"featured_media":91987,"comment_status":"open","ping_status":"closed","template":"","meta":{"_acf_changed":false,"_joinchat":[]},"product_brand":[],"product_cat":[277,894],"product_tag":[],"class_list":{"0":"post-91986","1":"product","2":"type-product","3":"status-publish","4":"has-post-thumbnail","6":"product_cat-zona-gamer","7":"product_cat-videojuegos","9":"first","10":"instock","11":"sale","12":"shipping-taxable","13":"purchasable","14":"product-type-simple"},"acf":[],"_links":{"self":[{"href":"https:\/\/defabrica.com.mx\/defabrica\/wp-json\/wp\/v2\/product\/91986","targetHints":{"allow":["GET"]}}],"collection":[{"href":"https:\/\/defabrica.com.mx\/defabrica\/wp-json\/wp\/v2\/product"}],"about":[{"href":"https:\/\/defabrica.com.mx\/defabrica\/wp-json\/wp\/v2\/types\/product"}],"replies":[{"embeddable":true,"href":"https:\/\/defabrica.com.mx\/defabrica\/wp-json\/wp\/v2\/comments?post=91986"}],"wp:featuredmedia":[{"embeddable":true,"href":"https:\/\/defabrica.com.mx\/defabrica\/wp-json\/wp\/v2\/media\/91987"}],"wp:attachment":[{"href":"https:\/\/defabrica.com.mx\/defabrica\/wp-json\/wp\/v2\/media?parent=91986"}],"wp:term":[{"taxonomy":"product_brand","embeddable":true,"href":"https:\/\/defabrica.com.mx\/defabrica\/wp-json\/wp\/v2\/product_brand?post=91986"},{"taxonomy":"product_cat","embeddable":true,"href":"https:\/\/defabrica.com.mx\/defabrica\/wp-json\/wp\/v2\/product_cat?post=91986"},{"taxonomy":"product_tag","embeddable":true,"href":"https:\/\/defabrica.com.mx\/defabrica\/wp-json\/wp\/v2\/product_tag?post=91986"}],"curies":[{"name":"wp","href":"https:\/\/api.w.org\/{rel}","templated":true}]}}