{"id":91979,"date":"2022-07-21T14:29:13","date_gmt":"2022-07-21T19:29:13","guid":{"rendered":"https:\/\/defabrica.com.mx\/defabrica\/?post_type=product&#038;p=91979"},"modified":"2022-07-21T14:29:13","modified_gmt":"2022-07-21T19:29:13","slug":"edicion-estandar-de-forza-horizon-4-xbox-one-xbox-series-x","status":"publish","type":"product","link":"https:\/\/defabrica.com.mx\/defabrica\/producto\/edicion-estandar-de-forza-horizon-4-xbox-one-xbox-series-x\/","title":{"rendered":"Edici\u00f3n est\u00e1ndar de Forza Horizon 4: Xbox One, Xbox Series X"},"content":{"rendered":"<p><span>Las estaciones din\u00e1micas cambian todo en este gran festival automotriz.\u00a0<\/span><span>Vaya solo o forme un equipo con otros para explorar la hermosa e hist\u00f3rica Gran Breta\u00f1a en un mundo abierto compartido.\u00a0<\/span><span>Colecciona, modifica y conduce m\u00e1s de 450 coches.\u00a0<\/span><span>Corre, haz acrobacias, crea y explora: elige tu propio camino para convertirte en una superestrella de Horizon.<\/span><\/p>\n<h3 class=\"heading-5 v-fw-regular feature-heading\"><strong>Caracter\u00edsticas<\/strong><\/h3>\n<ul>\n<li><strong>Explore la hermosa e hist\u00f3rica Gran Breta\u00f1a: descubra lagos, valles, castillos y paisajes impresionantes en HDR deslumbrante y 4K nativo en Xbox One X. Esta es Gran Breta\u00f1a como nunca la ha visto<\/strong><\/li>\n<li><strong>Las estaciones lo cambian todo: domina la conducci\u00f3n en condiciones secas, h\u00famedas, fangosas, nevadas y heladas en un mundo compartido donde todos experimentan cambios en la hora del d\u00eda, el clima y las estaciones juntos<\/strong><\/li>\n<li><strong>Re\u00fana, modifique y conduzca m\u00e1s de 450 autos: disfrute de una amplia y diversa lista de autos Horizon, que incluye m\u00e1s de 100 fabricantes con licencia<\/strong><\/li>\n<li><strong>Compite, haz acrobacias, crea, explora: en la nueva campa\u00f1a abierta, todo lo que haces hace progresar tu juego. Elige tu camino para convertirte en una superestrella de Horizon<\/strong><\/li>\n<li><strong>Ve solo o en equipo: juega solo o en equipo. \u00danete a equipos multijugador o equipos clasificados<\/strong><\/li>\n<li><strong>Para 1 jugador y soporte multijugador<\/strong><\/li>\n<li><strong>Juega en Xbox Series X y Xbox One<\/strong><\/li>\n<\/ul>\n","protected":false},"excerpt":{"rendered":"<p>Las estaciones din\u00e1micas cambian todo en este gran festival automotriz.\u00a0Vaya solo o forme un equipo con otros para explorar la hermosa e hist\u00f3rica Gran Breta\u00f1a en un mundo abierto compartido.\u00a0Colecciona,<\/p>\n","protected":false},"featured_media":91981,"comment_status":"open","ping_status":"closed","template":"","meta":{"_acf_changed":false,"_joinchat":[]},"product_brand":[],"product_cat":[277,894],"product_tag":[],"class_list":{"0":"post-91979","1":"product","2":"type-product","3":"status-publish","4":"has-post-thumbnail","6":"product_cat-zona-gamer","7":"product_cat-videojuegos","9":"first","10":"instock","11":"sale","12":"shipping-taxable","13":"purchasable","14":"product-type-simple"},"acf":[],"_links":{"self":[{"href":"https:\/\/defabrica.com.mx\/defabrica\/wp-json\/wp\/v2\/product\/91979","targetHints":{"allow":["GET"]}}],"collection":[{"href":"https:\/\/defabrica.com.mx\/defabrica\/wp-json\/wp\/v2\/product"}],"about":[{"href":"https:\/\/defabrica.com.mx\/defabrica\/wp-json\/wp\/v2\/types\/product"}],"replies":[{"embeddable":true,"href":"https:\/\/defabrica.com.mx\/defabrica\/wp-json\/wp\/v2\/comments?post=91979"}],"wp:featuredmedia":[{"embeddable":true,"href":"https:\/\/defabrica.com.mx\/defabrica\/wp-json\/wp\/v2\/media\/91981"}],"wp:attachment":[{"href":"https:\/\/defabrica.com.mx\/defabrica\/wp-json\/wp\/v2\/media?parent=91979"}],"wp:term":[{"taxonomy":"product_brand","embeddable":true,"href":"https:\/\/defabrica.com.mx\/defabrica\/wp-json\/wp\/v2\/product_brand?post=91979"},{"taxonomy":"product_cat","embeddable":true,"href":"https:\/\/defabrica.com.mx\/defabrica\/wp-json\/wp\/v2\/product_cat?post=91979"},{"taxonomy":"product_tag","embeddable":true,"href":"https:\/\/defabrica.com.mx\/defabrica\/wp-json\/wp\/v2\/product_tag?post=91979"}],"curies":[{"name":"wp","href":"https:\/\/api.w.org\/{rel}","templated":true}]}}