{"id":91973,"date":"2022-07-21T14:24:44","date_gmt":"2022-07-21T19:24:44","guid":{"rendered":"https:\/\/defabrica.com.mx\/defabrica\/?post_type=product&#038;p=91973"},"modified":"2023-01-19T10:59:58","modified_gmt":"2023-01-19T16:59:58","slug":"edicion-estandar-de-gears-5-xbox-one-xbox-series-x","status":"publish","type":"product","link":"https:\/\/defabrica.com.mx\/defabrica\/producto\/edicion-estandar-de-gears-5-xbox-one-xbox-series-x\/","title":{"rendered":"Edici\u00f3n est\u00e1ndar de Gears 5: Xbox One, Xbox Series X"},"content":{"rendered":"<div class=\"embedded-component-container lv product-description\">\n<div>\n<div id=\"shop-product-description-87501814\" class=\"_none\" data-version=\"1.3.46\">\n<div class=\"shop-product-description\">\n<section class=\"align-heading-left\" data-reactroot=\"\">\n<div class=\"long-description-container body-copy \">\n<div class=\"html-fragment\">De una de las sagas de juegos m\u00e1s aclamadas, la c\u00e9lebre campa\u00f1a de Gears 5 y el multijugador renovado est\u00e1n optimizados con nuevas caracter\u00edsticas para la actualizaci\u00f3n de Xbox Series X.\u00a0Con la guerra total descendiendo, Kait Diaz se separa para descubrir su conexi\u00f3n con el enemigo y descubre el verdadero peligro para Sera: ella misma.<\/div>\n<\/div>\n<\/section>\n<\/div>\n<\/div>\n<\/div>\n<\/div>\n<div>\n<h3><\/h3>\n<h3 class=\"heading-5 v-fw-regular feature-heading\"><strong>Caracter\u00edsticas<\/strong><\/h3>\n<ul>\n<li><strong>Engranajes 5 &#8211; Edici\u00f3n est\u00e1ndar<\/strong><br \/>\nDe una de las sagas de juegos m\u00e1s aclamadas, la c\u00e9lebre campa\u00f1a de Gears 5 y el multijugador renovado est\u00e1n optimizados con nuevas caracter\u00edsticas para la actualizaci\u00f3n de Xbox Series X.<\/li>\n<li><strong>Campa\u00f1a<\/strong><br \/>\nCon la guerra total descendiendo, Kait Diaz se separa para descubrir su conexi\u00f3n con el enemigo y descubre el verdadero peligro para Sera: ella misma. Las nuevas caracter\u00edsticas de la campa\u00f1a te permiten llevar tu personaje y las m\u00e1scaras de armas a nuevas partidas y disfrutar de dificultades y modificadores adicionales.<\/li>\n<li><strong>Optimizado para Xbox Series X<\/strong><br \/>\nGears 5 se actualiz\u00f3 para aprovechar Xbox Series X, que incluye: tiempos de carga reducidos, reanudaci\u00f3n instant\u00e1nea, 120 FPS en Versus y frecuencias de actualizaci\u00f3n variables. Adem\u00e1s, experimente im\u00e1genes 4K HDR Ultra en Xbox Series X. Juega en Xbox Series X y Xbox One.<\/li>\n<li><strong>Versus y Horda<\/strong><br \/>\n\u00a1Que gane el mejor equipo en PvP! Con nuevos modos y contenido desde el lanzamiento, Versus recompensa todos los estilos competitivos, desde casual hasta profesional. En PvE, lucha cooperativamente para sobrevivir. Elige tu personaje, elige tu clase y ag\u00e1chate en Horda o avanza en Escape.<\/li>\n<li><strong>Campa\u00f1a cooperativa para tres jugadores<\/strong><br \/>\nLucha junto a tus amigos en modo cooperativo de tres jugadores en l\u00ednea o en pantalla dividida.<\/li>\n<li><strong>Entrega inteligente de Xbox<\/strong><br \/>\nCompre una copia de Gears 5 para su consola y descargue autom\u00e1ticamente la versi\u00f3n optimizada para su dispositivo de forma gratuita, incluso para Xbox Series X.<\/li>\n<li><strong>Juegos accesibles para todos<\/strong><br \/>\nPersonalice su experiencia de juego con funciones de accesibilidad actualizadas, que incluyen la reasignaci\u00f3n completa del controlador, el movimiento de un solo joystick, la compatibilidad con el controlador adaptable, la interfaz de usuario y los men\u00fas narrados, los subt\u00edtulos mejorados y m\u00e1s.<\/li>\n<\/ul>\n<\/div>\n","protected":false},"excerpt":{"rendered":"<p>De una de las sagas de juegos m\u00e1s aclamadas, la c\u00e9lebre campa\u00f1a de Gears 5 y el multijugador renovado est\u00e1n optimizados con nuevas caracter\u00edsticas para la actualizaci\u00f3n de Xbox Series<\/p>\n","protected":false},"featured_media":91974,"comment_status":"open","ping_status":"closed","template":"","meta":{"_acf_changed":false,"_joinchat":[]},"product_brand":[],"product_cat":[1515,277,894],"product_tag":[],"class_list":{"0":"post-91973","1":"product","2":"type-product","3":"status-publish","4":"has-post-thumbnail","6":"product_cat-ofetas-zonagamer","7":"product_cat-zona-gamer","8":"product_cat-videojuegos","10":"first","11":"instock","12":"sale","13":"shipping-taxable","14":"purchasable","15":"product-type-simple"},"acf":[],"_links":{"self":[{"href":"https:\/\/defabrica.com.mx\/defabrica\/wp-json\/wp\/v2\/product\/91973","targetHints":{"allow":["GET"]}}],"collection":[{"href":"https:\/\/defabrica.com.mx\/defabrica\/wp-json\/wp\/v2\/product"}],"about":[{"href":"https:\/\/defabrica.com.mx\/defabrica\/wp-json\/wp\/v2\/types\/product"}],"replies":[{"embeddable":true,"href":"https:\/\/defabrica.com.mx\/defabrica\/wp-json\/wp\/v2\/comments?post=91973"}],"wp:featuredmedia":[{"embeddable":true,"href":"https:\/\/defabrica.com.mx\/defabrica\/wp-json\/wp\/v2\/media\/91974"}],"wp:attachment":[{"href":"https:\/\/defabrica.com.mx\/defabrica\/wp-json\/wp\/v2\/media?parent=91973"}],"wp:term":[{"taxonomy":"product_brand","embeddable":true,"href":"https:\/\/defabrica.com.mx\/defabrica\/wp-json\/wp\/v2\/product_brand?post=91973"},{"taxonomy":"product_cat","embeddable":true,"href":"https:\/\/defabrica.com.mx\/defabrica\/wp-json\/wp\/v2\/product_cat?post=91973"},{"taxonomy":"product_tag","embeddable":true,"href":"https:\/\/defabrica.com.mx\/defabrica\/wp-json\/wp\/v2\/product_tag?post=91973"}],"curies":[{"name":"wp","href":"https:\/\/api.w.org\/{rel}","templated":true}]}}