{"id":91963,"date":"2022-07-21T14:19:35","date_gmt":"2022-07-21T19:19:35","guid":{"rendered":"https:\/\/defabrica.com.mx\/defabrica\/?post_type=product&#038;p=91963"},"modified":"2023-01-19T10:51:39","modified_gmt":"2023-01-19T16:51:39","slug":"edicion-estandar-de-halo-infinite-xbox-one-xbox-series-x","status":"publish","type":"product","link":"https:\/\/defabrica.com.mx\/defabrica\/producto\/edicion-estandar-de-halo-infinite-xbox-one-xbox-series-x\/","title":{"rendered":"Edici\u00f3n est\u00e1ndar de Halo Infinite: Xbox One, Xbox Series X"},"content":{"rendered":"<p>Cuando se pierde toda esperanza y el destino de la humanidad pende de un hilo, el Jefe Maestro est\u00e1 listo para enfrentarse al enemigo m\u00e1s despiadado que jam\u00e1s haya enfrentado.\u00a0La legendaria serie Halo regresa con la campa\u00f1a de Master Chief m\u00e1s amplia hasta el momento y una innovadora experiencia multijugador gratuita. .<\/p>\n<h3 class=\"heading-5 v-fw-regular feature-heading\"><strong>Caracter\u00edsticas<\/strong><\/h3>\n<ul>\n<li><strong>Convertirse en<\/strong><br \/>\nLa legendaria serie Halo regresa con la campa\u00f1a de Master Chief m\u00e1s amplia hasta el momento y una innovadora experiencia multijugador gratuita. Reserva Halo Infinite para recibir el revestimiento Zeta Sky Armor, as\u00ed como el emblema elegido y la placa de identificaci\u00f3n y el exclusivo BR75.<\/li>\n<li><strong>Campa\u00f1a<\/strong><br \/>\nCuando se pierde toda esperanza y el destino de la humanidad pende de un hilo, el Jefe Maestro est\u00e1 listo para enfrentarse al enemigo m\u00e1s despiadado que jam\u00e1s haya enfrentado. M\u00e9tete en la armadura del h\u00e9roe m\u00e1s grande de la humanidad para vivir una aventura \u00e9pica y explorar la enorme escala del anillo de Halo.<\/li>\n<li><strong>multijugador<\/strong><br \/>\n\u00a1El c\u00e9lebre multijugador de Halo regresa, reinventado y gratuito! Las actualizaciones de temporada evolucionan la experiencia con el tiempo con eventos \u00fanicos, nuevos modos y mapas, y contenido centrado en la comunidad.<\/li>\n<li><strong>Arena<\/strong><br \/>\nHalo vuelve a sus ra\u00edces con comienzos justos, equipo en el mapa y escuadrones de 4 jugadores para ofrecer la mejor experiencia de disparos en la arena.<\/li>\n<li><strong>Batalla de equipos grandes<\/strong><br \/>\nCree infinitas posibilidades de combate mezclando y combinando una gran variedad de armas, veh\u00edculos y equipos para experimentar el caos y la diversi\u00f3n de un gran equipo que abarca todo el espectro de la caja de arena de Halo.<\/li>\n<li><strong>Personalizaci\u00f3n espartana<\/strong><br \/>\nConvi\u00e9rtete en un Spartan que sea exclusivamente tuyo con un sistema de personalizaci\u00f3n de jugadores rico y profundo. Gana y descubre nuevos art\u00edculos cosm\u00e9ticos jugando a la campa\u00f1a o al modo multijugador. O para obtener m\u00e1s recompensas cosm\u00e9ticas, compre un Pase de batalla que nunca caduca y desbloquee contenido nuevo.<\/li>\n<li><strong>Juegos multigeneracionales y multiplataforma<\/strong><br \/>\nHalo Infinite brinda una experiencia incre\u00edble con gr\u00e1ficos asombrosos y un juego multiplataforma de clase mundial.<\/li>\n<li><strong>En Xbox Series X, disfrute de funciones mejoradas como hasta 120 FPS y tiempos de carga muy reducidos, lo que crea una experiencia de juego fluida que marca el comienzo de la pr\u00f3xima generaci\u00f3n de juegos.*<\/strong><\/li>\n<li><strong>Xbox Game Pass Ultimate<\/strong><br \/>\nObtenga Halo Infinite desde el primer d\u00eda, adem\u00e1s de acceso a m\u00e1s de 100 juegos de alta calidad, Xbox Live Gold y una membres\u00eda de EA Play por un precio mensual bajo con Xbox Game Pass Ultimate.<\/li>\n<\/ul>\n","protected":false},"excerpt":{"rendered":"<p>Cuando se pierde toda esperanza y el destino de la humanidad pende de un hilo, el Jefe Maestro est\u00e1 listo para enfrentarse al enemigo m\u00e1s despiadado que jam\u00e1s haya enfrentado.\u00a0La<\/p>\n","protected":false},"featured_media":91964,"comment_status":"open","ping_status":"closed","template":"","meta":{"_acf_changed":false,"_joinchat":[]},"product_brand":[],"product_cat":[277,894],"product_tag":[],"class_list":{"0":"post-91963","1":"product","2":"type-product","3":"status-publish","4":"has-post-thumbnail","6":"product_cat-zona-gamer","7":"product_cat-videojuegos","9":"first","10":"instock","11":"sale","12":"shipping-taxable","13":"purchasable","14":"product-type-simple"},"acf":[],"_links":{"self":[{"href":"https:\/\/defabrica.com.mx\/defabrica\/wp-json\/wp\/v2\/product\/91963","targetHints":{"allow":["GET"]}}],"collection":[{"href":"https:\/\/defabrica.com.mx\/defabrica\/wp-json\/wp\/v2\/product"}],"about":[{"href":"https:\/\/defabrica.com.mx\/defabrica\/wp-json\/wp\/v2\/types\/product"}],"replies":[{"embeddable":true,"href":"https:\/\/defabrica.com.mx\/defabrica\/wp-json\/wp\/v2\/comments?post=91963"}],"wp:featuredmedia":[{"embeddable":true,"href":"https:\/\/defabrica.com.mx\/defabrica\/wp-json\/wp\/v2\/media\/91964"}],"wp:attachment":[{"href":"https:\/\/defabrica.com.mx\/defabrica\/wp-json\/wp\/v2\/media?parent=91963"}],"wp:term":[{"taxonomy":"product_brand","embeddable":true,"href":"https:\/\/defabrica.com.mx\/defabrica\/wp-json\/wp\/v2\/product_brand?post=91963"},{"taxonomy":"product_cat","embeddable":true,"href":"https:\/\/defabrica.com.mx\/defabrica\/wp-json\/wp\/v2\/product_cat?post=91963"},{"taxonomy":"product_tag","embeddable":true,"href":"https:\/\/defabrica.com.mx\/defabrica\/wp-json\/wp\/v2\/product_tag?post=91963"}],"curies":[{"name":"wp","href":"https:\/\/api.w.org\/{rel}","templated":true}]}}