{"id":91944,"date":"2022-07-21T14:02:54","date_gmt":"2022-07-21T19:02:54","guid":{"rendered":"https:\/\/defabrica.com.mx\/defabrica\/?post_type=product&#038;p=91944"},"modified":"2022-07-21T14:02:54","modified_gmt":"2022-07-21T19:02:54","slug":"trine-coleccion-definitiva-xbox-one","status":"publish","type":"product","link":"https:\/\/defabrica.com.mx\/defabrica\/producto\/trine-coleccion-definitiva-xbox-one\/","title":{"rendered":"Trine: Colecci\u00f3n definitiva &#8211; Xbox One"},"content":{"rendered":"<div class=\"embedded-component-container lv product-description\">\n<div>\n<div id=\"shop-product-description-9277187\" class=\"_none\" data-version=\"1.3.46\">\n<div class=\"shop-product-description\">\n<section class=\"align-heading-left\" data-reactroot=\"\">\n<div class=\"long-description-container body-copy \">\n<div class=\"html-fragment\">Disfruta de un mundo de fantas\u00eda inmersivo y rompecabezas innovadores con Trine: Ultimate Collection para Xbox One.\u00a0Los gr\u00e1ficos de \u00faltima generaci\u00f3n ofrecen im\u00e1genes n\u00edtidas y secuencias de animaci\u00f3n fluidas, lo que destaca el impresionante y amplio entorno del juego.\u00a0Con cuatro videojuegos \u00fanicos en un set, este Trine: Ultimate Collection ofrece una intrincada construcci\u00f3n de personajes y un combate din\u00e1mico con una variedad de movimientos posibles.<\/div>\n<\/div>\n<div>\n<h3><\/h3>\n<h3 class=\"heading-5 v-fw-regular feature-heading\"><strong>Caracter\u00edsticas<\/strong><\/h3>\n<ul>\n<li><strong>Contiene los cuatro t\u00edtulos de la serie, incluidos Trine Enchanted Edition, Trine 2: Complete Story, Trine 3: The Artifacts of Power y el nuevo Trine 4: The Nightmare Prince.<\/strong><\/li>\n<li><strong>Aprovecha los elementos y experimenta con nuevas habilidades para superar desaf\u00edos y obst\u00e1culos.<\/strong><\/li>\n<li><strong>Cambia r\u00e1pidamente entre personajes y ad\u00e1ptate a cualquier situaci\u00f3n.<\/strong><\/li>\n<li><strong>La atm\u00f3sfera inmersiva y las im\u00e1genes de pr\u00f3xima generaci\u00f3n crean un mundo de fantas\u00eda que pide ser explorado.<\/strong><\/li>\n<li><strong>Gana puntos de experiencia e invierte en mejoras para las habilidades de los h\u00e9roes.<\/strong><\/li>\n<li><strong>Un mont\u00f3n de niveles cuidadosamente dise\u00f1ados y diversos para descubrir, cada uno con entornos y estilos claramente \u00fanicos, y rebosantes de secretos.<\/strong><\/li>\n<li><strong>Una historia expansiva que se desarrolla a trav\u00e9s de cuatro fant\u00e1sticas experiencias de cuento de hadas.<\/strong><\/li>\n<li><strong>Enfr\u00e9ntate a la aventura solo o con amigos en modo cooperativo local o en l\u00ednea<\/strong><\/li>\n<\/ul>\n<\/div>\n<\/section>\n<\/div>\n<\/div>\n<\/div>\n<\/div>\n","protected":false},"excerpt":{"rendered":"<p>Disfruta de un mundo de fantas\u00eda inmersivo y rompecabezas innovadores con Trine: Ultimate Collection para Xbox One.\u00a0Los gr\u00e1ficos de \u00faltima generaci\u00f3n ofrecen im\u00e1genes n\u00edtidas y secuencias de animaci\u00f3n fluidas, lo<\/p>\n","protected":false},"featured_media":91945,"comment_status":"open","ping_status":"closed","template":"","meta":{"_acf_changed":false,"_joinchat":[]},"product_brand":[],"product_cat":[277,894],"product_tag":[],"class_list":{"0":"post-91944","1":"product","2":"type-product","3":"status-publish","4":"has-post-thumbnail","6":"product_cat-zona-gamer","7":"product_cat-videojuegos","9":"first","10":"instock","11":"sale","12":"shipping-taxable","13":"purchasable","14":"product-type-simple"},"acf":[],"_links":{"self":[{"href":"https:\/\/defabrica.com.mx\/defabrica\/wp-json\/wp\/v2\/product\/91944","targetHints":{"allow":["GET"]}}],"collection":[{"href":"https:\/\/defabrica.com.mx\/defabrica\/wp-json\/wp\/v2\/product"}],"about":[{"href":"https:\/\/defabrica.com.mx\/defabrica\/wp-json\/wp\/v2\/types\/product"}],"replies":[{"embeddable":true,"href":"https:\/\/defabrica.com.mx\/defabrica\/wp-json\/wp\/v2\/comments?post=91944"}],"wp:featuredmedia":[{"embeddable":true,"href":"https:\/\/defabrica.com.mx\/defabrica\/wp-json\/wp\/v2\/media\/91945"}],"wp:attachment":[{"href":"https:\/\/defabrica.com.mx\/defabrica\/wp-json\/wp\/v2\/media?parent=91944"}],"wp:term":[{"taxonomy":"product_brand","embeddable":true,"href":"https:\/\/defabrica.com.mx\/defabrica\/wp-json\/wp\/v2\/product_brand?post=91944"},{"taxonomy":"product_cat","embeddable":true,"href":"https:\/\/defabrica.com.mx\/defabrica\/wp-json\/wp\/v2\/product_cat?post=91944"},{"taxonomy":"product_tag","embeddable":true,"href":"https:\/\/defabrica.com.mx\/defabrica\/wp-json\/wp\/v2\/product_tag?post=91944"}],"curies":[{"name":"wp","href":"https:\/\/api.w.org\/{rel}","templated":true}]}}