{"id":91932,"date":"2022-07-21T13:54:24","date_gmt":"2022-07-21T18:54:24","guid":{"rendered":"https:\/\/defabrica.com.mx\/defabrica\/?post_type=product&#038;p=91932"},"modified":"2023-01-19T10:48:24","modified_gmt":"2023-01-19T16:48:24","slug":"colors-live-nintendo-switch","status":"publish","type":"product","link":"https:\/\/defabrica.com.mx\/defabrica\/producto\/colors-live-nintendo-switch\/","title":{"rendered":"Colors Live &#8211; Nintendo Switch"},"content":{"rendered":"<p>\u00a1Colors Live, la secuela del aclamado juego de pintura Colors!\u00a0\u00a13D finalmente llega a Nintendo Switch junto con un Colors SonarPen sensible a la presi\u00f3n incluido en cada unidad f\u00edsica!\u00a0Basado en t\u00e9cnicas de pintura modernas desarrolladas originalmente para tabletas de dibujo profesionales, Colors Live est\u00e1 dise\u00f1ado para Nintendo Switch y satisface a todos, desde artistas serios hasta garabatos sin rumbo.<\/p>\n<h3 class=\"heading-5 v-fw-regular feature-heading\"><strong>Caracter\u00edsticas<\/strong><\/h3>\n<ul>\n<li><strong>Colores SonarPen<\/strong><br \/>\nCuenta con sensibilidad a la presi\u00f3n, una sensaci\u00f3n de pintura natural y grosor de trazo, opacidad o ambos totalmente personalizables.<\/li>\n<li><strong>pintar en cualquier lugar<\/strong><br \/>\n\u00a1Pinta desde la comodidad de tu hogar o mientras viajas!<\/li>\n<li><strong>B\u00fasqueda de colores<\/strong><br \/>\nUn nuevo modo de juego creativo, donde pasas un poco de tiempo pintando todos los d\u00edas para progresar y subir de nivel. Dise\u00f1ado tanto para principiantes como para expertos, ver\u00e1s c\u00f3mo tus habilidades de pintura mejoran d\u00eda a d\u00eda.<\/li>\n<li><strong>La galer\u00eda de colores<\/strong><br \/>\nColors Live tambi\u00e9n presenta integraci\u00f3n con la popular Galer\u00eda de colores a la que la comunidad ha subido la asombrosa cantidad de 4 millones de pinturas, cada una con una reproducci\u00f3n de pintura \u00fanica. Sigue a tus amigos y artistas talentosos y comparte tus creaciones con el mundo.<\/li>\n<li><strong>Reproducci\u00f3n de pintura<\/strong><br \/>\nGrabe o mire c\u00f3mo se ensambla una pintura de principio a fin y aprenda c\u00f3mo se cre\u00f3.<\/li>\n<\/ul>\n","protected":false},"excerpt":{"rendered":"<p>\u00a1Colors Live, la secuela del aclamado juego de pintura Colors!\u00a0\u00a13D finalmente llega a Nintendo Switch junto con un Colors SonarPen sensible a la presi\u00f3n incluido en cada unidad f\u00edsica!\u00a0Basado en<\/p>\n","protected":false},"featured_media":91934,"comment_status":"open","ping_status":"closed","template":"","meta":{"_acf_changed":false,"_joinchat":[]},"product_brand":[],"product_cat":[277,894],"product_tag":[],"class_list":{"0":"post-91932","1":"product","2":"type-product","3":"status-publish","4":"has-post-thumbnail","6":"product_cat-zona-gamer","7":"product_cat-videojuegos","9":"first","10":"instock","11":"sale","12":"shipping-taxable","13":"purchasable","14":"product-type-simple"},"acf":[],"_links":{"self":[{"href":"https:\/\/defabrica.com.mx\/defabrica\/wp-json\/wp\/v2\/product\/91932","targetHints":{"allow":["GET"]}}],"collection":[{"href":"https:\/\/defabrica.com.mx\/defabrica\/wp-json\/wp\/v2\/product"}],"about":[{"href":"https:\/\/defabrica.com.mx\/defabrica\/wp-json\/wp\/v2\/types\/product"}],"replies":[{"embeddable":true,"href":"https:\/\/defabrica.com.mx\/defabrica\/wp-json\/wp\/v2\/comments?post=91932"}],"wp:featuredmedia":[{"embeddable":true,"href":"https:\/\/defabrica.com.mx\/defabrica\/wp-json\/wp\/v2\/media\/91934"}],"wp:attachment":[{"href":"https:\/\/defabrica.com.mx\/defabrica\/wp-json\/wp\/v2\/media?parent=91932"}],"wp:term":[{"taxonomy":"product_brand","embeddable":true,"href":"https:\/\/defabrica.com.mx\/defabrica\/wp-json\/wp\/v2\/product_brand?post=91932"},{"taxonomy":"product_cat","embeddable":true,"href":"https:\/\/defabrica.com.mx\/defabrica\/wp-json\/wp\/v2\/product_cat?post=91932"},{"taxonomy":"product_tag","embeddable":true,"href":"https:\/\/defabrica.com.mx\/defabrica\/wp-json\/wp\/v2\/product_tag?post=91932"}],"curies":[{"name":"wp","href":"https:\/\/api.w.org\/{rel}","templated":true}]}}