{"id":91905,"date":"2022-07-21T13:39:23","date_gmt":"2022-07-21T18:39:23","guid":{"rendered":"https:\/\/defabrica.com.mx\/defabrica\/?post_type=product&#038;p=91905"},"modified":"2023-01-19T12:55:06","modified_gmt":"2023-01-19T18:55:06","slug":"hp-laptop-para-juegos-victus-de-156-intel-core-i7-12650h-memoria-de-16-gb-nvidia-geforce-rtx-3050-ti-ssd-de-512-gb-plata-mica","status":"publish","type":"product","link":"https:\/\/defabrica.com.mx\/defabrica\/producto\/hp-laptop-para-juegos-victus-de-156-intel-core-i7-12650h-memoria-de-16-gb-nvidia-geforce-rtx-3050-ti-ssd-de-512-gb-plata-mica\/","title":{"rendered":"HP &#8211; Laptop para juegos Victus de 15,6&#8243; &#8211; Intel Core i7-12650H &#8211; Memoria de 16 GB &#8211; NVIDIA GeForce RTX 3050 Ti &#8211; SSD de 512 GB &#8211; plata mica"},"content":{"rendered":"<div class=\"embedded-component-container lv product-description\">\n<div>\n<div id=\"shop-product-description-23325334\" class=\"_none\" data-version=\"1.3.46\">\n<div class=\"shop-product-description\">\n<section class=\"align-heading-left\" data-reactroot=\"\">\n<div class=\"long-description-container body-copy \">\n<div class=\"html-fragment\">Necesitar\u00e1 tanta potencia: el pico de los juegos de PC est\u00e1 sobre nosotros y la Victus 15 compacta est\u00e1 repleta de la potencia de una computadora de escritorio para mantenerse al d\u00eda con los juegos m\u00e1s grandes y los mejores jugadores.\u00a0Enciende y siente que tu juego se eleva a donde quieres estar.\u00a0Presentamos el dise\u00f1o m\u00e1s refinado del juego: desde su color ic\u00f3nico hasta su paquete de 15 pulgadas con un dise\u00f1o vivo, esta imagen de sofisticaci\u00f3n es una declaraci\u00f3n de moda que rara vez se realiza en el espacio de los juegos.\u00a0Esto ser\u00e1 todo lo que necesitas para empacar.\u00a0Vamos.\u00a0El dise\u00f1o t\u00e9rmico actualizado mantiene todo fr\u00edo, desde juegos de m\u00e1xima potencia hasta transmisi\u00f3n fuera de horario.\u00a0Abre tu juego con un teclado para juegos completo con la tecla OMEN Gaming Hub y un panel t\u00e1ctil mucho m\u00e1s grande.\u00a0La c\u00e1mara HD cuenta con reducci\u00f3n de ruido temporal para una claridad n\u00edtida en sus transmisiones o llamadas.<\/div>\n<\/div>\n<\/section>\n<\/div>\n<\/div>\n<\/div>\n<\/div>\n<div class=\"embedded-component-container lv product-features\">\n<h3><\/h3>\n<h3 class=\"heading-5 v-fw-regular feature-heading\"><strong>Caracter\u00edsticas<\/strong><\/h3>\n<ul>\n<li><strong>Sistema operativo: Windows 11 Hogar<\/strong><br \/>\nDesde un men\u00fa Inicio renovado hasta nuevas formas de conectarse con sus personas, noticias, juegos y contenido favoritos: Windows 11 es el lugar para pensar, expresar y crear de forma natural.<\/li>\n<li><strong>Pantalla: 15,6 pulgadas en diagonal, FHD (1920 x 1080), 144 Hz, tiempo de respuesta de 9 ms, IPS, microborde, antirreflejo<\/strong><br \/>\nReduzca el retraso frustrante y las im\u00e1genes superpuestas con una pantalla que combina una frecuencia de actualizaci\u00f3n de 144 Hz y una resoluci\u00f3n de alta definici\u00f3n completa de 1080p para un juego suave y n\u00edtido.<\/li>\n<li><strong>Procesador: Intel Core i7-12650H de 12.\u00aa generaci\u00f3n<\/strong><br \/>\nEl procesador Intel Core de 12.\u00aa generaci\u00f3n distribuye el rendimiento donde m\u00e1s lo necesita, ahorr\u00e1ndole tiempo y aumentando su capacidad para hacer lo que realmente quiere.<\/li>\n<li><strong>Memoria: 16 GB DDR4-3200 MHz RAM (1 x 16 GB)<\/strong><br \/>\nMontones de RAM DDR4 de alto ancho de banda para ejecutar sin problemas sus juegos de PC con muchos gr\u00e1ficos y aplicaciones de edici\u00f3n de video, as\u00ed como numerosos programas y pesta\u00f1as del navegador, todo a la vez.<\/li>\n<li><strong>Almacenamiento interno: SSD PCIe NVMe M.2 de 512 GB<\/strong><br \/>\nObtenga un rendimiento hasta 15 veces m\u00e1s r\u00e1pido que un disco duro tradicional.<\/li>\n<li><strong>Gr\u00e1ficos: NVIDIA GeForce RTX 3050 Ti Laptop GPU (4 GB GDDR6 dedicado)<\/strong><br \/>\nAcceda a la potencia de RTX de segunda generaci\u00f3n con la tecnolog\u00eda de la galardonada arquitectura NVIDIA Ampere. La inteligencia artificial y las nuevas optimizaciones del sistema crean computadoras port\u00e1tiles para juegos m\u00e1s eficientes en factores de forma nuevos e innovadores.<\/li>\n<li><strong>Inal\u00e1mbrico: Wi-Fi 6 (2&#215;2) y combinaci\u00f3n de Bluetooth (compatible con velocidad de datos Gigabit)<\/strong><br \/>\nDisfrute de velocidades m\u00e1s r\u00e1pidas, rendimiento mejorado, mayor capacidad y latencias m\u00e1s bajas que las iteraciones anteriores con la tecnolog\u00eda combinada Wi-Fi 6E y Bluetooth.<\/li>\n<li><strong>Sonido: Audio de Bang &amp; Olufsen con altavoces duales<\/strong><br \/>\nLa tecnolog\u00eda de amplificaci\u00f3n inteligente le brinda un sonido alto, claro y din\u00e1mico.<\/li>\n<li><strong>C\u00e1mara: c\u00e1mara HP Wide Vision 720p HD con reducci\u00f3n de ruido temporal y micr\u00f3fonos digitales integrados de doble matriz<\/strong><br \/>\nEl campo de visi\u00f3n de gran angular de 88 grados le permite chatear por video con toda la familia o grupo de amigos con detalles n\u00edtidos.<\/li>\n<li><strong>HP Fast Charge: Pase de 0 a 50% de carga en aproximadamente 30 minutos<\/strong><br \/>\nPeso del producto: 5,06 libras<br \/>\nUna experiencia de audio realmente poderosa<br \/>\nCon los parlantes duales HP, HP Audio Boost y la sintonizaci\u00f3n personalizada de los expertos de B&amp;O, puede experimentar un audio rico y aut\u00e9ntico. Deja que el sonido te mueva.<\/li>\n<li><strong>Panel t\u00e1ctil ampliado<\/strong><br \/>\nM\u00e1s espacio en su panel t\u00e1ctil hace que controlar su PC sea sencillo e intuitivo.<\/li>\n<li><strong>Pantalla de microborde<\/strong><br \/>\nAl comprimir una pantalla m\u00e1s grande en un marco m\u00e1s peque\u00f1o, este bisel ultradelgado y apenas visible revoluciona la apariencia de su pantalla con un dise\u00f1o bellamente eficiente.<\/li>\n<li><strong>Teclado retroiluminado con teclado num\u00e9rico integrado<\/strong><br \/>\nContin\u00fae avanzando c\u00f3modamente incluso en entornos m\u00e1s oscuros.<\/li>\n<li><strong>Creado pensando en el planeta.<\/strong><br \/>\nHP se dedica a impulsar el progreso hacia un futuro m\u00e1s sostenible y a tomar decisiones responsables para el medio ambiente y nuestros clientes.<\/li>\n<\/ul>\n<\/div>\n","protected":false},"excerpt":{"rendered":"<p>Necesitar\u00e1 tanta potencia: el pico de los juegos de PC est\u00e1 sobre nosotros y la Victus 15 compacta est\u00e1 repleta de la potencia de una computadora de escritorio para mantenerse<\/p>\n","protected":false},"featured_media":91912,"comment_status":"open","ping_status":"closed","template":"","meta":{"_acf_changed":false,"_joinchat":[]},"product_brand":[],"product_cat":[277,280,432],"product_tag":[],"class_list":{"0":"post-91905","1":"product","2":"type-product","3":"status-publish","4":"has-post-thumbnail","6":"product_cat-zona-gamer","7":"product_cat-pc-gaming","8":"product_cat-laptops-gamer","10":"first","11":"instock","12":"sale","13":"shipping-taxable","14":"purchasable","15":"product-type-simple"},"acf":[],"_links":{"self":[{"href":"https:\/\/defabrica.com.mx\/defabrica\/wp-json\/wp\/v2\/product\/91905","targetHints":{"allow":["GET"]}}],"collection":[{"href":"https:\/\/defabrica.com.mx\/defabrica\/wp-json\/wp\/v2\/product"}],"about":[{"href":"https:\/\/defabrica.com.mx\/defabrica\/wp-json\/wp\/v2\/types\/product"}],"replies":[{"embeddable":true,"href":"https:\/\/defabrica.com.mx\/defabrica\/wp-json\/wp\/v2\/comments?post=91905"}],"wp:featuredmedia":[{"embeddable":true,"href":"https:\/\/defabrica.com.mx\/defabrica\/wp-json\/wp\/v2\/media\/91912"}],"wp:attachment":[{"href":"https:\/\/defabrica.com.mx\/defabrica\/wp-json\/wp\/v2\/media?parent=91905"}],"wp:term":[{"taxonomy":"product_brand","embeddable":true,"href":"https:\/\/defabrica.com.mx\/defabrica\/wp-json\/wp\/v2\/product_brand?post=91905"},{"taxonomy":"product_cat","embeddable":true,"href":"https:\/\/defabrica.com.mx\/defabrica\/wp-json\/wp\/v2\/product_cat?post=91905"},{"taxonomy":"product_tag","embeddable":true,"href":"https:\/\/defabrica.com.mx\/defabrica\/wp-json\/wp\/v2\/product_tag?post=91905"}],"curies":[{"name":"wp","href":"https:\/\/api.w.org\/{rel}","templated":true}]}}