{"id":91837,"date":"2022-07-21T12:46:11","date_gmt":"2022-07-21T17:46:11","guid":{"rendered":"https:\/\/defabrica.com.mx\/defabrica\/?post_type=product&#038;p=91837"},"modified":"2023-01-19T12:49:25","modified_gmt":"2023-01-19T18:49:25","slug":"razer-blade-17-laptop-para-juegos-de-17-3-qhd-240hz-intel-core-i9-nvidia-geforce-rtx-3070-ti-16gb-ram-1tb-ssd-negro","status":"publish","type":"product","link":"https:\/\/defabrica.com.mx\/defabrica\/producto\/razer-blade-17-laptop-para-juegos-de-17-3-qhd-240hz-intel-core-i9-nvidia-geforce-rtx-3070-ti-16gb-ram-1tb-ssd-negro\/","title":{"rendered":"Razer &#8211; Blade 17 &#8211; Laptop para juegos de 17.3&#8243; &#8211; QHD 240Hz &#8211; Intel Core i9 &#8211; NVIDIA GeForce RTX 3070 Ti &#8211; 16GB RAM &#8211; 1TB SSD &#8211; Negro"},"content":{"rendered":"<div class=\"embedded-component-container lv product-description\">\n<div>\n<div id=\"shop-product-description-38893364\" class=\"_none\" data-version=\"1.3.46\">\n<div class=\"shop-product-description\">\n<section class=\"align-heading-left\" data-reactroot=\"\">\n<div class=\"long-description-container body-copy \">\n<div class=\"html-fragment\">El nuevo Razer Blade 17 es m\u00e1s potente que nunca, con el \u00faltimo procesador Intel\u00ae Core i9-12900H de 12.\u00aa generaci\u00f3n, gr\u00e1ficos NVIDIA\u00ae GeForce RTX 3070Ti y 16 GB de RAM DDR5 (4800 MHz) que alimentan la pantalla QHD de 240 Hz perfectamente equilibrada, a la vez que compacta en dise\u00f1o para empoderar a los profesionales sobre la marcha.<\/div>\n<\/div>\n<\/section>\n<\/div>\n<\/div>\n<\/div>\n<\/div>\n<div class=\"embedded-component-container lv product-features\">\n<h3><\/h3>\n<h3 class=\"heading-5 v-fw-regular feature-heading\"><strong>Caracter\u00edsticas<\/strong><\/h3>\n<ul>\n<li><strong>Tarjeta gr\u00e1fica NVIDIA GeForce RTX 3070Ti<\/strong><br \/>\nJuega como nunca antes con la nueva GeForce RTX 3070 Ti, hasta un 70 % m\u00e1s r\u00e1pida que las laptops RTX 2070 SUPER y con hasta 100 cuadros por segundo a una resoluci\u00f3n de 1440p.<\/li>\n<li><strong>CPU Intel Core i9 de 14 n\u00facleos de 12.\u00aa generaci\u00f3n<\/strong><br \/>\nExperimente la velocidad de vanguardia en el nuevo procesador Intel\u00ae Core\u2122 i9-12900H con hasta 5,3 GHz de Turbo Boost para un rendimiento inigualable para asumir las tareas creativas y de juegos m\u00e1s exigentes.<\/li>\n<li><strong>Pantalla QHD de 240 Hz<\/strong><br \/>\nLa alta frecuencia de actualizaci\u00f3n se combina con la alta resoluci\u00f3n para brindar una experiencia de juego receptiva que viene con un mayor nivel de detalle y sin roturas de pantalla gracias a NVIDIA\u00ae G-SYNC\u00ae<\/li>\n<li><strong>Memoria DDR5 4800MHz<\/strong><br \/>\n50 % m\u00e1s r\u00e1pido que la generaci\u00f3n anterior: disfrute de una experiencia m\u00e1s r\u00e1pida y fluida al cargar aplicaciones, ejecutar juegos y realizar otras tareas cotidianas<\/li>\n<li><strong>Enfriamiento de c\u00e1mara de vapor de pr\u00f3xima generaci\u00f3n<\/strong><br \/>\nActualizado con m\u00e1s aletas de escape, ventiladores m\u00e1s silenciosos y una mayor capacidad de l\u00edquido, el nuevo Blade 17 funciona m\u00e1s fresco y silencioso que nunca.<\/li>\n<li><strong>Conectividad de escritorio<\/strong><br \/>\nCon el puerto HDMI 2.1 integrado, el puerto Thunderbolt 4 USB-C, la ranura para tarjeta SD UHS-III y el puerto Ethernet de 2,5 GB, nunca sienta la necesidad de comprometer la forma en que usa accesorios<\/li>\n<\/ul>\n<\/div>\n","protected":false},"excerpt":{"rendered":"<p>El nuevo Razer Blade 17 es m\u00e1s potente que nunca, con el \u00faltimo procesador Intel\u00ae Core i9-12900H de 12.\u00aa generaci\u00f3n, gr\u00e1ficos NVIDIA\u00ae GeForce RTX 3070Ti y 16 GB de RAM<\/p>\n","protected":false},"featured_media":91838,"comment_status":"open","ping_status":"closed","template":"","meta":{"_acf_changed":false,"_joinchat":[]},"product_brand":[],"product_cat":[277,280,432],"product_tag":[],"class_list":{"0":"post-91837","1":"product","2":"type-product","3":"status-publish","4":"has-post-thumbnail","6":"product_cat-zona-gamer","7":"product_cat-pc-gaming","8":"product_cat-laptops-gamer","10":"first","11":"instock","12":"sale","13":"shipping-taxable","14":"purchasable","15":"product-type-simple"},"acf":[],"_links":{"self":[{"href":"https:\/\/defabrica.com.mx\/defabrica\/wp-json\/wp\/v2\/product\/91837","targetHints":{"allow":["GET"]}}],"collection":[{"href":"https:\/\/defabrica.com.mx\/defabrica\/wp-json\/wp\/v2\/product"}],"about":[{"href":"https:\/\/defabrica.com.mx\/defabrica\/wp-json\/wp\/v2\/types\/product"}],"replies":[{"embeddable":true,"href":"https:\/\/defabrica.com.mx\/defabrica\/wp-json\/wp\/v2\/comments?post=91837"}],"wp:featuredmedia":[{"embeddable":true,"href":"https:\/\/defabrica.com.mx\/defabrica\/wp-json\/wp\/v2\/media\/91838"}],"wp:attachment":[{"href":"https:\/\/defabrica.com.mx\/defabrica\/wp-json\/wp\/v2\/media?parent=91837"}],"wp:term":[{"taxonomy":"product_brand","embeddable":true,"href":"https:\/\/defabrica.com.mx\/defabrica\/wp-json\/wp\/v2\/product_brand?post=91837"},{"taxonomy":"product_cat","embeddable":true,"href":"https:\/\/defabrica.com.mx\/defabrica\/wp-json\/wp\/v2\/product_cat?post=91837"},{"taxonomy":"product_tag","embeddable":true,"href":"https:\/\/defabrica.com.mx\/defabrica\/wp-json\/wp\/v2\/product_tag?post=91837"}],"curies":[{"name":"wp","href":"https:\/\/api.w.org\/{rel}","templated":true}]}}