{"id":91830,"date":"2022-07-21T12:43:36","date_gmt":"2022-07-21T17:43:36","guid":{"rendered":"https:\/\/defabrica.com.mx\/defabrica\/?post_type=product&#038;p=91830"},"modified":"2022-07-21T12:43:36","modified_gmt":"2022-07-21T17:43:36","slug":"razer-laptop-para-juegos-de-14-qhd-165hz-amd-ryzen-9-6900hx-nvidia-geforce-rtx-3070-ti-16gb-ram-1tb-ssd-cuarzo","status":"publish","type":"product","link":"https:\/\/defabrica.com.mx\/defabrica\/producto\/razer-laptop-para-juegos-de-14-qhd-165hz-amd-ryzen-9-6900hx-nvidia-geforce-rtx-3070-ti-16gb-ram-1tb-ssd-cuarzo\/","title":{"rendered":"Razer &#8211; Laptop para juegos de 14&#8243;- QHD 165Hz- AMD Ryzen 9 6900HX- NVIDIA GeForce RTX 3070 Ti- 16GB RAM- 1TB SSD &#8211; Cuarzo"},"content":{"rendered":"<div class=\"embedded-component-container lv product-description\">\n<div>\n<div id=\"shop-product-description-92013876\" class=\"_none\" data-version=\"1.3.46\">\n<div class=\"shop-product-description\">\n<section class=\"align-heading-left\" data-reactroot=\"\">\n<div class=\"long-description-container body-copy \">\n<div class=\"html-fragment\"><span>El port\u00e1til para juegos de 14 pulgadas m\u00e1s potente est\u00e1 de vuelta y es m\u00e1s potente que nunca.\u00a0El nuevo Razer Blade 14 combina el \u00faltimo procesador AMD\ufe0f Ryzen 9 6900HX, los gr\u00e1ficos NVIDIA GeForce RTX Ti disponibles y la memoria DDR5 de 4800 MHz para brindarle la mejor computadora port\u00e1til para juegos de 14 \u00abpara un rendimiento y una portabilidad sin concesiones.<\/span><\/div>\n<\/div>\n<\/section>\n<\/div>\n<\/div>\n<\/div>\n<\/div>\n<div class=\"embedded-component-container lv product-features\">\n<h3><\/h3>\n<h3 class=\"heading-5 v-fw-regular feature-heading\"><strong>Caracter\u00edsticas<\/strong><\/h3>\n<ul>\n<li><strong>Tarjeta gr\u00e1fica NVIDIA GeForce RTX 3070 Ti<\/strong><br \/>\nLa nueva GeForce RTX 3070 Ti es hasta un 70 % m\u00e1s r\u00e1pida que las laptops RTX 2070 SUPER y puede entregar 100 cuadros por segundo a una resoluci\u00f3n de 1440p<\/li>\n<li><strong>Procesador AMD Ryzen 9 de 8 n\u00facleos<\/strong><br \/>\nExperimente una velocidad de vanguardia con la CPU AMD Ryzen 9 6900HX de 8 n\u00facleos recientemente lanzada con hasta 4,9 GHz de Max Boost para un rendimiento inigualable para asumir las tareas creativas y de juego m\u00e1s exigentes<\/li>\n<li><strong>Pantalla QHD de 165 Hz<\/strong><br \/>\nLas altas frecuencias de actualizaci\u00f3n se combinan con la alta resoluci\u00f3n para brindar una experiencia de juego receptiva que viene con un mayor nivel de detalle y fluidez.<\/li>\n<li><strong>Memoria DDR5 4800MHz<\/strong><br \/>\n50% m\u00e1s r\u00e1pido que la generaci\u00f3n anterior, disfrute de una experiencia m\u00e1s r\u00e1pida y fluida al cargar aplicaciones, ejecutar juegos y realizar otras tareas cotidianas de la PC<\/li>\n<li><strong>Enfriamiento de c\u00e1mara de vapor de pr\u00f3xima generaci\u00f3n<\/strong><br \/>\nActualizado con m\u00e1s aletas de escape, ventiladores m\u00e1s silenciosos y una mayor capacidad de l\u00edquido, el nuevo Blade 15 funciona m\u00e1s fresco y silencioso que nunca.<\/li>\n<li><strong>Conectividad avanzada<\/strong><br \/>\nCon\u00e9ctese, juegue y comparta sin esfuerzo gracias al puerto HDMI 2.1 integrado, los puertos USB-C 3.2 Gen 2 y los puertos USB-A 3.2 Gen 2 m\u00e1s la conectividad Bluetooth 5.2<\/li>\n<li><strong>Teclado RGB por tecla Razer Chroma<\/strong><br \/>\nmejore su juego a\u00fan m\u00e1s al personalizar cada tecla para que coincida con cualquiera de los 16,8 millones de colores disponibles en el ecosistema Razer Chroma para resaltar las teclas esenciales del juego, las macros del juego o aumentar la inmersi\u00f3n con los juegos habilitados para Chroma.<\/li>\n<li><strong>C\u00e1mara web de infrarrojos Window Hello<\/strong><br \/>\nInicie sesi\u00f3n de forma segura con la c\u00e1mara web HD IR incorporada para transmitir mientras viaja, tomar conferencias telef\u00f3nicas mientras est\u00e1 fuera de la oficina o unirse a sesiones de estudio grupales.<\/li>\n<li><strong>Audio espacial THX inmersivo<\/strong><br \/>\nUn sonido envolvente 7.1 avanzado que proporciona una precisi\u00f3n posicional milim\u00e9trica cuando se utilizan auriculares y altavoces, para ofrecer un audio realista e inmersivo tanto para contenido est\u00e9reo como multicanal.<\/li>\n<\/ul>\n<\/div>\n","protected":false},"excerpt":{"rendered":"<p>El port\u00e1til para juegos de 14 pulgadas m\u00e1s potente est\u00e1 de vuelta y es m\u00e1s potente que nunca.\u00a0El nuevo Razer Blade 14 combina el \u00faltimo procesador AMD\ufe0f Ryzen 9 6900HX,<\/p>\n","protected":false},"featured_media":91832,"comment_status":"open","ping_status":"closed","template":"","meta":{"_acf_changed":false,"_joinchat":[]},"product_brand":[],"product_cat":[277,280,432],"product_tag":[],"class_list":{"0":"post-91830","1":"product","2":"type-product","3":"status-publish","4":"has-post-thumbnail","6":"product_cat-zona-gamer","7":"product_cat-pc-gaming","8":"product_cat-laptops-gamer","10":"first","11":"instock","12":"sale","13":"shipping-taxable","14":"purchasable","15":"product-type-simple"},"acf":[],"_links":{"self":[{"href":"https:\/\/defabrica.com.mx\/defabrica\/wp-json\/wp\/v2\/product\/91830","targetHints":{"allow":["GET"]}}],"collection":[{"href":"https:\/\/defabrica.com.mx\/defabrica\/wp-json\/wp\/v2\/product"}],"about":[{"href":"https:\/\/defabrica.com.mx\/defabrica\/wp-json\/wp\/v2\/types\/product"}],"replies":[{"embeddable":true,"href":"https:\/\/defabrica.com.mx\/defabrica\/wp-json\/wp\/v2\/comments?post=91830"}],"wp:featuredmedia":[{"embeddable":true,"href":"https:\/\/defabrica.com.mx\/defabrica\/wp-json\/wp\/v2\/media\/91832"}],"wp:attachment":[{"href":"https:\/\/defabrica.com.mx\/defabrica\/wp-json\/wp\/v2\/media?parent=91830"}],"wp:term":[{"taxonomy":"product_brand","embeddable":true,"href":"https:\/\/defabrica.com.mx\/defabrica\/wp-json\/wp\/v2\/product_brand?post=91830"},{"taxonomy":"product_cat","embeddable":true,"href":"https:\/\/defabrica.com.mx\/defabrica\/wp-json\/wp\/v2\/product_cat?post=91830"},{"taxonomy":"product_tag","embeddable":true,"href":"https:\/\/defabrica.com.mx\/defabrica\/wp-json\/wp\/v2\/product_tag?post=91830"}],"curies":[{"name":"wp","href":"https:\/\/api.w.org\/{rel}","templated":true}]}}