{"id":91689,"date":"2022-07-20T21:16:29","date_gmt":"2022-07-21T02:16:29","guid":{"rendered":"https:\/\/defabrica.com.mx\/defabrica\/?post_type=product&#038;p=91689"},"modified":"2023-01-19T12:31:55","modified_gmt":"2023-01-19T18:31:55","slug":"razer-blade-15-advanced-laptop-para-juegos-de-15-6-qhd-240hz-intel-core-i7-nvidia-geforce-rtx-3070-ti-16gb-ram-1tb-ssd-negro","status":"publish","type":"product","link":"https:\/\/defabrica.com.mx\/defabrica\/producto\/razer-blade-15-advanced-laptop-para-juegos-de-15-6-qhd-240hz-intel-core-i7-nvidia-geforce-rtx-3070-ti-16gb-ram-1tb-ssd-negro\/","title":{"rendered":"Razer &#8211; Blade 15 Advanced &#8211; Laptop para juegos de 15.6&#8243; &#8211; QHD- 240HZ &#8211; Intel Core i7 &#8211; NVIDIA GeForce RTX 3070 Ti &#8211; 16GB RAM &#8211; 1TB SSD &#8211; Negro"},"content":{"rendered":"<div class=\"embedded-component-container lv product-description\">\n<div>\n<div id=\"shop-product-description-52185677\" class=\"_none\" data-version=\"1.3.46\">\n<div class=\"shop-product-description\">\n<section class=\"align-heading-left\" data-reactroot=\"\">\n<div class=\"long-description-container body-copy \">\n<div class=\"html-fragment\">Con el \u00faltimo procesador Intel\u00ae Core\u2122 i9 de 12.\u00aa generaci\u00f3n (14 n\u00facleos) y gr\u00e1ficos de la serie NVIDIA GeForce RTX 30 Ti, el nuevo Razer Blade 15 ofrece im\u00e1genes que cambian el juego y un rendimiento que cobra vida con una selecci\u00f3n de 3 pantallas de \u00faltima generaci\u00f3n. \u2014QHD de 360 \u200b\u200bHz, 4K o 240 Hz para lo mejor de ambos mundos.<\/div>\n<\/div>\n<\/section>\n<\/div>\n<\/div>\n<\/div>\n<\/div>\n<div class=\"embedded-component-container lv product-features\">\n<h3><\/h3>\n<h3 class=\"heading-5 v-fw-regular feature-heading\"><strong>Caracter\u00edsticas<\/strong><\/h3>\n<ul>\n<li><strong>CPU Intel de 12.\u00aa generaci\u00f3n y 14 n\u00facleos<\/strong><br \/>\nCon rendimiento PCIe Gen4 y memoria DDR5 para velocidades de hasta 4800 MHz, el nuevo procesador Intel i7-12800H de 14 n\u00facleos puede seguir el ritmo de las tareas que m\u00e1s recursos consumen sin sudar.<\/li>\n<li><strong>Gr\u00e1ficos de la serie NVIDIA GeForce RTX 30 Ti<\/strong><br \/>\nConstruidas sobre la galardonada arquitectura RTX de segunda generaci\u00f3n de NVIDIA, estas GPU brindan los gr\u00e1ficos con trazado de rayos m\u00e1s realistas y funciones de inteligencia artificial de vanguardia para los gr\u00e1ficos m\u00e1s potentes en una computadora port\u00e1til para juegos.<\/li>\n<li><strong>Su elecci\u00f3n de pantallas brillantes<\/strong><br \/>\nElija FHD ultrarr\u00e1pido de 360 \u200b\u200bHz para juegos competitivos, el nuevo UHD de 144 Hz para trabajo creativo con claridad 4K o una pantalla QHD de 240 Hz para lo mejor de ambos mundos.<\/li>\n<li><strong>Enfriamiento de c\u00e1mara de vapor<\/strong><br \/>\nActualizado con m\u00e1s aletas de escape (83 en total a 0,075 mm), 88 aspas de ventilador y una mayor capacidad de l\u00edquido, el sistema optimiza sus bloqueadores t\u00e9rmicos de nanopart\u00edculas y componentes de grado de servidor para maximizar el umbral t\u00e9rmico.<\/li>\n<li><strong>F\u00e1cil actualizaci\u00f3n<\/strong><br \/>\nCon una ranura M.2 adicional y ranuras de memoria actualizables por el usuario que admiten hasta 64 GB de memoria, puede actualizar el Razer Blade 15 seg\u00fan sus necesidades.<\/li>\n<li><strong>Conectividad avanzada<\/strong><br \/>\nCon WiFi-6E integrado y una ranura para tarjeta SD UHS-II, puede reducir el uso de adaptadores y viajar ligero.<\/li>\n<\/ul>\n<\/div>\n","protected":false},"excerpt":{"rendered":"<p>Con el \u00faltimo procesador Intel\u00ae Core\u2122 i9 de 12.\u00aa generaci\u00f3n (14 n\u00facleos) y gr\u00e1ficos de la serie NVIDIA GeForce RTX 30 Ti, el nuevo Razer Blade 15 ofrece im\u00e1genes que<\/p>\n","protected":false},"featured_media":91690,"comment_status":"open","ping_status":"closed","template":"","meta":{"_acf_changed":false,"_joinchat":[]},"product_brand":[],"product_cat":[277,280,432],"product_tag":[],"class_list":{"0":"post-91689","1":"product","2":"type-product","3":"status-publish","4":"has-post-thumbnail","6":"product_cat-zona-gamer","7":"product_cat-pc-gaming","8":"product_cat-laptops-gamer","10":"first","11":"instock","12":"sale","13":"shipping-taxable","14":"purchasable","15":"product-type-simple"},"acf":[],"_links":{"self":[{"href":"https:\/\/defabrica.com.mx\/defabrica\/wp-json\/wp\/v2\/product\/91689","targetHints":{"allow":["GET"]}}],"collection":[{"href":"https:\/\/defabrica.com.mx\/defabrica\/wp-json\/wp\/v2\/product"}],"about":[{"href":"https:\/\/defabrica.com.mx\/defabrica\/wp-json\/wp\/v2\/types\/product"}],"replies":[{"embeddable":true,"href":"https:\/\/defabrica.com.mx\/defabrica\/wp-json\/wp\/v2\/comments?post=91689"}],"wp:featuredmedia":[{"embeddable":true,"href":"https:\/\/defabrica.com.mx\/defabrica\/wp-json\/wp\/v2\/media\/91690"}],"wp:attachment":[{"href":"https:\/\/defabrica.com.mx\/defabrica\/wp-json\/wp\/v2\/media?parent=91689"}],"wp:term":[{"taxonomy":"product_brand","embeddable":true,"href":"https:\/\/defabrica.com.mx\/defabrica\/wp-json\/wp\/v2\/product_brand?post=91689"},{"taxonomy":"product_cat","embeddable":true,"href":"https:\/\/defabrica.com.mx\/defabrica\/wp-json\/wp\/v2\/product_cat?post=91689"},{"taxonomy":"product_tag","embeddable":true,"href":"https:\/\/defabrica.com.mx\/defabrica\/wp-json\/wp\/v2\/product_tag?post=91689"}],"curies":[{"name":"wp","href":"https:\/\/api.w.org\/{rel}","templated":true}]}}