{"id":91683,"date":"2022-07-20T21:13:26","date_gmt":"2022-07-21T02:13:26","guid":{"rendered":"https:\/\/defabrica.com.mx\/defabrica\/?post_type=product&#038;p=91683"},"modified":"2023-01-19T12:31:16","modified_gmt":"2023-01-19T18:31:16","slug":"razer-blade-15-advanced-laptop-para-juegos-de-15-6-qhd-240hz-intel-core-i7-nvidia-geforce-rtx-3060-16gb-ram-1tb-ssd-negro","status":"publish","type":"product","link":"https:\/\/defabrica.com.mx\/defabrica\/producto\/razer-blade-15-advanced-laptop-para-juegos-de-15-6-qhd-240hz-intel-core-i7-nvidia-geforce-rtx-3060-16gb-ram-1tb-ssd-negro\/","title":{"rendered":"Razer &#8211; Blade 15 Advanced &#8211; Laptop para juegos de 15.6&#8243; &#8211; QHD- 240HZ &#8211; Intel Core i7 &#8211; NVIDIA GeForce RTX 3060 &#8211; 16GB RAM &#8211; 1TB SSD &#8211; Negro"},"content":{"rendered":"<div class=\"embedded-component-container lv product-description\">\n<div>\n<div id=\"shop-product-description-69017653\" class=\"_none\" data-version=\"1.3.46\">\n<div class=\"shop-product-description\">\n<section class=\"align-heading-left\" data-reactroot=\"\">\n<div class=\"long-description-container body-copy \">\n<div class=\"html-fragment\">Con el \u00faltimo procesador Intel Core i7-12800H de 12.\u00aa generaci\u00f3n (14 n\u00facleos), gr\u00e1ficos NVIDIA GeForce RTX 3060 y 16 GB de RAM DDR5 a 4800 MHz, el nuevo Razer Blade 15 brinda la experiencia de juego m\u00e1s inmersiva con la pantalla QHD (2160&#215;1440) de 240 Hz perfectamente equilibrada completo con NVIDIA G-Sync y Advanced Optimus.<\/div>\n<\/div>\n<\/section>\n<\/div>\n<\/div>\n<\/div>\n<\/div>\n<div class=\"embedded-component-container lv product-features\">\n<h3><\/h3>\n<h3 class=\"heading-5 v-fw-regular feature-heading\"><strong>Caracter\u00edsticas<\/strong><\/h3>\n<ul>\n<li><strong>Tarjeta gr\u00e1fica NVIDIA GeForce RTX 3060<\/strong><br \/>\nGr\u00e1ficos realistas con trazado de rayos, aceleraci\u00f3n de rendimiento NVIDIA DLSS impulsada por IA aclamada por la cr\u00edtica y soporte para otras tecnolog\u00edas imprescindibles como NVIDIA Broadcast y NVIDIA Reflex<\/li>\n<li><strong>CPU Intel Core i7 de 14 n\u00facleos de 12.\u00aa generaci\u00f3n<\/strong><br \/>\nExperimente la potencia de vanguardia con el procesador Intel Core i7-12800H recientemente lanzado con hasta 4,8 GHz de Turbo Boost para un rendimiento inigualable para asumir las tareas creativas y de juegos m\u00e1s exigentes.<\/li>\n<li><strong>Pantalla QHD de 240 Hz<\/strong><br \/>\nLa alta frecuencia de actualizaci\u00f3n se combina con la alta resoluci\u00f3n para brindar una experiencia de juego receptiva que viene con un mayor nivel de detalle y sin roturas de pantalla gracias a NVIDIA G-SYNC<\/li>\n<li><strong>Memoria DDR5 4800MHz<\/strong><br \/>\n50% m\u00e1s r\u00e1pido que la generaci\u00f3n anterior, disfrute de una experiencia m\u00e1s r\u00e1pida y fluida al cargar aplicaciones, ejecutar juegos y realizar otras tareas cotidianas de la PC<\/li>\n<li><strong>Enfriamiento de c\u00e1mara de vapor de pr\u00f3xima generaci\u00f3n<\/strong><br \/>\nActualizado con m\u00e1s aletas de escape, ventiladores m\u00e1s silenciosos y una mayor capacidad de l\u00edquido, el nuevo Blade 15 funciona m\u00e1s fresco y silencioso que nunca.<\/li>\n<li><strong>Conectividad avanzada<\/strong><br \/>\nCon\u00e9ctese, juegue y comparta sin esfuerzo gracias al puerto HDMI 2.1 integrado, el puerto Thunderbolt 4 USB-C y la ranura para tarjeta SD UHS-III m\u00e1s conectividad Bluetooth 5.2<\/li>\n<\/ul>\n<\/div>\n","protected":false},"excerpt":{"rendered":"<p>Con el \u00faltimo procesador Intel Core i7-12800H de 12.\u00aa generaci\u00f3n (14 n\u00facleos), gr\u00e1ficos NVIDIA GeForce RTX 3060 y 16 GB de RAM DDR5 a 4800 MHz, el nuevo Razer Blade<\/p>\n","protected":false},"featured_media":91684,"comment_status":"open","ping_status":"closed","template":"","meta":{"_acf_changed":false,"_joinchat":[]},"product_brand":[],"product_cat":[277,280,432],"product_tag":[],"class_list":{"0":"post-91683","1":"product","2":"type-product","3":"status-publish","4":"has-post-thumbnail","6":"product_cat-zona-gamer","7":"product_cat-pc-gaming","8":"product_cat-laptops-gamer","10":"first","11":"instock","12":"sale","13":"shipping-taxable","14":"purchasable","15":"product-type-simple"},"acf":[],"_links":{"self":[{"href":"https:\/\/defabrica.com.mx\/defabrica\/wp-json\/wp\/v2\/product\/91683","targetHints":{"allow":["GET"]}}],"collection":[{"href":"https:\/\/defabrica.com.mx\/defabrica\/wp-json\/wp\/v2\/product"}],"about":[{"href":"https:\/\/defabrica.com.mx\/defabrica\/wp-json\/wp\/v2\/types\/product"}],"replies":[{"embeddable":true,"href":"https:\/\/defabrica.com.mx\/defabrica\/wp-json\/wp\/v2\/comments?post=91683"}],"wp:featuredmedia":[{"embeddable":true,"href":"https:\/\/defabrica.com.mx\/defabrica\/wp-json\/wp\/v2\/media\/91684"}],"wp:attachment":[{"href":"https:\/\/defabrica.com.mx\/defabrica\/wp-json\/wp\/v2\/media?parent=91683"}],"wp:term":[{"taxonomy":"product_brand","embeddable":true,"href":"https:\/\/defabrica.com.mx\/defabrica\/wp-json\/wp\/v2\/product_brand?post=91683"},{"taxonomy":"product_cat","embeddable":true,"href":"https:\/\/defabrica.com.mx\/defabrica\/wp-json\/wp\/v2\/product_cat?post=91683"},{"taxonomy":"product_tag","embeddable":true,"href":"https:\/\/defabrica.com.mx\/defabrica\/wp-json\/wp\/v2\/product_tag?post=91683"}],"curies":[{"name":"wp","href":"https:\/\/api.w.org\/{rel}","templated":true}]}}