{"id":91677,"date":"2022-07-20T21:10:48","date_gmt":"2022-07-21T02:10:48","guid":{"rendered":"https:\/\/defabrica.com.mx\/defabrica\/?post_type=product&#038;p=91677"},"modified":"2022-07-20T21:10:48","modified_gmt":"2022-07-21T02:10:48","slug":"razer-portatil-blade-stealth-de-133-intel-core-i7-de-11-a-generacion-oled-memoria-de-16-gb-nvidia-geforce-gtx-1650-ti-ssd-de-512-gb-negro","status":"publish","type":"product","link":"https:\/\/defabrica.com.mx\/defabrica\/producto\/razer-portatil-blade-stealth-de-133-intel-core-i7-de-11-a-generacion-oled-memoria-de-16-gb-nvidia-geforce-gtx-1650-ti-ssd-de-512-gb-negro\/","title":{"rendered":"Razer &#8211; Port\u00e1til Blade Stealth de 13,3&#8243; &#8211; Intel Core i7 de 11.\u00aa generaci\u00f3n &#8211; OLED &#8211; Memoria de 16 GB &#8211; NVIDIA GeForce GTX 1650 Ti &#8211; SSD de 512 GB &#8211; Negro"},"content":{"rendered":"<p>Mant\u00e9ngase por delante de la competencia con esta computadora port\u00e1til para juegos Razer Blade Stealth.\u00a0El procesador Intel Core i7 y 16 GB de RAM manejan aplicaciones de transmisi\u00f3n y carreras de ritmo r\u00e1pido simult\u00e1neamente, mientras que la tarjeta gr\u00e1fica NVIDIA GeForce GTX 1650 Ti ofrece im\u00e1genes brillantes y de textura fina en la pantalla OLED Full HD de 13,3 pulgadas.\u00a0Esta computadora port\u00e1til para juegos Razer Blade Stealth tiene un SSD de 512 GB, que brinda almacenamiento de alto rendimiento para su colecci\u00f3n de juegos y medios.<\/p>\n<h3><\/h3>\n<h3 class=\"heading-5 v-fw-regular feature-heading\"><strong>Caracter\u00edsticas<\/strong><\/h3>\n<ul>\n<li><strong>sistema operativo Windows 10<\/strong><br \/>\nRecupera el men\u00fa Inicio de Windows 7 e introduce nuevas caracter\u00edsticas, como el navegador web Edge que le permite marcar p\u00e1ginas web en su pantalla.<\/li>\n<li><strong>Pantalla t\u00e1ctil OLED Full HD de 13,3&#8243;<\/strong><br \/>\nIm\u00e1genes coloridas y precisas en la pantalla t\u00e1ctil OLED de resoluci\u00f3n 1920&#215;1080 calibrada de f\u00e1brica con bisel delgado, para una experiencia inmersiva.<\/li>\n<li><strong>Procesador Intel\u00ae Core\u2122 i7-1165G7 de 11.\u00aa generaci\u00f3n<\/strong><br \/>\nPlataforma de ultra bajo voltaje. El procesamiento de cuatro n\u00facleos y ocho v\u00edas proporciona la m\u00e1xima potencia de alta eficiencia para llevar. La tecnolog\u00eda Intel Turbo Boost brinda potencia extra din\u00e1mica cuando la necesita.<\/li>\n<li><strong>Memoria del sistema de 16 GB para multitarea y juegos intensos<\/strong><br \/>\nGran cantidad de RAM LPDDR4X de alto ancho de banda para ejecutar sin problemas sus juegos de PC con muchos gr\u00e1ficos, aplicaciones de edici\u00f3n de video, numerosos programas y pesta\u00f1as del navegador al mismo tiempo.<\/li>\n<li><strong>Unidad de estado s\u00f3lido (SSD) de 512 GB<\/strong><br \/>\nEste SSD basado en flash no tiene partes m\u00f3viles, lo que resulta en tiempos de inicio y acceso a datos m\u00e1s r\u00e1pidos, sin ruido y reducci\u00f3n de la producci\u00f3n de calor y el consumo de energ\u00eda de la bater\u00eda.<\/li>\n<li><strong>Listo para gr\u00e1ficos externos<\/strong><br \/>\nConecte esta computadora port\u00e1til Razer Blade Stealth a los gr\u00e1ficos externos Razer Core X (se venden por separado) para experimentar un aumento en el rendimiento gr\u00e1fico para juegos de escritorio y producci\u00f3n creativa avanzada.<\/li>\n<li><strong>Gr\u00e1ficos NVIDIA GeForce GTX 1650 Ti<\/strong><br \/>\nImpulsado por una memoria de video dedicada GDDR6 de 4 GB para generar r\u00e1pidamente im\u00e1genes de alta calidad para videos y juegos.<\/li>\n<li><strong>Audio espacial THX<\/strong><br \/>\nTHX\u00ae Spatial Audio es una soluci\u00f3n de audio posicional flexible que ofrece una precisi\u00f3n de audio precisa para proporcionar al oyente una experiencia de entretenimiento mejorada, m\u00e1s realista e inmersiva.<\/li>\n<li><strong>Pesa 3.1 libras. y mide 0.6&#8243; de espesor<\/strong><br \/>\nDise\u00f1o delgado y liviano para una mejor portabilidad. Bater\u00eda de pol\u00edmero de iones de litio.<\/li>\n<li><strong>Chasis de aluminio<\/strong><br \/>\nEl marco de una sola pieza est\u00e1 reforzado con mecanizado CNC de precisi\u00f3n de aluminio de alta calidad para una m\u00e1xima durabilidad y una forma elegante y hermosa.<\/li>\n<li><strong>Puertos Thunderbolt 4 para conectar monitores avanzados y unidades externas<\/strong><br \/>\nSu interfaz \u00fanica admite datos de alta velocidad y video de alta definici\u00f3n, adem\u00e1s de alimentaci\u00f3n por cable para dispositivos alimentados por bus, ideal para creadores de contenido digital.<\/li>\n<li><strong>Conectividad inal\u00e1mbrica\/por cable (Wi-Fi 6 &#8211; 802.11ax)<\/strong><br \/>\nConectividad flexible de doble banda, mayor fiabilidad gracias a dos flujos de datos y antenas. Con\u00e9ctese a un enrutador Wi-Fi para experimentar velocidades de GB Wi-Fi casi 3 veces m\u00e1s r\u00e1pidas que Wi-Fi 5 est\u00e1ndar con capacidad de respuesta mejorada para m\u00e1s dispositivos.<\/li>\n<li><strong>c\u00e1mara web incorporada<\/strong><br \/>\nFacilita el chat de video con su familia y amigos o la teleconferencia con colegas a trav\u00e9s de Skype u otras aplicaciones populares.<\/li>\n<li><strong>Teclado retroiluminado RGB<\/strong><br \/>\nCuenta con iluminaci\u00f3n RGB de zona \u00fanica Razer Chroma para una experiencia de juego inmersiva y un panel t\u00e1ctil de vidrio de precisi\u00f3n que le brinda controles t\u00e1ctiles precisos.<\/li>\n<li><strong>puerto adicional<\/strong><br \/>\nConector combinado de entrada\/salida de micr\u00f3fono.<\/li>\n<li><strong>Esta computadora port\u00e1til no incluye una unidad de DVD\/CD incorporada.<\/strong><\/li>\n<\/ul>\n","protected":false},"excerpt":{"rendered":"<p>Mant\u00e9ngase por delante de la competencia con esta computadora port\u00e1til para juegos Razer Blade Stealth.\u00a0El procesador Intel Core i7 y 16 GB de RAM manejan aplicaciones de transmisi\u00f3n y carreras<\/p>\n","protected":false},"featured_media":91678,"comment_status":"open","ping_status":"closed","template":"","meta":{"_acf_changed":false,"_joinchat":[]},"product_brand":[],"product_cat":[277,280,432],"product_tag":[],"class_list":{"0":"post-91677","1":"product","2":"type-product","3":"status-publish","4":"has-post-thumbnail","6":"product_cat-zona-gamer","7":"product_cat-pc-gaming","8":"product_cat-laptops-gamer","10":"first","11":"instock","12":"sale","13":"shipping-taxable","14":"purchasable","15":"product-type-simple"},"acf":[],"_links":{"self":[{"href":"https:\/\/defabrica.com.mx\/defabrica\/wp-json\/wp\/v2\/product\/91677","targetHints":{"allow":["GET"]}}],"collection":[{"href":"https:\/\/defabrica.com.mx\/defabrica\/wp-json\/wp\/v2\/product"}],"about":[{"href":"https:\/\/defabrica.com.mx\/defabrica\/wp-json\/wp\/v2\/types\/product"}],"replies":[{"embeddable":true,"href":"https:\/\/defabrica.com.mx\/defabrica\/wp-json\/wp\/v2\/comments?post=91677"}],"wp:featuredmedia":[{"embeddable":true,"href":"https:\/\/defabrica.com.mx\/defabrica\/wp-json\/wp\/v2\/media\/91678"}],"wp:attachment":[{"href":"https:\/\/defabrica.com.mx\/defabrica\/wp-json\/wp\/v2\/media?parent=91677"}],"wp:term":[{"taxonomy":"product_brand","embeddable":true,"href":"https:\/\/defabrica.com.mx\/defabrica\/wp-json\/wp\/v2\/product_brand?post=91677"},{"taxonomy":"product_cat","embeddable":true,"href":"https:\/\/defabrica.com.mx\/defabrica\/wp-json\/wp\/v2\/product_cat?post=91677"},{"taxonomy":"product_tag","embeddable":true,"href":"https:\/\/defabrica.com.mx\/defabrica\/wp-json\/wp\/v2\/product_tag?post=91677"}],"curies":[{"name":"wp","href":"https:\/\/api.w.org\/{rel}","templated":true}]}}