{"id":91665,"date":"2022-07-20T21:01:41","date_gmt":"2022-07-21T02:01:41","guid":{"rendered":"https:\/\/defabrica.com.mx\/defabrica\/?post_type=product&#038;p=91665"},"modified":"2023-01-19T12:29:27","modified_gmt":"2023-01-19T18:29:27","slug":"razer-blade-17-laptop-para-juegos-de-17-3-fhd-360hz-intel-core-i7-nvidia-geforce-rtx-3080-ti-32gb-ram-1tb-ssd-negro","status":"publish","type":"product","link":"https:\/\/defabrica.com.mx\/defabrica\/producto\/razer-blade-17-laptop-para-juegos-de-17-3-fhd-360hz-intel-core-i7-nvidia-geforce-rtx-3080-ti-32gb-ram-1tb-ssd-negro\/","title":{"rendered":"Razer &#8211; Blade 17 &#8211; Laptop para juegos de 17.3&#8243; &#8211; FHD 360Hz &#8211; Intel Core i7 &#8211; NVIDIA GeForce RTX 3080 Ti &#8211; 32GB RAM &#8211; 1TB SSD &#8211; Negro"},"content":{"rendered":"<div class=\"embedded-component-container lv product-description\">\n<div>\n<div id=\"shop-product-description-9432356\" class=\"_none\" data-version=\"1.3.46\">\n<div class=\"shop-product-description\">\n<section class=\"align-heading-left\" data-reactroot=\"\">\n<div class=\"long-description-container body-copy \">\n<div class=\"html-fragment\">El nuevo Razer Blade 17 es m\u00e1s potente que nunca, con el \u00faltimo procesador Intel\u00ae Core i7-12800H de 12.\u00aa generaci\u00f3n, gr\u00e1ficos NVIDIA\u00ae GeForce RTX 3070Ti y 32 GB de RAM DDR5 (4800 MHz) que alimentan la pantalla ultrarr\u00e1pida FHD de 360 \u200b\u200bHz, sin dejar de ser compacto en dise\u00f1o para empoderar a los profesionales sobre la marcha.<\/div>\n<\/div>\n<\/section>\n<\/div>\n<\/div>\n<\/div>\n<\/div>\n<div class=\"embedded-component-container lv product-features\">\n<h3><\/h3>\n<h3 class=\"heading-5 v-fw-regular feature-heading\"><strong>Caracter\u00edsticas<\/strong><\/h3>\n<ul>\n<li><strong>Tarjeta gr\u00e1fica NVIDIA GeForce RTX 3080Ti<\/strong><br \/>\nLa nueva GPU GeForce RTX 3080 Ti para computadora port\u00e1til trae la clase insignia de GPU 80 Ti a las computadoras port\u00e1tiles por primera vez: con 16 GB de la memoria GDDR6 m\u00e1s r\u00e1pida jam\u00e1s enviada en una computadora port\u00e1til, la RTX 3080 Ti ofrece un mayor rendimiento que la TITAN RTX de escritorio.<\/li>\n<li><strong>CPU Intel Core i7 de 14 n\u00facleos de 12.\u00aa generaci\u00f3n<\/strong><br \/>\nExperimente la velocidad de vanguardia en el nuevo procesador Intel\u00ae Core\u2122 i7-12800H con hasta 4,8 GHz de Turbo Boost para un rendimiento inigualable para asumir las tareas creativas y de juegos m\u00e1s exigentes.<\/li>\n<li><strong>Pantalla FHD de 360 \u200b\u200bHz<\/strong><br \/>\nCompite al m\u00e1s alto nivel con el m\u00e1ximo de fotogramas y la frecuencia de actualizaci\u00f3n m\u00e1s r\u00e1pida disponible para obtener una ventaja injusta.<\/li>\n<li><strong>Memoria DDR5 4800MHz<\/strong><br \/>\n50 % m\u00e1s r\u00e1pido que la generaci\u00f3n anterior: disfrute de una experiencia m\u00e1s r\u00e1pida y fluida al cargar aplicaciones, ejecutar juegos y realizar otras tareas cotidianas<\/li>\n<li><strong>Enfriamiento de c\u00e1mara de vapor de pr\u00f3xima generaci\u00f3n<\/strong><br \/>\nActualizado con m\u00e1s aletas de escape, ventiladores m\u00e1s silenciosos y una mayor capacidad de l\u00edquido, el nuevo Blade 17 funciona m\u00e1s fresco y silencioso que nunca.<\/li>\n<li><strong>Conectividad de escritorio<\/strong><br \/>\nCon el puerto HDMI 2.1 integrado, el puerto Thunderbolt 4 USB-C, la ranura para tarjeta SD UHS-III y el puerto Ethernet de 2,5 GB, nunca sienta la necesidad de comprometer la forma en que usa accesorios<\/li>\n<\/ul>\n<\/div>\n","protected":false},"excerpt":{"rendered":"<p>El nuevo Razer Blade 17 es m\u00e1s potente que nunca, con el \u00faltimo procesador Intel\u00ae Core i7-12800H de 12.\u00aa generaci\u00f3n, gr\u00e1ficos NVIDIA\u00ae GeForce RTX 3070Ti y 32 GB de RAM<\/p>\n","protected":false},"featured_media":91666,"comment_status":"open","ping_status":"closed","template":"","meta":{"_acf_changed":false,"_joinchat":[]},"product_brand":[],"product_cat":[277,280,432],"product_tag":[],"class_list":{"0":"post-91665","1":"product","2":"type-product","3":"status-publish","4":"has-post-thumbnail","6":"product_cat-zona-gamer","7":"product_cat-pc-gaming","8":"product_cat-laptops-gamer","10":"first","11":"instock","12":"sale","13":"shipping-taxable","14":"purchasable","15":"product-type-simple"},"acf":[],"_links":{"self":[{"href":"https:\/\/defabrica.com.mx\/defabrica\/wp-json\/wp\/v2\/product\/91665","targetHints":{"allow":["GET"]}}],"collection":[{"href":"https:\/\/defabrica.com.mx\/defabrica\/wp-json\/wp\/v2\/product"}],"about":[{"href":"https:\/\/defabrica.com.mx\/defabrica\/wp-json\/wp\/v2\/types\/product"}],"replies":[{"embeddable":true,"href":"https:\/\/defabrica.com.mx\/defabrica\/wp-json\/wp\/v2\/comments?post=91665"}],"wp:featuredmedia":[{"embeddable":true,"href":"https:\/\/defabrica.com.mx\/defabrica\/wp-json\/wp\/v2\/media\/91666"}],"wp:attachment":[{"href":"https:\/\/defabrica.com.mx\/defabrica\/wp-json\/wp\/v2\/media?parent=91665"}],"wp:term":[{"taxonomy":"product_brand","embeddable":true,"href":"https:\/\/defabrica.com.mx\/defabrica\/wp-json\/wp\/v2\/product_brand?post=91665"},{"taxonomy":"product_cat","embeddable":true,"href":"https:\/\/defabrica.com.mx\/defabrica\/wp-json\/wp\/v2\/product_cat?post=91665"},{"taxonomy":"product_tag","embeddable":true,"href":"https:\/\/defabrica.com.mx\/defabrica\/wp-json\/wp\/v2\/product_tag?post=91665"}],"curies":[{"name":"wp","href":"https:\/\/api.w.org\/{rel}","templated":true}]}}