{"id":91618,"date":"2022-07-20T19:28:30","date_gmt":"2022-07-21T00:28:30","guid":{"rendered":"https:\/\/defabrica.com.mx\/defabrica\/?post_type=product&#038;p=91618"},"modified":"2023-01-19T12:24:25","modified_gmt":"2023-01-19T18:24:25","slug":"razer-blade-14-laptop-para-juegos-de-14-qhd-165hz-amd-ryzen-9-6900hx-nvidia-geforce-rtx-3080ti-16gb-ram-1tb-ssd-negro","status":"publish","type":"product","link":"https:\/\/defabrica.com.mx\/defabrica\/producto\/razer-blade-14-laptop-para-juegos-de-14-qhd-165hz-amd-ryzen-9-6900hx-nvidia-geforce-rtx-3080ti-16gb-ram-1tb-ssd-negro\/","title":{"rendered":"Razer &#8211; Blade 14- Laptop para juegos de 14&#8243;- QHD 165Hz- AMD Ryzen 9 6900HX- NVIDIA GeForce RTX 3080Ti- 16GB RAM- 1TB SSD &#8211; Negro"},"content":{"rendered":"<div class=\"embedded-component-container lv product-description\">\n<div>\n<div id=\"shop-product-description-98923100\" class=\"_none\" data-version=\"1.3.46\">\n<div class=\"shop-product-description\">\n<section class=\"align-heading-left\" data-reactroot=\"\">\n<div class=\"long-description-container body-copy \">\n<div class=\"html-fragment\">El nuevo Razer Blade 14 combina el \u00faltimo procesador AMD\ufe0f Ryzen 9 6900HX, gr\u00e1ficos NVIDIA GeForce RTX 3080Ti y 16 GB de memoria DDR5 de 4800 MHz con una pantalla ultrarr\u00e1pida de 165 Hz para brindarle la mejor computadora port\u00e1til para juegos de 14 \u00abpara un rendimiento y una portabilidad sin concesiones.<\/div>\n<\/div>\n<\/section>\n<\/div>\n<\/div>\n<\/div>\n<\/div>\n<div class=\"embedded-component-container lv product-features\">\n<h3><\/h3>\n<h3 class=\"heading-5 v-fw-regular feature-heading\"><strong>Caracter\u00edsticas<\/strong><\/h3>\n<ul>\n<li><strong>Tarjeta gr\u00e1fica NVIDIA GeForce RTX 3080Ti<\/strong><br \/>\nLlevando la clase insignia de GPU 80 Ti a las computadoras port\u00e1tiles por primera vez, la RTX 3080Ti cuenta con 16 GB de la memoria GDDR6 m\u00e1s r\u00e1pida jam\u00e1s enviada en una computadora port\u00e1til y ofrece un mayor rendimiento que la TITAN RTX de escritorio.<\/li>\n<li><strong>Procesador AMD Ryzen 9 de 8 n\u00facleos<\/strong><br \/>\nExperimente una velocidad de vanguardia con la CPU AMD Ryzen 9 6900HX de 8 n\u00facleos recientemente lanzada con hasta 4,9 GHz de Max Boost para un rendimiento inigualable para asumir las tareas creativas y de juego m\u00e1s exigentes<\/li>\n<li><strong>Pantalla QHD de 165 Hz<\/strong><br \/>\nLas altas frecuencias de actualizaci\u00f3n se combinan con la alta resoluci\u00f3n para brindar una experiencia de juego receptiva que viene con un mayor nivel de detalle y fluidez.<\/li>\n<li><strong>Enfriamiento de c\u00e1mara de vapor de pr\u00f3xima generaci\u00f3n<\/strong><br \/>\nActualizado con m\u00e1s aletas de escape, ventiladores m\u00e1s silenciosos y una mayor capacidad de l\u00edquido, el nuevo Blade 14 funciona m\u00e1s fresco y silencioso que nunca.<\/li>\n<li><strong>Conectividad m\u00f3vil superior<\/strong><br \/>\nEquipado con un puerto HDMI 2.1 incorporado, USB-C (2 puertos), USB-A (2 puertos) y Wi-Fi 6E para ultraconectividad y la capacidad de personalizar sin compromiso<\/li>\n<\/ul>\n<\/div>\n","protected":false},"excerpt":{"rendered":"<p>El nuevo Razer Blade 14 combina el \u00faltimo procesador AMD\ufe0f Ryzen 9 6900HX, gr\u00e1ficos NVIDIA GeForce RTX 3080Ti y 16 GB de memoria DDR5 de 4800 MHz con una pantalla<\/p>\n","protected":false},"featured_media":91622,"comment_status":"open","ping_status":"closed","template":"","meta":{"_acf_changed":false,"_joinchat":[]},"product_brand":[],"product_cat":[277,280,432],"product_tag":[],"class_list":{"0":"post-91618","1":"product","2":"type-product","3":"status-publish","4":"has-post-thumbnail","6":"product_cat-zona-gamer","7":"product_cat-pc-gaming","8":"product_cat-laptops-gamer","10":"first","11":"instock","12":"sale","13":"shipping-taxable","14":"purchasable","15":"product-type-simple"},"acf":[],"_links":{"self":[{"href":"https:\/\/defabrica.com.mx\/defabrica\/wp-json\/wp\/v2\/product\/91618","targetHints":{"allow":["GET"]}}],"collection":[{"href":"https:\/\/defabrica.com.mx\/defabrica\/wp-json\/wp\/v2\/product"}],"about":[{"href":"https:\/\/defabrica.com.mx\/defabrica\/wp-json\/wp\/v2\/types\/product"}],"replies":[{"embeddable":true,"href":"https:\/\/defabrica.com.mx\/defabrica\/wp-json\/wp\/v2\/comments?post=91618"}],"wp:featuredmedia":[{"embeddable":true,"href":"https:\/\/defabrica.com.mx\/defabrica\/wp-json\/wp\/v2\/media\/91622"}],"wp:attachment":[{"href":"https:\/\/defabrica.com.mx\/defabrica\/wp-json\/wp\/v2\/media?parent=91618"}],"wp:term":[{"taxonomy":"product_brand","embeddable":true,"href":"https:\/\/defabrica.com.mx\/defabrica\/wp-json\/wp\/v2\/product_brand?post=91618"},{"taxonomy":"product_cat","embeddable":true,"href":"https:\/\/defabrica.com.mx\/defabrica\/wp-json\/wp\/v2\/product_cat?post=91618"},{"taxonomy":"product_tag","embeddable":true,"href":"https:\/\/defabrica.com.mx\/defabrica\/wp-json\/wp\/v2\/product_tag?post=91618"}],"curies":[{"name":"wp","href":"https:\/\/api.w.org\/{rel}","templated":true}]}}