{"id":91554,"date":"2022-07-20T18:06:08","date_gmt":"2022-07-20T23:06:08","guid":{"rendered":"https:\/\/defabrica.com.mx\/defabrica\/?post_type=product&#038;p=91554"},"modified":"2022-07-20T18:06:08","modified_gmt":"2022-07-20T23:06:08","slug":"msi-portatil-de-14-intel-core-i7-memoria-de-32-gb-ssd-de-1-tb-tinta-negra","status":"publish","type":"product","link":"https:\/\/defabrica.com.mx\/defabrica\/producto\/msi-portatil-de-14-intel-core-i7-memoria-de-32-gb-ssd-de-1-tb-tinta-negra\/","title":{"rendered":"MSI &#8211; Port\u00e1til de 14&#8243; &#8211; Intel Core i7 &#8211; Memoria de 32 GB &#8211; SSD de 1 TB &#8211; Tinta negra"},"content":{"rendered":"<div class=\"embedded-component-container lv product-description\">\n<div>\n<div id=\"shop-product-description-55923299\" class=\"_none\" data-version=\"1.3.46\">\n<div class=\"shop-product-description\">\n<section class=\"align-heading-left\" data-reactroot=\"\">\n<div class=\"long-description-container body-copy \">\n<div class=\"html-fragment\"><span>Volteo de cumbre.\u00a0Decidido a triunfar.\u00a0Las mejores creaciones se elaboran con c\u00e1lculos y dise\u00f1os precisos.\u00a0La tecnolog\u00eda se encuentra con la est\u00e9tica, fusionamos el dise\u00f1o posmoderno con la tecnolog\u00eda moderna para inspirar a los usuarios comerciales.\u00a0Summit Flip cuenta con una bisagra de 360 \u200b\u200bgrados para hacer que esta computadora port\u00e1til sea compacta y vers\u00e1til.<\/span><\/div>\n<\/div>\n<\/section>\n<\/div>\n<\/div>\n<\/div>\n<\/div>\n<div class=\"embedded-component-container lv product-features\">\n<h3><\/h3>\n<h3 class=\"heading-5 v-fw-regular feature-heading\"><strong>Caracter\u00edsticas<\/strong><\/h3>\n<ul>\n<li><strong>Pantalla t\u00e1ctil QHD+ de 14&#8243; para control manual<\/strong><br \/>\nLa resoluci\u00f3n de 2880 x 1800 ofrece un color y una claridad asombrosos<\/li>\n<li><strong>Memoria del sistema de 32 GB para multitarea y juegos intensos<\/strong><br \/>\nMontones de RAM LPDDR5 de alto ancho de banda para ejecutar sin problemas sus juegos de PC con muchos gr\u00e1ficos y aplicaciones de edici\u00f3n de video, as\u00ed como numerosos programas y pesta\u00f1as del navegador, todo a la vez.<\/li>\n<li><strong>Unidad de estado s\u00f3lido (PCI-e)<\/strong><br \/>\nGuarde archivos r\u00e1pidamente y almacene m\u00e1s datos. Con grandes cantidades de almacenamiento y poder de comunicaci\u00f3n avanzado, los SSD PCI-e son excelentes para las principales aplicaciones de juegos, m\u00faltiples servidores, copias de seguridad diarias y m\u00e1s.<\/li>\n<li><strong>Dise\u00f1o 2 en 1<\/strong><br \/>\nDise\u00f1o 2 en 1 para m\u00e1xima portabilidad y flexibilidad. Dise\u00f1ado para ser m\u00e1s ligero y m\u00e1s c\u00f3modo de llevar<\/li>\n<li><strong>Gr\u00e1ficos compartidos Intel Iris xe<\/strong><br \/>\nGr\u00e1ficos Intel Iris xe para el trabajo de oficina regular, navegar por la web, mirar videos y jugar juegos<\/li>\n<li><strong>Pesa 3,61 libras y mide 0,63&#8243; de espesor<\/strong><br \/>\nDise\u00f1o liviano, con una pantalla un poco m\u00e1s peque\u00f1a y sin la unidad de DVD\/CD para mejorar la portabilidad. Bater\u00eda de 4 celdas.<\/li>\n<li><strong>La salida HDMI ampl\u00eda sus opciones de visualizaci\u00f3n<\/strong><br \/>\nCon\u00e9ctese a un HDTV o monitor de alta definici\u00f3n para configurar dos pantallas una al lado de la otra o simplemente ver m\u00e1s de la imagen general.<\/li>\n<li><strong>Teclado iluminado<\/strong><br \/>\nTeclado retroiluminado Para escribir f\u00e1cilmente en condiciones de poca luz u oscuridad.<\/li>\n<\/ul>\n<\/div>\n","protected":false},"excerpt":{"rendered":"<p>Volteo de cumbre.\u00a0Decidido a triunfar.\u00a0Las mejores creaciones se elaboran con c\u00e1lculos y dise\u00f1os precisos.\u00a0La tecnolog\u00eda se encuentra con la est\u00e9tica, fusionamos el dise\u00f1o posmoderno con la tecnolog\u00eda moderna para inspirar<\/p>\n","protected":false},"featured_media":91555,"comment_status":"open","ping_status":"closed","template":"","meta":{"_acf_changed":false,"_joinchat":[]},"product_brand":[],"product_cat":[277,280,432],"product_tag":[],"class_list":{"0":"post-91554","1":"product","2":"type-product","3":"status-publish","4":"has-post-thumbnail","6":"product_cat-zona-gamer","7":"product_cat-pc-gaming","8":"product_cat-laptops-gamer","10":"first","11":"instock","12":"sale","13":"shipping-taxable","14":"purchasable","15":"product-type-simple"},"acf":[],"_links":{"self":[{"href":"https:\/\/defabrica.com.mx\/defabrica\/wp-json\/wp\/v2\/product\/91554","targetHints":{"allow":["GET"]}}],"collection":[{"href":"https:\/\/defabrica.com.mx\/defabrica\/wp-json\/wp\/v2\/product"}],"about":[{"href":"https:\/\/defabrica.com.mx\/defabrica\/wp-json\/wp\/v2\/types\/product"}],"replies":[{"embeddable":true,"href":"https:\/\/defabrica.com.mx\/defabrica\/wp-json\/wp\/v2\/comments?post=91554"}],"wp:featuredmedia":[{"embeddable":true,"href":"https:\/\/defabrica.com.mx\/defabrica\/wp-json\/wp\/v2\/media\/91555"}],"wp:attachment":[{"href":"https:\/\/defabrica.com.mx\/defabrica\/wp-json\/wp\/v2\/media?parent=91554"}],"wp:term":[{"taxonomy":"product_brand","embeddable":true,"href":"https:\/\/defabrica.com.mx\/defabrica\/wp-json\/wp\/v2\/product_brand?post=91554"},{"taxonomy":"product_cat","embeddable":true,"href":"https:\/\/defabrica.com.mx\/defabrica\/wp-json\/wp\/v2\/product_cat?post=91554"},{"taxonomy":"product_tag","embeddable":true,"href":"https:\/\/defabrica.com.mx\/defabrica\/wp-json\/wp\/v2\/product_tag?post=91554"}],"curies":[{"name":"wp","href":"https:\/\/api.w.org\/{rel}","templated":true}]}}