{"id":91515,"date":"2022-07-20T17:31:54","date_gmt":"2022-07-20T22:31:54","guid":{"rendered":"https:\/\/defabrica.com.mx\/defabrica\/?post_type=product&#038;p=91515"},"modified":"2022-07-20T17:31:54","modified_gmt":"2022-07-20T22:31:54","slug":"msi-laptop-prestige-14-14-intel-core-i5-memoria-16-gb-nvidia-geforce-gtx-1650-ssd-512-gb-piedra-azul","status":"publish","type":"product","link":"https:\/\/defabrica.com.mx\/defabrica\/producto\/msi-laptop-prestige-14-14-intel-core-i5-memoria-16-gb-nvidia-geforce-gtx-1650-ssd-512-gb-piedra-azul\/","title":{"rendered":"MSI &#8211; Laptop Prestige 14 14&#8243; &#8211; Intel Core i5 &#8211; Memoria 16 GB &#8211; NVIDIA GeForce GTX 1650 &#8211; SSD 512 GB &#8211; piedra azul"},"content":{"rendered":"<div class=\"embedded-component-container lv product-description\">\n<div>\n<div id=\"shop-product-description-92902560\" class=\"_none\" data-version=\"1.3.46\">\n<div class=\"shop-product-description\">\n<section class=\"align-heading-left\" data-reactroot=\"\">\n<div class=\"long-description-container body-copy \">\n<div class=\"html-fragment\"><span>Crea momentos atemporales.\u00a0Prestige 14. MSI aprovecha el esp\u00edritu de exploraci\u00f3n y creatividad al dise\u00f1ar esta colecci\u00f3n de port\u00e1tiles.\u00a0Para seguir empujando los l\u00edmites creativos, estas m\u00e1quinas finamente dise\u00f1adas muestran tanto grandeza como poder.\u00a0Es hora de dejar volar la inspiraci\u00f3n y crear nuestros propios momentos en la vida.<\/span><\/div>\n<\/div>\n<\/section>\n<\/div>\n<\/div>\n<\/div>\n<\/div>\n<div class=\"embedded-component-container lv product-features\">\n<h3><\/h3>\n<h3 class=\"heading-5 v-fw-regular feature-heading\"><strong>Caracter\u00edsticas<\/strong><\/h3>\n<ul>\n<li><strong>Pantalla de 14&#8243;<\/strong><br \/>\nLa tecnolog\u00eda IPS ofrece amplios \u00e1ngulos de visi\u00f3n. La resoluci\u00f3n de 1920 x 1080 cuenta con un color y una claridad impresionantes<\/li>\n<li><strong>Memoria del sistema de 16 GB para multitarea y juegos intensos<\/strong><br \/>\nGran cantidad de RAM LPDDR4X de gran ancho de banda para ejecutar sin problemas sus juegos de PC con muchos gr\u00e1ficos y aplicaciones de edici\u00f3n de video, as\u00ed como numerosos programas y pesta\u00f1as del navegador, todo a la vez.<\/li>\n<li><strong>Unidad de estado s\u00f3lido (SSD) de 512 GB<\/strong><br \/>\nSi bien ofrece menos espacio de almacenamiento que un disco duro, un SSD basado en flash no tiene partes m\u00f3viles, lo que resulta en tiempos de inicio y acceso a datos m\u00e1s r\u00e1pidos, sin ruido y menos producci\u00f3n de calor y consumo de energ\u00eda de la bater\u00eda.<\/li>\n<li><strong>Tarjeta gr\u00e1fica discreta NVIDIA GeForce GTX 1650<\/strong><br \/>\nTarjeta gr\u00e1fica discreta NVIDIA GeForce GTX 1650 para juegos y dise\u00f1o gr\u00e1fico que ofrece una experiencia visual \u00f3ptima<\/li>\n<li><strong>Pesa 4,64 libras y mide 0,63&#8243; de espesor<\/strong><br \/>\nDise\u00f1o liviano con una pantalla ligeramente m\u00e1s peque\u00f1a para mejorar la portabilidad. Bater\u00eda de 3 celdas.<\/li>\n<li><strong>Teclado iluminado<\/strong><br \/>\nTeclado retroiluminado Para escribir f\u00e1cilmente en condiciones de poca luz u oscuridad.<\/li>\n<\/ul>\n<\/div>\n","protected":false},"excerpt":{"rendered":"<p>Crea momentos atemporales.\u00a0Prestige 14. MSI aprovecha el esp\u00edritu de exploraci\u00f3n y creatividad al dise\u00f1ar esta colecci\u00f3n de port\u00e1tiles.\u00a0Para seguir empujando los l\u00edmites creativos, estas m\u00e1quinas finamente dise\u00f1adas muestran tanto grandeza<\/p>\n","protected":false},"featured_media":91516,"comment_status":"open","ping_status":"closed","template":"","meta":{"_acf_changed":false,"_joinchat":[]},"product_brand":[],"product_cat":[277,280,432],"product_tag":[],"class_list":{"0":"post-91515","1":"product","2":"type-product","3":"status-publish","4":"has-post-thumbnail","6":"product_cat-zona-gamer","7":"product_cat-pc-gaming","8":"product_cat-laptops-gamer","10":"first","11":"instock","12":"sale","13":"shipping-taxable","14":"purchasable","15":"product-type-simple"},"acf":[],"_links":{"self":[{"href":"https:\/\/defabrica.com.mx\/defabrica\/wp-json\/wp\/v2\/product\/91515","targetHints":{"allow":["GET"]}}],"collection":[{"href":"https:\/\/defabrica.com.mx\/defabrica\/wp-json\/wp\/v2\/product"}],"about":[{"href":"https:\/\/defabrica.com.mx\/defabrica\/wp-json\/wp\/v2\/types\/product"}],"replies":[{"embeddable":true,"href":"https:\/\/defabrica.com.mx\/defabrica\/wp-json\/wp\/v2\/comments?post=91515"}],"wp:featuredmedia":[{"embeddable":true,"href":"https:\/\/defabrica.com.mx\/defabrica\/wp-json\/wp\/v2\/media\/91516"}],"wp:attachment":[{"href":"https:\/\/defabrica.com.mx\/defabrica\/wp-json\/wp\/v2\/media?parent=91515"}],"wp:term":[{"taxonomy":"product_brand","embeddable":true,"href":"https:\/\/defabrica.com.mx\/defabrica\/wp-json\/wp\/v2\/product_brand?post=91515"},{"taxonomy":"product_cat","embeddable":true,"href":"https:\/\/defabrica.com.mx\/defabrica\/wp-json\/wp\/v2\/product_cat?post=91515"},{"taxonomy":"product_tag","embeddable":true,"href":"https:\/\/defabrica.com.mx\/defabrica\/wp-json\/wp\/v2\/product_tag?post=91515"}],"curies":[{"name":"wp","href":"https:\/\/api.w.org\/{rel}","templated":true}]}}