{"id":91478,"date":"2022-07-20T17:13:00","date_gmt":"2022-07-20T22:13:00","guid":{"rendered":"https:\/\/defabrica.com.mx\/defabrica\/?post_type=product&#038;p=91478"},"modified":"2023-01-18T16:46:37","modified_gmt":"2023-01-18T22:46:37","slug":"msi-laptop-summit-e14-evo-14-intel-core-i5-memoria-de-16-gb-ssd-de-512-gb-tinta-negra","status":"publish","type":"product","link":"https:\/\/defabrica.com.mx\/defabrica\/producto\/msi-laptop-summit-e14-evo-14-intel-core-i5-memoria-de-16-gb-ssd-de-512-gb-tinta-negra\/","title":{"rendered":"MSI &#8211; Laptop Summit E14 Evo 14&#8243; &#8211; Intel Core i5 &#8211; Memoria de 16 GB &#8211; SSD de 512 GB &#8211; Tinta negra"},"content":{"rendered":"<div class=\"embedded-component-container lv product-description\">\n<div>\n<div id=\"shop-product-description-70718882\" class=\"_none\" data-version=\"1.3.46\">\n<div class=\"shop-product-description\">\n<section class=\"align-heading-left\" data-reactroot=\"\">\n<div class=\"long-description-container body-copy \">\n<div class=\"html-fragment\">Cumbre Flip Evo.\u00a0Decidido a triunfar.\u00a0Las mejores creaciones se elaboran con c\u00e1lculos y dise\u00f1os precisos.\u00a0La tecnolog\u00eda se encuentra con la est\u00e9tica, fusionamos el dise\u00f1o posmoderno con la tecnolog\u00eda moderna para inspirar a los usuarios comerciales.\u00a0El Summit Flip Evo cuenta con una bisagra de 360 \u200b\u200bgrados para que este port\u00e1til sea compacto y vers\u00e1til.<\/div>\n<\/div>\n<\/section>\n<\/div>\n<\/div>\n<\/div>\n<\/div>\n<div class=\"embedded-component-container lv product-features\">\n<h3><\/h3>\n<h3 class=\"heading-5 v-fw-regular feature-heading\"><strong>Caracter\u00edsticas<\/strong><\/h3>\n<ul>\n<li><strong>Pantalla de 14&#8243;<\/strong><br \/>\nLa resoluci\u00f3n de 1920 x 1200 ofrece un color y una claridad asombrosos<\/li>\n<li><strong>Memoria del sistema de 16 GB para multitarea y juegos intensos<\/strong><br \/>\nMontones de RAM LPDDR5 de alto ancho de banda para ejecutar sin problemas sus juegos de PC con muchos gr\u00e1ficos y aplicaciones de edici\u00f3n de video, as\u00ed como numerosos programas y pesta\u00f1as del navegador, todo a la vez.<\/li>\n<li><strong>Unidad de estado s\u00f3lido (SSD) de 512 GB<\/strong><br \/>\nSi bien ofrece menos espacio de almacenamiento que un disco duro, un SSD basado en flash no tiene partes m\u00f3viles, lo que resulta en tiempos de inicio y acceso a datos m\u00e1s r\u00e1pidos, sin ruido y menos producci\u00f3n de calor y consumo de energ\u00eda de la bater\u00eda.<\/li>\n<li><strong>Gr\u00e1ficos compartidos Intel Iris Xe<\/strong><br \/>\nGr\u00e1ficos Intel Iris Xe para el trabajo de oficina regular, navegar por la web, mirar videos y jugar juegos<\/li>\n<li><strong>Pesa 4,29 libras y mide 0,70&#8243; de espesor<\/strong><br \/>\nDise\u00f1o liviano con una pantalla ligeramente m\u00e1s peque\u00f1a para mejorar la portabilidad. Bater\u00eda de 4 celdas.<\/li>\n<li><strong>La salida HDMI ampl\u00eda sus opciones de visualizaci\u00f3n<\/strong><br \/>\nCon\u00e9ctese a un HDTV o monitor de alta definici\u00f3n para configurar dos pantallas una al lado de la otra o simplemente ver m\u00e1s de la imagen general.<\/li>\n<li><strong>Teclado iluminado<\/strong><br \/>\nTeclado retroiluminado Para escribir f\u00e1cilmente en condiciones de poca luz u oscuridad.<\/li>\n<\/ul>\n<\/div>\n","protected":false},"excerpt":{"rendered":"<p>Cumbre Flip Evo.\u00a0Decidido a triunfar.\u00a0Las mejores creaciones se elaboran con c\u00e1lculos y dise\u00f1os precisos.\u00a0La tecnolog\u00eda se encuentra con la est\u00e9tica, fusionamos el dise\u00f1o posmoderno con la tecnolog\u00eda moderna para inspirar<\/p>\n","protected":false},"featured_media":91481,"comment_status":"open","ping_status":"closed","template":"","meta":{"_acf_changed":false,"_joinchat":[]},"product_brand":[],"product_cat":[277,280,432],"product_tag":[],"class_list":{"0":"post-91478","1":"product","2":"type-product","3":"status-publish","4":"has-post-thumbnail","6":"product_cat-zona-gamer","7":"product_cat-pc-gaming","8":"product_cat-laptops-gamer","10":"first","11":"instock","12":"sale","13":"shipping-taxable","14":"purchasable","15":"product-type-simple"},"acf":[],"_links":{"self":[{"href":"https:\/\/defabrica.com.mx\/defabrica\/wp-json\/wp\/v2\/product\/91478","targetHints":{"allow":["GET"]}}],"collection":[{"href":"https:\/\/defabrica.com.mx\/defabrica\/wp-json\/wp\/v2\/product"}],"about":[{"href":"https:\/\/defabrica.com.mx\/defabrica\/wp-json\/wp\/v2\/types\/product"}],"replies":[{"embeddable":true,"href":"https:\/\/defabrica.com.mx\/defabrica\/wp-json\/wp\/v2\/comments?post=91478"}],"wp:featuredmedia":[{"embeddable":true,"href":"https:\/\/defabrica.com.mx\/defabrica\/wp-json\/wp\/v2\/media\/91481"}],"wp:attachment":[{"href":"https:\/\/defabrica.com.mx\/defabrica\/wp-json\/wp\/v2\/media?parent=91478"}],"wp:term":[{"taxonomy":"product_brand","embeddable":true,"href":"https:\/\/defabrica.com.mx\/defabrica\/wp-json\/wp\/v2\/product_brand?post=91478"},{"taxonomy":"product_cat","embeddable":true,"href":"https:\/\/defabrica.com.mx\/defabrica\/wp-json\/wp\/v2\/product_cat?post=91478"},{"taxonomy":"product_tag","embeddable":true,"href":"https:\/\/defabrica.com.mx\/defabrica\/wp-json\/wp\/v2\/product_tag?post=91478"}],"curies":[{"name":"wp","href":"https:\/\/api.w.org\/{rel}","templated":true}]}}