{"id":91412,"date":"2022-07-20T11:44:04","date_gmt":"2022-07-20T16:44:04","guid":{"rendered":"https:\/\/defabrica.com.mx\/defabrica\/?post_type=product&#038;p=91412"},"modified":"2022-07-20T11:44:05","modified_gmt":"2022-07-20T16:44:05","slug":"coca-cola-2-5-oz-kettle-popcorn-maker-makes-10-cups-retro-classic-design-with-interior-light-measuring-spoons-and-scoop","status":"publish","type":"product","link":"https:\/\/defabrica.com.mx\/defabrica\/producto\/coca-cola-2-5-oz-kettle-popcorn-maker-makes-10-cups-retro-classic-design-with-interior-light-measuring-spoons-and-scoop\/","title":{"rendered":"Coca-Cola 2.5 Oz Kettle Popcorn Maker, Makes 10 Cups, Retro Classic Design with Interior Light, Measuring Spoons and Scoop"},"content":{"rendered":"<div id=\"productDescription-3_feature_div\" class=\"celwidget\" data-feature-name=\"productDescription-3\" data-cel-widget=\"productDescription-3_feature_div\" data-csa-c-id=\"wig569-yxoogb-vaywwf-yqb0f5\">\n<div>\n<div id=\"productDescription_feature_div\" class=\"a-row feature\" data-feature-name=\"productDescription\" data-template-name=\"productDescription\" data-cel-widget=\"productDescription_feature_div\">\n<div id=\"productDescription\" class=\"a-section a-spacing-small\">\n<p><span>\u00a1Con su estilo vintage \u00fanico y su facilidad de uso, este carrito Nostalgia para hacer palomitas de ma\u00edz RKP730CK ser\u00e1 el \u00e9xito de todas las fiestas!\u00a0Con una tetera grande de acero inoxidable de 2.5 onzas con un sistema de agitaci\u00f3n incorporado, puede hacer estallar hasta 10 tazas de palomitas de ma\u00edz por lote.\u00a0Las ventanas ventiladas y el interior iluminado le permiten ver c\u00f3mo se abren las palomitas de ma\u00edz para que sepa cu\u00e1ndo vaciar el hervidor y la puerta basculante permite un f\u00e1cil acceso para servir.\u00a0Incluye una cuchara medidora de aceite y una taza medidora de granos para garantizar palomitas de ma\u00edz perfectamente preparadas en todo momento.\u00a0Las palomitas de ma\u00edz nunca han sabido tan bien en casa.<\/span><\/p>\n<\/div>\n<\/div>\n<\/div>\n<\/div>\n","protected":false},"excerpt":{"rendered":"<p>\u00a1Con su estilo vintage \u00fanico y su facilidad de uso, este carrito Nostalgia para hacer palomitas de ma\u00edz RKP730CK ser\u00e1 el \u00e9xito de todas las fiestas!\u00a0Con una tetera grande de<\/p>\n","protected":false},"featured_media":91413,"comment_status":"open","ping_status":"closed","template":"","meta":{"_acf_changed":false,"_joinchat":[]},"product_brand":[],"product_cat":[336,337,955],"product_tag":[],"class_list":{"0":"post-91412","1":"product","2":"type-product","3":"status-publish","4":"has-post-thumbnail","6":"product_cat-hogar","7":"product_cat-cocina","8":"product_cat-maquina-de-palomitas","10":"first","11":"instock","12":"sale","13":"shipping-taxable","14":"purchasable","15":"product-type-simple"},"acf":[],"_links":{"self":[{"href":"https:\/\/defabrica.com.mx\/defabrica\/wp-json\/wp\/v2\/product\/91412","targetHints":{"allow":["GET"]}}],"collection":[{"href":"https:\/\/defabrica.com.mx\/defabrica\/wp-json\/wp\/v2\/product"}],"about":[{"href":"https:\/\/defabrica.com.mx\/defabrica\/wp-json\/wp\/v2\/types\/product"}],"replies":[{"embeddable":true,"href":"https:\/\/defabrica.com.mx\/defabrica\/wp-json\/wp\/v2\/comments?post=91412"}],"wp:featuredmedia":[{"embeddable":true,"href":"https:\/\/defabrica.com.mx\/defabrica\/wp-json\/wp\/v2\/media\/91413"}],"wp:attachment":[{"href":"https:\/\/defabrica.com.mx\/defabrica\/wp-json\/wp\/v2\/media?parent=91412"}],"wp:term":[{"taxonomy":"product_brand","embeddable":true,"href":"https:\/\/defabrica.com.mx\/defabrica\/wp-json\/wp\/v2\/product_brand?post=91412"},{"taxonomy":"product_cat","embeddable":true,"href":"https:\/\/defabrica.com.mx\/defabrica\/wp-json\/wp\/v2\/product_cat?post=91412"},{"taxonomy":"product_tag","embeddable":true,"href":"https:\/\/defabrica.com.mx\/defabrica\/wp-json\/wp\/v2\/product_tag?post=91412"}],"curies":[{"name":"wp","href":"https:\/\/api.w.org\/{rel}","templated":true}]}}