{"id":91406,"date":"2022-07-20T11:37:29","date_gmt":"2022-07-20T16:37:29","guid":{"rendered":"https:\/\/defabrica.com.mx\/defabrica\/?post_type=product&#038;p=91406"},"modified":"2022-07-20T11:37:29","modified_gmt":"2022-07-20T16:37:29","slug":"nostalgia-fbs400coke-coca-cola-estacion-de-bebidas-congeladas-de-40-onzas","status":"publish","type":"product","link":"https:\/\/defabrica.com.mx\/defabrica\/producto\/nostalgia-fbs400coke-coca-cola-estacion-de-bebidas-congeladas-de-40-onzas\/","title":{"rendered":"Nostalgia FBS400COKE Coca-Cola &#8211; Estaci\u00f3n de bebidas congeladas de 40 onzas"},"content":{"rendered":"<div id=\"productDescription-3_feature_div\" class=\"celwidget\" data-feature-name=\"productDescription-3\" data-cel-widget=\"productDescription-3_feature_div\" data-csa-c-id=\"ff8vok-izdh0-bmmywx-207y3k\">\n<div>\n<div id=\"productDescription_feature_div\" class=\"a-row feature\" data-feature-name=\"productDescription\" data-template-name=\"productDescription\" data-cel-widget=\"productDescription_feature_div\">\n<div id=\"productDescription\" class=\"a-section a-spacing-small\">\n<p>La estaci\u00f3n de bebidas congeladas Nostalgia FBS400RETRORED Retro Series de 32 onzas es la perfecta bebida de aguanieve, margaritas, daiquiris, batidos y mucho m\u00e1s. Cuenta con dos ajustes de afeitado que producen texturas de hielo gruesas o finas. Mientras el hielo se est\u00e1 afeitando, la paleta mezcladora revuelve simult\u00e1neamente la bebida congelada. Utiliza cubitos de hielo est\u00e1ndar y comienza la diversi\u00f3n<\/p>\n<\/div>\n<\/div>\n<\/div>\n<\/div>\n<div id=\"productDetailsNonPets_feature_div\" class=\"celwidget\" data-feature-name=\"productDetailsNonPets\" data-cel-widget=\"productDetailsNonPets_feature_div\" data-csa-c-id=\"gd1iww-g15em9-i006m1-i4wg7o\"><\/div>\n","protected":false},"excerpt":{"rendered":"<p>La estaci\u00f3n de bebidas congeladas Nostalgia FBS400RETRORED Retro Series de 32 onzas es la perfecta bebida de aguanieve, margaritas, daiquiris, batidos y mucho m\u00e1s. Cuenta con dos ajustes de afeitado<\/p>\n","protected":false},"featured_media":91407,"comment_status":"open","ping_status":"closed","template":"","meta":{"_acf_changed":false,"_joinchat":[]},"product_brand":[],"product_cat":[336,337],"product_tag":[],"class_list":{"0":"post-91406","1":"product","2":"type-product","3":"status-publish","4":"has-post-thumbnail","6":"product_cat-hogar","7":"product_cat-cocina","9":"first","10":"instock","11":"sale","12":"shipping-taxable","13":"purchasable","14":"product-type-simple"},"acf":[],"_links":{"self":[{"href":"https:\/\/defabrica.com.mx\/defabrica\/wp-json\/wp\/v2\/product\/91406","targetHints":{"allow":["GET"]}}],"collection":[{"href":"https:\/\/defabrica.com.mx\/defabrica\/wp-json\/wp\/v2\/product"}],"about":[{"href":"https:\/\/defabrica.com.mx\/defabrica\/wp-json\/wp\/v2\/types\/product"}],"replies":[{"embeddable":true,"href":"https:\/\/defabrica.com.mx\/defabrica\/wp-json\/wp\/v2\/comments?post=91406"}],"wp:featuredmedia":[{"embeddable":true,"href":"https:\/\/defabrica.com.mx\/defabrica\/wp-json\/wp\/v2\/media\/91407"}],"wp:attachment":[{"href":"https:\/\/defabrica.com.mx\/defabrica\/wp-json\/wp\/v2\/media?parent=91406"}],"wp:term":[{"taxonomy":"product_brand","embeddable":true,"href":"https:\/\/defabrica.com.mx\/defabrica\/wp-json\/wp\/v2\/product_brand?post=91406"},{"taxonomy":"product_cat","embeddable":true,"href":"https:\/\/defabrica.com.mx\/defabrica\/wp-json\/wp\/v2\/product_cat?post=91406"},{"taxonomy":"product_tag","embeddable":true,"href":"https:\/\/defabrica.com.mx\/defabrica\/wp-json\/wp\/v2\/product_tag?post=91406"}],"curies":[{"name":"wp","href":"https:\/\/api.w.org\/{rel}","templated":true}]}}