{"id":91402,"date":"2022-07-20T11:31:56","date_gmt":"2022-07-20T16:31:56","guid":{"rendered":"https:\/\/defabrica.com.mx\/defabrica\/?post_type=product&#038;p=91402"},"modified":"2022-07-20T11:31:56","modified_gmt":"2022-07-20T16:31:56","slug":"nostalgia-maquina-de-palomitas-de-maiz-12-tazas-de-coca-cola-para-palomitas-de-maiz-con-tapa-medidora-sin-aceite-estilo-de-cine-vintage-blanco-y-rojo","status":"publish","type":"product","link":"https:\/\/defabrica.com.mx\/defabrica\/producto\/nostalgia-maquina-de-palomitas-de-maiz-12-tazas-de-coca-cola-para-palomitas-de-maiz-con-tapa-medidora-sin-aceite-estilo-de-cine-vintage-blanco-y-rojo\/","title":{"rendered":"Nostalgia M\u00e1quina de palomitas de ma\u00edz, 12 tazas de Coca-Cola para palomitas de ma\u00edz con tapa medidora, sin aceite, estilo de cine vintage, blanco y rojo"},"content":{"rendered":"<div id=\"productDescription-3_feature_div\" class=\"celwidget\" data-feature-name=\"productDescription-3\" data-cel-widget=\"productDescription-3_feature_div\" data-csa-c-id=\"vuj2he-pbhwc8-18ix0m-z0medd\">\n<div>\n<div id=\"productDescription_feature_div\" class=\"a-row feature\" data-feature-name=\"productDescription\" data-template-name=\"productDescription\" data-cel-widget=\"productDescription_feature_div\">\n<div id=\"productDescription\" class=\"a-section a-spacing-small\">\n<p>El fabricante de palomitas de ma\u00edz de aire caliente Nostalgia OFP501COKE de 12 tazas es un placer de fiesta de tama\u00f1o de mesa con su r\u00e9plica maravillosamente dise\u00f1ada de los soportes de palomitas de ma\u00edz a principios de los a\u00f1os 00 y es un placer de fiesta de tama\u00f1o superior. El sistema el\u00e9ctrico de estallido utiliza aire caliente en lugar de aceite, produciendo un aperitivo de palomitas de ma\u00edz ligero y saludable. Incluye una taza medidora para garantizar que se utilice el n\u00famero adecuado de granos en el popper de palomitas de ma\u00edz de aire caliente, y la carcasa superior transparente permite una f\u00e1cil visualizaci\u00f3n. La taza medidora tambi\u00e9n funciona muy bien para derretir mantequilla. Disfruta del sabor fresco de las palomitas de ma\u00edz caliente en cuesti\u00f3n de minutos<\/p>\n<\/div>\n<\/div>\n<\/div>\n<\/div>\n","protected":false},"excerpt":{"rendered":"<p>El fabricante de palomitas de ma\u00edz de aire caliente Nostalgia OFP501COKE de 12 tazas es un placer de fiesta de tama\u00f1o de mesa con su r\u00e9plica maravillosamente dise\u00f1ada de los<\/p>\n","protected":false},"featured_media":91403,"comment_status":"open","ping_status":"closed","template":"","meta":{"_acf_changed":false,"_joinchat":[]},"product_brand":[],"product_cat":[336,337,955],"product_tag":[],"class_list":{"0":"post-91402","1":"product","2":"type-product","3":"status-publish","4":"has-post-thumbnail","6":"product_cat-hogar","7":"product_cat-cocina","8":"product_cat-maquina-de-palomitas","10":"first","11":"instock","12":"sale","13":"shipping-taxable","14":"purchasable","15":"product-type-simple"},"acf":[],"_links":{"self":[{"href":"https:\/\/defabrica.com.mx\/defabrica\/wp-json\/wp\/v2\/product\/91402","targetHints":{"allow":["GET"]}}],"collection":[{"href":"https:\/\/defabrica.com.mx\/defabrica\/wp-json\/wp\/v2\/product"}],"about":[{"href":"https:\/\/defabrica.com.mx\/defabrica\/wp-json\/wp\/v2\/types\/product"}],"replies":[{"embeddable":true,"href":"https:\/\/defabrica.com.mx\/defabrica\/wp-json\/wp\/v2\/comments?post=91402"}],"wp:featuredmedia":[{"embeddable":true,"href":"https:\/\/defabrica.com.mx\/defabrica\/wp-json\/wp\/v2\/media\/91403"}],"wp:attachment":[{"href":"https:\/\/defabrica.com.mx\/defabrica\/wp-json\/wp\/v2\/media?parent=91402"}],"wp:term":[{"taxonomy":"product_brand","embeddable":true,"href":"https:\/\/defabrica.com.mx\/defabrica\/wp-json\/wp\/v2\/product_brand?post=91402"},{"taxonomy":"product_cat","embeddable":true,"href":"https:\/\/defabrica.com.mx\/defabrica\/wp-json\/wp\/v2\/product_cat?post=91402"},{"taxonomy":"product_tag","embeddable":true,"href":"https:\/\/defabrica.com.mx\/defabrica\/wp-json\/wp\/v2\/product_tag?post=91402"}],"curies":[{"name":"wp","href":"https:\/\/api.w.org\/{rel}","templated":true}]}}