{"id":91280,"date":"2022-07-18T21:32:42","date_gmt":"2022-07-19T02:32:42","guid":{"rendered":"https:\/\/defabrica.com.mx\/defabrica\/?post_type=product&#038;p=91280"},"modified":"2022-07-18T21:32:42","modified_gmt":"2022-07-19T02:32:42","slug":"msi-stealth-gs66-15-6-360hz-gaming-laptop-intel-core-i9-32gb-memoria-nvidia-geforce-rtx-3070-ti-1tb-ssd-negro","status":"publish","type":"product","link":"https:\/\/defabrica.com.mx\/defabrica\/producto\/msi-stealth-gs66-15-6-360hz-gaming-laptop-intel-core-i9-32gb-memoria-nvidia-geforce-rtx-3070-ti-1tb-ssd-negro\/","title":{"rendered":"MSI &#8211; Stealth GS66 15.6&#8243; 360hz Gaming Laptop &#8211; Intel Core i9 &#8211; 32GB Memoria &#8211; NVIDIA GeForce RTX 3070 Ti &#8211; 1TB SSD &#8211; Negro"},"content":{"rendered":"<div class=\"embedded-component-container lv product-description\">\n<div>\n<div id=\"shop-product-description-71072000\" class=\"_none\" data-version=\"1.3.46\">\n<div class=\"shop-product-description\">\n<section class=\"align-heading-left\" data-reactroot=\"\">\n<div class=\"long-description-container body-copy \">\n<div class=\"html-fragment\"><span>Adel\u00e1ntese al resto con esta laptop para juegos MSI Stealth GS66.\u00a0La tarjeta gr\u00e1fica NVIDIA GeForce RTX 3070ti ofrece una actualizaci\u00f3n de 360 \u200b\u200bHz sin intermitencias para una experiencia de juego fluida, mientras que el procesador Intel Core i9 y 32 GB de RAM permiten disfrutar de t\u00edtulos que requieren muchos recursos.\u00a0Con una SSD de 1 TB, esta computadora port\u00e1til para juegos MSI Stealth ofrece un amplio almacenamiento para sus archivos y arranques ultrarr\u00e1pidos.<\/span><\/div>\n<\/div>\n<\/section>\n<\/div>\n<\/div>\n<\/div>\n<\/div>\n<div class=\"embedded-component-container lv product-features\">\n<h3><\/h3>\n<h3 class=\"heading-5 v-fw-regular feature-heading\"><strong>Caracter\u00edsticas<\/strong><\/h3>\n<ul>\n<li><strong>Sistema operativo Windows 11<\/strong><br \/>\nWindows 11 tiene toda la potencia y la seguridad de Windows 10 con un aspecto renovado y redise\u00f1ado. Tambi\u00e9n viene con nuevas herramientas, sonidos y aplicaciones. Cada detalle ha sido considerado. Todo se une para brindarle una experiencia refrescante en su PC.<\/li>\n<li><strong>Pantalla Full HD de 15,6&#8243;<\/strong><br \/>\nLa resoluci\u00f3n de 1920 x 1080 con 360 Hz ofrece un color y una claridad impresionantes. Retroiluminaci\u00f3n LED de bajo consumo.<\/li>\n<li><strong>Memoria del sistema de 32 GB para multitarea y juegos intensos<\/strong><br \/>\nMontones de RAM DDR5 de alto ancho de banda para ejecutar sin problemas sus juegos de PC con muchos gr\u00e1ficos y aplicaciones de edici\u00f3n de video, as\u00ed como numerosos programas y pesta\u00f1as del navegador, todo a la vez.<\/li>\n<li><strong>Unidad de estado s\u00f3lido de 1 TB (PCI-e)<\/strong><br \/>\nGuarde archivos r\u00e1pidamente y almacene m\u00e1s datos. Con grandes cantidades de almacenamiento y poder de comunicaci\u00f3n avanzado, los SSD PCI-e NVMe son excelentes para las principales aplicaciones de juegos, m\u00faltiples servidores, copias de seguridad diarias y m\u00e1s.<\/li>\n<li><strong>Gr\u00e1ficos NVIDIA GeForce RTX 3070 Ti<\/strong><br \/>\nRespaldado por una memoria de video dedicada GDDR6 de 8GB para una GPU ultrarr\u00e1pida y avanzada para alimentar sus juegos.<\/li>\n<\/ul>\n<\/div>\n","protected":false},"excerpt":{"rendered":"<p>Adel\u00e1ntese al resto con esta laptop para juegos MSI Stealth GS66.\u00a0La tarjeta gr\u00e1fica NVIDIA GeForce RTX 3070ti ofrece una actualizaci\u00f3n de 360 \u200b\u200bHz sin intermitencias para una experiencia de juego<\/p>\n","protected":false},"featured_media":91282,"comment_status":"open","ping_status":"closed","template":"","meta":{"_acf_changed":false,"_joinchat":[]},"product_brand":[],"product_cat":[277,280,432],"product_tag":[],"class_list":{"0":"post-91280","1":"product","2":"type-product","3":"status-publish","4":"has-post-thumbnail","6":"product_cat-zona-gamer","7":"product_cat-pc-gaming","8":"product_cat-laptops-gamer","10":"first","11":"instock","12":"sale","13":"shipping-taxable","14":"purchasable","15":"product-type-simple"},"acf":[],"_links":{"self":[{"href":"https:\/\/defabrica.com.mx\/defabrica\/wp-json\/wp\/v2\/product\/91280","targetHints":{"allow":["GET"]}}],"collection":[{"href":"https:\/\/defabrica.com.mx\/defabrica\/wp-json\/wp\/v2\/product"}],"about":[{"href":"https:\/\/defabrica.com.mx\/defabrica\/wp-json\/wp\/v2\/types\/product"}],"replies":[{"embeddable":true,"href":"https:\/\/defabrica.com.mx\/defabrica\/wp-json\/wp\/v2\/comments?post=91280"}],"wp:featuredmedia":[{"embeddable":true,"href":"https:\/\/defabrica.com.mx\/defabrica\/wp-json\/wp\/v2\/media\/91282"}],"wp:attachment":[{"href":"https:\/\/defabrica.com.mx\/defabrica\/wp-json\/wp\/v2\/media?parent=91280"}],"wp:term":[{"taxonomy":"product_brand","embeddable":true,"href":"https:\/\/defabrica.com.mx\/defabrica\/wp-json\/wp\/v2\/product_brand?post=91280"},{"taxonomy":"product_cat","embeddable":true,"href":"https:\/\/defabrica.com.mx\/defabrica\/wp-json\/wp\/v2\/product_cat?post=91280"},{"taxonomy":"product_tag","embeddable":true,"href":"https:\/\/defabrica.com.mx\/defabrica\/wp-json\/wp\/v2\/product_tag?post=91280"}],"curies":[{"name":"wp","href":"https:\/\/api.w.org\/{rel}","templated":true}]}}