{"id":91274,"date":"2022-07-18T21:28:40","date_gmt":"2022-07-19T02:28:40","guid":{"rendered":"https:\/\/defabrica.com.mx\/defabrica\/?post_type=product&#038;p=91274"},"modified":"2022-07-18T21:28:40","modified_gmt":"2022-07-19T02:28:40","slug":"msi-laptop-para-juegos-gp66-leopard-15-6-intel-core-i7-memoria-de-32-gb-nvidia-intel-geforce-rtx-3070-ssd-de-1-tb-nucleo-negro","status":"publish","type":"product","link":"https:\/\/defabrica.com.mx\/defabrica\/producto\/msi-laptop-para-juegos-gp66-leopard-15-6-intel-core-i7-memoria-de-32-gb-nvidia-intel-geforce-rtx-3070-ssd-de-1-tb-nucleo-negro\/","title":{"rendered":"MSI &#8211; Laptop para juegos GP66 Leopard 15.6&#8243; &#8211; Intel Core i7 &#8211; Memoria de 32 GB &#8211; NVIDIA Intel GeForce RTX 3070 &#8211; SSD de 1 TB &#8211; N\u00facleo negro"},"content":{"rendered":"<div class=\"embedded-component-container lv product-description\">\n<div>\n<div id=\"shop-product-description-33124019\" class=\"_none\" data-version=\"1.3.46\">\n<div class=\"shop-product-description\">\n<section class=\"align-heading-left\" data-reactroot=\"\">\n<div class=\"long-description-container body-copy \">\n<div class=\"html-fragment\"><span>GP66 Leopard est\u00e1 equipado con un procesador de CPU Intel Core i7 de 11.\u00aa generaci\u00f3n y gr\u00e1ficos de la serie NVIDIA GeForce RTX 30 dise\u00f1ados para dise\u00f1adores de ingenier\u00eda que necesitan rendimiento.\u00a0Ya se trate de c\u00e1lculos t\u00e9cnicos complejos, c\u00e1lculos de ingenier\u00eda de alto nivel o requisitos de dise\u00f1o complejos, el GP66 Leopard cumple con todas las tareas exigentes.<\/span><\/div>\n<\/div>\n<\/section>\n<\/div>\n<\/div>\n<\/div>\n<\/div>\n<div class=\"embedded-component-container lv product-features\">\n<h3><\/h3>\n<h3 class=\"heading-5 v-fw-regular feature-heading\"><strong>Caracter\u00edsticas<\/strong><\/h3>\n<ul>\n<li><strong>Windows 10 Pro<\/strong><br \/>\nCreado para los negocios. Proteja sus datos con seguridad de nivel empresarial, inicie sesi\u00f3n desde cualquier dispositivo en cualquier lugar y aumente la productividad con potentes herramientas de administraci\u00f3n.<\/li>\n<li><strong>Pantalla de 15,6&#8243;<\/strong><br \/>\nLa resoluci\u00f3n de 1920 x 1080 muestra sus juegos y pel\u00edculas HD con colores y claridad impresionantes.<\/li>\n<li><strong>Memoria del sistema de 32 GB para multitarea y juegos intensos<\/strong><br \/>\nMontones de RAM DDR4 de alto ancho de banda para ejecutar sin problemas sus juegos de PC con muchos gr\u00e1ficos y aplicaciones de edici\u00f3n de video, as\u00ed como numerosos programas y pesta\u00f1as del navegador, todo a la vez.<\/li>\n<li><strong>Unidad de estado s\u00f3lido (SSD) de 1 TB<\/strong><br \/>\nSi bien ofrece menos espacio de almacenamiento que un disco duro, un SSD basado en flash no tiene partes m\u00f3viles, lo que resulta en tiempos de inicio y acceso a datos m\u00e1s r\u00e1pidos, sin ruido y menos producci\u00f3n de calor y consumo de energ\u00eda de la bater\u00eda.<\/li>\n<li><strong>Tarjeta gr\u00e1fica discreta NVIDIA GeForce RTX 3070<\/strong><br \/>\nTarjeta gr\u00e1fica discreta NVIDIA GeForce RTX 3070 para juegos y dise\u00f1o gr\u00e1fico que ofrece una experiencia visual \u00f3ptima<\/li>\n<li><strong>Pesa 5,25 libras y mide 0,92&#8243; de espesor<\/strong><br \/>\nDise\u00f1o delgado y liviano con unidad de DVD\/CD omitida para mejorar la portabilidad. Bater\u00eda de 4 celdas.<\/li>\n<li><strong>La salida HDMI ampl\u00eda sus opciones de visualizaci\u00f3n<\/strong><br \/>\nCon\u00e9ctese a un HDTV o monitor de alta definici\u00f3n para configurar dos pantallas una al lado de la otra o simplemente ver m\u00e1s de la imagen general.<\/li>\n<li><strong>Conectividad inal\u00e1mbrica\/al\u00e1mbrica (WiFi 6 &#8211; 802.11ax)<\/strong><br \/>\nConectividad flexible de doble banda con mayor confiabilidad gracias a dos flujos de datos y antenas. Con\u00e9ctese a un enrutador Wi-Fi para experimentar velocidades Wi-Fi GB casi 3 veces m\u00e1s r\u00e1pidas que Wi-Fi 5 est\u00e1ndar con capacidad de respuesta mejorada para a\u00fan m\u00e1s dispositivos.<\/li>\n<li><strong>Teclado iluminado<\/strong><br \/>\nTeclado retroiluminado Para escribir f\u00e1cilmente en condiciones de poca luz u oscuridad.<\/li>\n<li><strong>Puertos adicionales<\/strong><br \/>\nminidisplayport<\/li>\n<\/ul>\n<\/div>\n","protected":false},"excerpt":{"rendered":"<p>GP66 Leopard est\u00e1 equipado con un procesador de CPU Intel Core i7 de 11.\u00aa generaci\u00f3n y gr\u00e1ficos de la serie NVIDIA GeForce RTX 30 dise\u00f1ados para dise\u00f1adores de ingenier\u00eda que<\/p>\n","protected":false},"featured_media":91275,"comment_status":"open","ping_status":"closed","template":"","meta":{"_acf_changed":false,"_joinchat":[]},"product_brand":[],"product_cat":[277,280,432],"product_tag":[],"class_list":{"0":"post-91274","1":"product","2":"type-product","3":"status-publish","4":"has-post-thumbnail","6":"product_cat-zona-gamer","7":"product_cat-pc-gaming","8":"product_cat-laptops-gamer","10":"first","11":"instock","12":"sale","13":"shipping-taxable","14":"purchasable","15":"product-type-simple"},"acf":[],"_links":{"self":[{"href":"https:\/\/defabrica.com.mx\/defabrica\/wp-json\/wp\/v2\/product\/91274","targetHints":{"allow":["GET"]}}],"collection":[{"href":"https:\/\/defabrica.com.mx\/defabrica\/wp-json\/wp\/v2\/product"}],"about":[{"href":"https:\/\/defabrica.com.mx\/defabrica\/wp-json\/wp\/v2\/types\/product"}],"replies":[{"embeddable":true,"href":"https:\/\/defabrica.com.mx\/defabrica\/wp-json\/wp\/v2\/comments?post=91274"}],"wp:featuredmedia":[{"embeddable":true,"href":"https:\/\/defabrica.com.mx\/defabrica\/wp-json\/wp\/v2\/media\/91275"}],"wp:attachment":[{"href":"https:\/\/defabrica.com.mx\/defabrica\/wp-json\/wp\/v2\/media?parent=91274"}],"wp:term":[{"taxonomy":"product_brand","embeddable":true,"href":"https:\/\/defabrica.com.mx\/defabrica\/wp-json\/wp\/v2\/product_brand?post=91274"},{"taxonomy":"product_cat","embeddable":true,"href":"https:\/\/defabrica.com.mx\/defabrica\/wp-json\/wp\/v2\/product_cat?post=91274"},{"taxonomy":"product_tag","embeddable":true,"href":"https:\/\/defabrica.com.mx\/defabrica\/wp-json\/wp\/v2\/product_tag?post=91274"}],"curies":[{"name":"wp","href":"https:\/\/api.w.org\/{rel}","templated":true}]}}