{"id":91254,"date":"2022-07-18T20:53:40","date_gmt":"2022-07-19T01:53:40","guid":{"rendered":"https:\/\/defabrica.com.mx\/defabrica\/?post_type=product&#038;p=91254"},"modified":"2022-07-18T20:53:41","modified_gmt":"2022-07-19T01:53:41","slug":"msi-laptop-para-juegos-ws66-de-15-6-intel-core-i9-memoria-de-64-gb-nvidia-rtx-a5000-ssd-de-1-tb-negro","status":"publish","type":"product","link":"https:\/\/defabrica.com.mx\/defabrica\/producto\/msi-laptop-para-juegos-ws66-de-15-6-intel-core-i9-memoria-de-64-gb-nvidia-rtx-a5000-ssd-de-1-tb-negro\/","title":{"rendered":"MSI &#8211; Laptop para juegos WS66 de 15.6&#8243; &#8211; Intel Core i9 &#8211; Memoria de 64 GB &#8211; NVIDIA RTX A5000 &#8211; SSD de 1 TB &#8211; Negro"},"content":{"rendered":"<div class=\"embedded-component-container lv product-description\">\n<div>\n<div id=\"shop-product-description-19267594\" class=\"_none\" data-version=\"1.3.46\">\n<div class=\"shop-product-description\">\n<section class=\"align-heading-left\" data-reactroot=\"\">\n<div class=\"long-description-container body-copy \">\n<div class=\"html-fragment\"><span>La estaci\u00f3n de trabajo m\u00f3vil MSI le ofrece una soluci\u00f3n confiable y vers\u00e1til para impulsar su flujo de trabajo desde el concepto hasta la producci\u00f3n final.\u00a0Trabaje sin problemas en c\u00e1lculos a gran escala y aplicaciones con uso intensivo de gr\u00e1ficos.\u00a0Las estaciones de trabajo MSI Mobile son sistemas con certificaci\u00f3n ISV, lo que garantiza que tanto el hardware como el software sean totalmente estables y compatibles para una experiencia profesional.<\/span><\/div>\n<\/div>\n<\/section>\n<\/div>\n<\/div>\n<\/div>\n<\/div>\n<div class=\"embedded-component-container lv product-features\">\n<h3><\/h3>\n<h3 class=\"heading-5 v-fw-regular feature-heading\"><strong>Caracter\u00edsticas<\/strong><\/h3>\n<ul>\n<li><strong>Windows 10 Pro<\/strong><br \/>\nCreado para los negocios. Proteja sus datos con seguridad de nivel empresarial, inicie sesi\u00f3n desde cualquier dispositivo en cualquier lugar y aumente la productividad con potentes herramientas de administraci\u00f3n.<\/li>\n<li><strong>Memoria del sistema de 64 GB para multitarea y juegos intensos<\/strong><br \/>\nMontones de RAM DDR4 de alto ancho de banda para ejecutar sin problemas sus juegos de PC con muchos gr\u00e1ficos y aplicaciones de edici\u00f3n de video, as\u00ed como numerosos programas y pesta\u00f1as del navegador, todo a la vez.<\/li>\n<li><strong>Unidad de estado s\u00f3lido (SSD) de 1 TB<\/strong><br \/>\nSi bien ofrece menos espacio de almacenamiento que un disco duro, un SSD basado en flash no tiene partes m\u00f3viles, lo que resulta en tiempos de inicio y acceso a datos m\u00e1s r\u00e1pidos, sin ruido y menos producci\u00f3n de calor y consumo de energ\u00eda de la bater\u00eda.<\/li>\n<li><strong>Tarjeta gr\u00e1fica discreta NVIDIA RTX A5000<\/strong><br \/>\nTarjeta gr\u00e1fica discreta NVIDIA RTX A5000 para juegos y dise\u00f1o gr\u00e1fico que ofrece una experiencia visual \u00f3ptima<\/li>\n<li><strong>Pesa 6,82 libras y mide 1,57&#8243; de espesor<\/strong><br \/>\nDise\u00f1o delgado y liviano con unidad de DVD\/CD omitida para mejorar la portabilidad.<\/li>\n<\/ul>\n<\/div>\n","protected":false},"excerpt":{"rendered":"<p>La estaci\u00f3n de trabajo m\u00f3vil MSI le ofrece una soluci\u00f3n confiable y vers\u00e1til para impulsar su flujo de trabajo desde el concepto hasta la producci\u00f3n final.\u00a0Trabaje sin problemas en c\u00e1lculos<\/p>\n","protected":false},"featured_media":91256,"comment_status":"open","ping_status":"closed","template":"","meta":{"_acf_changed":false,"_joinchat":[]},"product_brand":[],"product_cat":[277,280,432],"product_tag":[],"class_list":{"0":"post-91254","1":"product","2":"type-product","3":"status-publish","4":"has-post-thumbnail","6":"product_cat-zona-gamer","7":"product_cat-pc-gaming","8":"product_cat-laptops-gamer","10":"first","11":"instock","12":"sale","13":"shipping-taxable","14":"purchasable","15":"product-type-simple"},"acf":[],"_links":{"self":[{"href":"https:\/\/defabrica.com.mx\/defabrica\/wp-json\/wp\/v2\/product\/91254","targetHints":{"allow":["GET"]}}],"collection":[{"href":"https:\/\/defabrica.com.mx\/defabrica\/wp-json\/wp\/v2\/product"}],"about":[{"href":"https:\/\/defabrica.com.mx\/defabrica\/wp-json\/wp\/v2\/types\/product"}],"replies":[{"embeddable":true,"href":"https:\/\/defabrica.com.mx\/defabrica\/wp-json\/wp\/v2\/comments?post=91254"}],"wp:featuredmedia":[{"embeddable":true,"href":"https:\/\/defabrica.com.mx\/defabrica\/wp-json\/wp\/v2\/media\/91256"}],"wp:attachment":[{"href":"https:\/\/defabrica.com.mx\/defabrica\/wp-json\/wp\/v2\/media?parent=91254"}],"wp:term":[{"taxonomy":"product_brand","embeddable":true,"href":"https:\/\/defabrica.com.mx\/defabrica\/wp-json\/wp\/v2\/product_brand?post=91254"},{"taxonomy":"product_cat","embeddable":true,"href":"https:\/\/defabrica.com.mx\/defabrica\/wp-json\/wp\/v2\/product_cat?post=91254"},{"taxonomy":"product_tag","embeddable":true,"href":"https:\/\/defabrica.com.mx\/defabrica\/wp-json\/wp\/v2\/product_tag?post=91254"}],"curies":[{"name":"wp","href":"https:\/\/api.w.org\/{rel}","templated":true}]}}