{"id":91234,"date":"2022-07-18T20:32:39","date_gmt":"2022-07-19T01:32:39","guid":{"rendered":"https:\/\/defabrica.com.mx\/defabrica\/?post_type=product&#038;p=91234"},"modified":"2022-07-18T20:32:39","modified_gmt":"2022-07-19T01:32:39","slug":"msi-gf65-15-6-144hz-gaming-laptop-intel-core-i5-memoria-8gb-nvidia-geforce-rtx-3060-ssd-512gb-negro","status":"publish","type":"product","link":"https:\/\/defabrica.com.mx\/defabrica\/producto\/msi-gf65-15-6-144hz-gaming-laptop-intel-core-i5-memoria-8gb-nvidia-geforce-rtx-3060-ssd-512gb-negro\/","title":{"rendered":"MSI &#8211; GF65 15.6&#8243; 144hz Gaming Laptop &#8211; Intel Core i5 &#8211; Memoria 8GB &#8211; NVIDIA GeForce RTX 3060 &#8211; SSD 512GB &#8211; Negro"},"content":{"rendered":"<div class=\"embedded-component-container lv product-description\">\n<div>\n<div id=\"shop-product-description-99048091\" class=\"_none\" data-version=\"1.3.46\">\n<div class=\"shop-product-description\">\n<section class=\"align-heading-left\" data-reactroot=\"\">\n<div class=\"long-description-container body-copy \">\n<div class=\"html-fragment\"><span>Laptop MSI GF65: juegue a su m\u00e1ximo potencial con esta laptop para juegos MSI Thin.\u00a0Un procesador Intel Core i5 y 8 GB de RAM ejecutan t\u00edtulos AAA sin problemas a altas velocidades, mientras que la tarjeta gr\u00e1fica NVIDIA GeForce RTX 3060 ofrece im\u00e1genes detalladas en la pantalla de 15,6 pulgadas.\u00a0Esta computadora port\u00e1til para juegos MSI Thin tiene un SSD de 512 GB para proporcionar un amplio espacio de almacenamiento y un arranque r\u00e1pido.\u00a0Las soluciones t\u00e9rmicas dedicadas tanto para la CPU como para la GPU con hasta 6 tubos de calor funcionan de manera armoniosa al minimizar el calor y maximizar el flujo de aire para un rendimiento de juego fluido en un chasis tan compacto.\u00a0Sum\u00e9rgete en la m\u00fasica sin p\u00e9rdidas y disfruta de la calidad de sonido superior con Hi-Resolution Audio.\u00a0Experimente y escuche el audio de la forma en que fue dise\u00f1ado.<\/span><\/div>\n<\/div>\n<\/section>\n<\/div>\n<\/div>\n<\/div>\n<\/div>\n<div class=\"embedded-component-container lv product-features\">\n<h3><\/h3>\n<h3 class=\"heading-5 v-fw-regular feature-heading\"><strong>Caracter\u00edsticas<\/strong><\/h3>\n<ul>\n<li><strong>sistema operativo Windows 10<\/strong><br \/>\nWindows 10 recupera el men\u00fa Inicio de Windows 7 e introduce nuevas caracter\u00edsticas, como el navegador web Edge que le permite marcar p\u00e1ginas web en su pantalla.<\/li>\n<li><strong>Pantalla Full HD de 15,6&#8243;<\/strong><br \/>\nLa resoluci\u00f3n de 1920 x 1080 con 144 Hz ofrece un color y una claridad impresionantes. Retroiluminaci\u00f3n LED de bajo consumo.<\/li>\n<li><strong>Memoria del sistema de 8 GB para multitarea y juegos intensos<\/strong><br \/>\nMontones de RAM DDR4 de alto ancho de banda para ejecutar sin problemas sus juegos de PC con muchos gr\u00e1ficos y aplicaciones de edici\u00f3n de video, as\u00ed como numerosos programas y pesta\u00f1as del navegador, todo a la vez.<\/li>\n<li><strong>Unidad de estado s\u00f3lido de 512 GB (PCI-e)<\/strong><br \/>\nGuarde archivos r\u00e1pidamente y almacene m\u00e1s datos. Con grandes cantidades de almacenamiento y poder de comunicaci\u00f3n avanzado, los SSD PCI-e NVMe son excelentes para las principales aplicaciones de juegos, m\u00faltiples servidores, copias de seguridad diarias y m\u00e1s.<\/li>\n<li><strong>Gr\u00e1ficos NVIDIA GeForce RTX 3060<\/strong><br \/>\nRespaldado por una memoria de video dedicada GDDR6 de 6GB para una GPU ultrarr\u00e1pida y avanzada para alimentar sus juegos.<\/li>\n<li><strong>Pesa 4.1 libras. y mide 0.9&#8243; de espesor<\/strong><br \/>\nDise\u00f1o delgado y liviano con unidad de DVD\/CD omitida para mejorar la portabilidad. Bater\u00eda de pol\u00edmero de litio de 3 celdas.<\/li>\n<li><strong>Conectividad inal\u00e1mbrica\/al\u00e1mbrica (Wi-Fi 6 &#8211; 802.11ax)<\/strong><br \/>\nConectividad flexible de doble banda con mayor confiabilidad gracias a dos flujos de datos y antenas. Con\u00e9ctese a un enrutador Wi-Fi para experimentar velocidades de GB Wi-Fi casi 3 veces m\u00e1s r\u00e1pidas que Wi-Fi 5 est\u00e1ndar con capacidad de respuesta mejorada para incluso m\u00e1s dispositivos.<\/li>\n<li><strong>C\u00e1mara web HD integrada con micr\u00f3fono<\/strong><br \/>\nFacilita el chat de video con familiares y amigos o la teleconferencia con colegas a trav\u00e9s de Skype u otras aplicaciones populares.<\/li>\n<li><strong>Puertos adicionales<\/strong><br \/>\nConector combinado de auriculares\/micr\u00f3fono y mini DisplayPort.<\/li>\n<li><strong>Xbox Game Pass Ultimate: descubre tu pr\u00f3ximo juego favorito.<\/strong><br \/>\n1 mes de Xbox Game Pass Ultimate incluido. Juega m\u00e1s de 100 juegos de alta calidad en Windows 10, consola y dispositivo m\u00f3vil. Incluye nuevos t\u00edtulos del primer d\u00eda, juegos ic\u00f3nicos de Bethesda y EA Play para PC.<\/li>\n<\/ul>\n<\/div>\n","protected":false},"excerpt":{"rendered":"<p>Laptop MSI GF65: juegue a su m\u00e1ximo potencial con esta laptop para juegos MSI Thin.\u00a0Un procesador Intel Core i5 y 8 GB de RAM ejecutan t\u00edtulos AAA sin problemas a<\/p>\n","protected":false},"featured_media":91235,"comment_status":"open","ping_status":"closed","template":"","meta":{"_acf_changed":false,"_joinchat":[]},"product_brand":[],"product_cat":[277,280,432],"product_tag":[],"class_list":{"0":"post-91234","1":"product","2":"type-product","3":"status-publish","4":"has-post-thumbnail","6":"product_cat-zona-gamer","7":"product_cat-pc-gaming","8":"product_cat-laptops-gamer","10":"first","11":"instock","12":"sale","13":"shipping-taxable","14":"purchasable","15":"product-type-simple"},"acf":[],"_links":{"self":[{"href":"https:\/\/defabrica.com.mx\/defabrica\/wp-json\/wp\/v2\/product\/91234","targetHints":{"allow":["GET"]}}],"collection":[{"href":"https:\/\/defabrica.com.mx\/defabrica\/wp-json\/wp\/v2\/product"}],"about":[{"href":"https:\/\/defabrica.com.mx\/defabrica\/wp-json\/wp\/v2\/types\/product"}],"replies":[{"embeddable":true,"href":"https:\/\/defabrica.com.mx\/defabrica\/wp-json\/wp\/v2\/comments?post=91234"}],"wp:featuredmedia":[{"embeddable":true,"href":"https:\/\/defabrica.com.mx\/defabrica\/wp-json\/wp\/v2\/media\/91235"}],"wp:attachment":[{"href":"https:\/\/defabrica.com.mx\/defabrica\/wp-json\/wp\/v2\/media?parent=91234"}],"wp:term":[{"taxonomy":"product_brand","embeddable":true,"href":"https:\/\/defabrica.com.mx\/defabrica\/wp-json\/wp\/v2\/product_brand?post=91234"},{"taxonomy":"product_cat","embeddable":true,"href":"https:\/\/defabrica.com.mx\/defabrica\/wp-json\/wp\/v2\/product_cat?post=91234"},{"taxonomy":"product_tag","embeddable":true,"href":"https:\/\/defabrica.com.mx\/defabrica\/wp-json\/wp\/v2\/product_tag?post=91234"}],"curies":[{"name":"wp","href":"https:\/\/api.w.org\/{rel}","templated":true}]}}