{"id":91209,"date":"2022-07-18T20:08:36","date_gmt":"2022-07-19T01:08:36","guid":{"rendered":"https:\/\/defabrica.com.mx\/defabrica\/?post_type=product&#038;p=91209"},"modified":"2022-07-18T20:08:36","modified_gmt":"2022-07-19T01:08:36","slug":"msi-gf63-thin-15-6-laptop-gaming-intel-core-i7-memoria-16-gb-nvidia-geforce-rtx-3050-ti-ssd-512-gb-negro","status":"publish","type":"product","link":"https:\/\/defabrica.com.mx\/defabrica\/producto\/msi-gf63-thin-15-6-laptop-gaming-intel-core-i7-memoria-16-gb-nvidia-geforce-rtx-3050-ti-ssd-512-gb-negro\/","title":{"rendered":"MSI &#8211; GF63 THIN 15.6&#8243; Laptop Gaming &#8211; Intel Core i7 &#8211; Memoria 16 GB &#8211; NVIDIA GeForce RTX 3050 Ti &#8211; SSD 512 GB &#8211; Negro"},"content":{"rendered":"<div class=\"embedded-component-container lv product-description\">\n<div>\n<div id=\"shop-product-description-43862788\" class=\"_none\" data-version=\"1.3.46\">\n<div class=\"shop-product-description\">\n<section class=\"align-heading-left\" data-reactroot=\"\">\n<div class=\"long-description-container body-copy \">\n<div class=\"html-fragment\"><span>El juego se volvi\u00f3 real.\u00a0GF63 Delgado.\u00a0Est\u00e9tica de cepillado de pelo fino y ligero de aluminio.\u00a0La parte superior met\u00e1lica y la cubierta del teclado se combinan con una ventilaci\u00f3n \u00fanica en forma de X oculta debajo.<\/span><\/div>\n<\/div>\n<\/section>\n<\/div>\n<\/div>\n<\/div>\n<\/div>\n<div class=\"embedded-component-container lv product-features\">\n<h3><\/h3>\n<h3 class=\"heading-5 v-fw-regular feature-heading\"><strong>Caracter\u00edsticas<\/strong><\/h3>\n<ul>\n<li><strong>Pantalla de 15,6&#8243;<\/strong><br \/>\nLa tecnolog\u00eda IPS ofrece amplios \u00e1ngulos de visi\u00f3n. La resoluci\u00f3n de 1920 x 1080 muestra sus juegos y pel\u00edculas HD con colores y claridad impresionantes.<\/li>\n<li><strong>Memoria del sistema de 16 GB para multitarea y juegos intensos<\/strong><br \/>\nMontones de RAM DDR4 de alto ancho de banda para ejecutar sin problemas sus juegos de PC con muchos gr\u00e1ficos y aplicaciones de edici\u00f3n de video, as\u00ed como numerosos programas y pesta\u00f1as del navegador, todo a la vez.<\/li>\n<li><strong>Unidad de estado s\u00f3lido (SSD) de 512 GB<\/strong><br \/>\nSi bien ofrece menos espacio de almacenamiento que un disco duro, un SSD basado en flash no tiene partes m\u00f3viles, lo que resulta en tiempos de inicio y acceso a datos m\u00e1s r\u00e1pidos, sin ruido y menos producci\u00f3n de calor y consumo de energ\u00eda de la bater\u00eda.<\/li>\n<li><strong>Tarjeta gr\u00e1fica discreta NVIDIA GeForce RTX 3050 Ti<\/strong><br \/>\nTarjeta gr\u00e1fica discreta NVIDIA GeForce RTX 3050 Ti para juegos y dise\u00f1o gr\u00e1fico que ofrece una experiencia visual \u00f3ptima<\/li>\n<li><strong>Pesa 4,10 libras y mide 0,85&#8243; de espesor<\/strong><br \/>\nEquilibra la portabilidad y el tama\u00f1o de la pantalla, por lo que obtiene una cantidad respetable de espacio de visualizaci\u00f3n sin que la computadora port\u00e1til sea demasiado engorrosa para la portabilidad pr\u00e1ctica. Bater\u00eda de 3 celdas.<\/li>\n<li><strong>La salida HDMI ampl\u00eda sus opciones de visualizaci\u00f3n<\/strong><br \/>\nCon\u00e9ctese a un HDTV o monitor de alta definici\u00f3n para configurar dos pantallas una al lado de la otra o simplemente ver m\u00e1s de la imagen general.<\/li>\n<li><strong>Conectividad inal\u00e1mbrica\/al\u00e1mbrica (WiFi 6 &#8211; 802.11ax)<\/strong><br \/>\nConectividad flexible de doble banda con mayor confiabilidad gracias a dos flujos de datos y antenas. Con\u00e9ctese a un enrutador Wi-Fi para experimentar velocidades Wi-Fi GB casi 3 veces m\u00e1s r\u00e1pidas que Wi-Fi 5 est\u00e1ndar con capacidad de respuesta mejorada para a\u00fan m\u00e1s dispositivos.<\/li>\n<li><strong>Teclado iluminado<\/strong><br \/>\nTeclado retroiluminado Para escribir f\u00e1cilmente en condiciones de poca luz u oscuridad.<\/li>\n<\/ul>\n<\/div>\n","protected":false},"excerpt":{"rendered":"<p>El juego se volvi\u00f3 real.\u00a0GF63 Delgado.\u00a0Est\u00e9tica de cepillado de pelo fino y ligero de aluminio.\u00a0La parte superior met\u00e1lica y la cubierta del teclado se combinan con una ventilaci\u00f3n \u00fanica en<\/p>\n","protected":false},"featured_media":91210,"comment_status":"open","ping_status":"closed","template":"","meta":{"_acf_changed":false,"_joinchat":[]},"product_brand":[],"product_cat":[277,280,432],"product_tag":[],"class_list":{"0":"post-91209","1":"product","2":"type-product","3":"status-publish","4":"has-post-thumbnail","6":"product_cat-zona-gamer","7":"product_cat-pc-gaming","8":"product_cat-laptops-gamer","10":"first","11":"instock","12":"sale","13":"shipping-taxable","14":"purchasable","15":"product-type-simple"},"acf":[],"_links":{"self":[{"href":"https:\/\/defabrica.com.mx\/defabrica\/wp-json\/wp\/v2\/product\/91209","targetHints":{"allow":["GET"]}}],"collection":[{"href":"https:\/\/defabrica.com.mx\/defabrica\/wp-json\/wp\/v2\/product"}],"about":[{"href":"https:\/\/defabrica.com.mx\/defabrica\/wp-json\/wp\/v2\/types\/product"}],"replies":[{"embeddable":true,"href":"https:\/\/defabrica.com.mx\/defabrica\/wp-json\/wp\/v2\/comments?post=91209"}],"wp:featuredmedia":[{"embeddable":true,"href":"https:\/\/defabrica.com.mx\/defabrica\/wp-json\/wp\/v2\/media\/91210"}],"wp:attachment":[{"href":"https:\/\/defabrica.com.mx\/defabrica\/wp-json\/wp\/v2\/media?parent=91209"}],"wp:term":[{"taxonomy":"product_brand","embeddable":true,"href":"https:\/\/defabrica.com.mx\/defabrica\/wp-json\/wp\/v2\/product_brand?post=91209"},{"taxonomy":"product_cat","embeddable":true,"href":"https:\/\/defabrica.com.mx\/defabrica\/wp-json\/wp\/v2\/product_cat?post=91209"},{"taxonomy":"product_tag","embeddable":true,"href":"https:\/\/defabrica.com.mx\/defabrica\/wp-json\/wp\/v2\/product_tag?post=91209"}],"curies":[{"name":"wp","href":"https:\/\/api.w.org\/{rel}","templated":true}]}}