{"id":91177,"date":"2022-07-18T19:41:25","date_gmt":"2022-07-19T00:41:25","guid":{"rendered":"https:\/\/defabrica.com.mx\/defabrica\/?post_type=product&#038;p=91177"},"modified":"2023-01-18T16:29:20","modified_gmt":"2023-01-18T22:29:20","slug":"dell-alienware-x14-r1-14-0-144hz-fhd-gaming-laptop-intel-core-i7-16gb-de-memoria-nvidia-geforce-rtx-3060-512gb-ssd-lunar-light","status":"publish","type":"product","link":"https:\/\/defabrica.com.mx\/defabrica\/producto\/dell-alienware-x14-r1-14-0-144hz-fhd-gaming-laptop-intel-core-i7-16gb-de-memoria-nvidia-geforce-rtx-3060-512gb-ssd-lunar-light\/","title":{"rendered":"Dell &#8211; Alienware x14 R1 14.0&#8243; 144Hz FHD Gaming Laptop &#8211; Intel Core i7 &#8211; 16GB de memoria &#8211; NVIDIA GeForce RTX 3060 &#8211; 512GB SSD &#8211; Lunar Light"},"content":{"rendered":"<div class=\"embedded-component-container lv product-description\">\n<div>\n<div id=\"shop-product-description-76213865\" class=\"_none\" data-version=\"1.3.46\">\n<div class=\"shop-product-description\">\n<section class=\"align-heading-left\" data-reactroot=\"\">\n<div class=\"long-description-container body-copy \">\n<div class=\"html-fragment\">Presentamos Alienware x14 R1: nuestra computadora port\u00e1til para juegos de 14&#8243; m\u00e1s delgada cuenta con puertos de carga tipo C, duraci\u00f3n excepcional de la bater\u00eda y un dise\u00f1o de bisagra de doble par que brinda nuevos niveles de movilidad a todo lo que hace. Experimente una mayor libertad y productividad con la 12.\u00aa generaci\u00f3n de alto rendimiento. Procesadores Intel\u00ae Core\u2122 Gen. Disfrute de una experiencia de juego fluida y una duraci\u00f3n optimizada de la bater\u00eda con la primera computadora port\u00e1til para juegos de 14&#8243; del mundo que ofrece NVIDIA\u00aeG-SYNC\u00ae y Advanced Optimus.<\/div>\n<\/div>\n<\/section>\n<\/div>\n<\/div>\n<\/div>\n<\/div>\n<div class=\"embedded-component-container lv product-features\">\n<h3><\/h3>\n<h3 class=\"heading-5 v-fw-regular feature-heading\"><strong>Caracter\u00edsticas<\/strong><\/h3>\n<ul>\n<li><strong>Sistema operativo Microsoft Windows 11<\/strong><br \/>\nWindows 11 tiene toda la potencia y la seguridad de Windows 10 con un aspecto renovado y redise\u00f1ado. Tambi\u00e9n viene con nuevas herramientas, sonidos y aplicaciones. Cada detalle ha sido considerado. Todo se une para brindarle una experiencia refrescante en su PC.<\/li>\n<li><strong>Pantalla FHD de 14,0&#8243; y 144 Hz<\/strong><br \/>\nResoluci\u00f3n de 1920 x 1080 con soporte nativo de 1080p para exhibir sus juegos y pel\u00edculas HD con colores y claridad impresionantes. Retroiluminaci\u00f3n LED de bajo consumo.<\/li>\n<li><strong>Procesador Intel Core i7 de 12.\u00aa generaci\u00f3n<\/strong><br \/>\nPotente rendimiento de procesamiento de veinte v\u00edas y catorce n\u00facleos. La tecnolog\u00eda Intel Turbo Boost brinda potencia adicional din\u00e1mica cuando la necesita, al tiempo que aumenta la eficiencia energ\u00e9tica cuando no la necesita.<\/li>\n<li><strong>Unidad de estado s\u00f3lido PCIe NVMe M.2 de 512 GB<\/strong><br \/>\nSi bien ofrece menos espacio de almacenamiento que un disco duro, un SSD basado en flash no tiene partes m\u00f3viles, lo que resulta en tiempos de inicio y acceso a datos m\u00e1s r\u00e1pidos, sin ruido y menos producci\u00f3n de calor y consumo de energ\u00eda de la bater\u00eda.<\/li>\n<li><strong>Memoria del sistema de 16 GB para multitarea y juegos intensos<\/strong><br \/>\nMontones de RAM DDR4 de alto ancho de banda para ejecutar sin problemas sus juegos de PC con muchos gr\u00e1ficos y aplicaciones de edici\u00f3n de video, as\u00ed como numerosos programas y pesta\u00f1as del navegador, todo a la vez.<\/li>\n<li><strong>Gr\u00e1ficos NVIDIA GeForce RTX 3060<\/strong><br \/>\nRespaldado por una memoria de video dedicada GDDR6 de 6GB para una GPU r\u00e1pida y avanzada para alimentar sus juegos.<\/li>\n<li><strong>Pr\u00e1cticos puertos de carga<\/strong><br \/>\nLos puertos Tipo-C dedicados le permiten cargar en cualquier lugar donde haya fuentes de alimentaci\u00f3n Tipo-C disponibles.<\/li>\n<li><strong>Duraci\u00f3n excepcional de la bater\u00eda<\/strong><br \/>\nLa bater\u00eda WHr m\u00e1s alta del mundo en una computadora port\u00e1til para juegos de 14 \u00able permite trabajar, estudiar o jugar sin interrupciones.<\/li>\n<li><strong>Poder personalizado<\/strong><br \/>\nAcceda a cinco estados de energ\u00eda personalizados a trav\u00e9s de Alienware Command Center y prolongue la duraci\u00f3n de la bater\u00eda, habilite un entorno silencioso o maximice el rendimiento.<\/li>\n<li><strong>Tecnolog\u00eda de refrigeraci\u00f3n Alienware Cyro-Tech\u2122<\/strong><br \/>\nMantenga el m\u00e1ximo rendimiento con tubos de calor de cobre, ventiladores inteligentes y Element 31, un material de interfaz opcional que ofrece un aumento del 25 % en la resistencia t\u00e9rmica.<\/li>\n<li><strong>Certificaci\u00f3n de sonido envolvente Dolby Atmos\u00ae<\/strong><br \/>\nCada sonido, voz e instrumento se ubican en su propio espacio, para que puedas experimentar los juegos exactamente como lo imaginaron los desarrolladores.<\/li>\n<\/ul>\n<\/div>\n","protected":false},"excerpt":{"rendered":"<p>Presentamos Alienware x14 R1: nuestra computadora port\u00e1til para juegos de 14&#8243; m\u00e1s delgada cuenta con puertos de carga tipo C, duraci\u00f3n excepcional de la bater\u00eda y un dise\u00f1o de bisagra<\/p>\n","protected":false},"featured_media":91178,"comment_status":"open","ping_status":"closed","template":"","meta":{"_acf_changed":false,"_joinchat":[]},"product_brand":[],"product_cat":[277,280,432],"product_tag":[],"class_list":{"0":"post-91177","1":"product","2":"type-product","3":"status-publish","4":"has-post-thumbnail","6":"product_cat-zona-gamer","7":"product_cat-pc-gaming","8":"product_cat-laptops-gamer","10":"first","11":"instock","12":"sale","13":"shipping-taxable","14":"purchasable","15":"product-type-simple"},"acf":[],"_links":{"self":[{"href":"https:\/\/defabrica.com.mx\/defabrica\/wp-json\/wp\/v2\/product\/91177","targetHints":{"allow":["GET"]}}],"collection":[{"href":"https:\/\/defabrica.com.mx\/defabrica\/wp-json\/wp\/v2\/product"}],"about":[{"href":"https:\/\/defabrica.com.mx\/defabrica\/wp-json\/wp\/v2\/types\/product"}],"replies":[{"embeddable":true,"href":"https:\/\/defabrica.com.mx\/defabrica\/wp-json\/wp\/v2\/comments?post=91177"}],"wp:featuredmedia":[{"embeddable":true,"href":"https:\/\/defabrica.com.mx\/defabrica\/wp-json\/wp\/v2\/media\/91178"}],"wp:attachment":[{"href":"https:\/\/defabrica.com.mx\/defabrica\/wp-json\/wp\/v2\/media?parent=91177"}],"wp:term":[{"taxonomy":"product_brand","embeddable":true,"href":"https:\/\/defabrica.com.mx\/defabrica\/wp-json\/wp\/v2\/product_brand?post=91177"},{"taxonomy":"product_cat","embeddable":true,"href":"https:\/\/defabrica.com.mx\/defabrica\/wp-json\/wp\/v2\/product_cat?post=91177"},{"taxonomy":"product_tag","embeddable":true,"href":"https:\/\/defabrica.com.mx\/defabrica\/wp-json\/wp\/v2\/product_tag?post=91177"}],"curies":[{"name":"wp","href":"https:\/\/api.w.org\/{rel}","templated":true}]}}