{"id":91088,"date":"2022-07-18T10:10:52","date_gmt":"2022-07-18T15:10:52","guid":{"rendered":"https:\/\/defabrica.com.mx\/defabrica\/?post_type=product&#038;p=91088"},"modified":"2022-12-18T11:34:03","modified_gmt":"2022-12-18T17:34:03","slug":"gotrax-black-scooter-electrico-llantas-solidas-de-6-5-200w-motor-up-25-km-h-bateria-de-litio-rango-de-hasta-13-km-8-anos-soporta-hasta-100kg","status":"publish","type":"product","link":"https:\/\/defabrica.com.mx\/defabrica\/producto\/gotrax-black-scooter-electrico-llantas-solidas-de-6-5-200w-motor-up-25-km-h-bateria-de-litio-rango-de-hasta-13-km-8-anos-soporta-hasta-100kg\/","title":{"rendered":"GOTRAX Black Scooter Electrico LLantas s\u00f3lidas de 6.5&#8243;, 200W Motor up 25 km\/h, Bater\u00eda de Litio, rango de hasta 13 km +8 a\u00f1os, soporta hasta 100kg"},"content":{"rendered":"<p><b>\u00a1Bienvenido a GOTRAX!\u00a0Nuestra misi\u00f3n es crear una experiencia de conducci\u00f3n m\u00e1s inteligente, ecol\u00f3gica y \u00fanica.<\/b><\/p>\n<p>A partir de 2017, GOTRAX comenz\u00f3 lanzando nuestros hoverboards.\u00a0Ascendiendo r\u00e1pidamente al hoverboard de ventas, GOTRAX se ha expandido desde entonces a una l\u00ednea completa de nuestros scooters el\u00e9ctricos de la Serie G y en 2018 GOTRAX present\u00f3 la bicicleta el\u00e9ctrica.<br \/>\nA medida que el mundo crece y las ciudades se consumen cada vez m\u00e1s con los autom\u00f3viles y el tr\u00e1fico, GOTRAX quiere brindarle al mundo una forma ecol\u00f3gica pero eficiente de presentar un estilo completamente nuevo de scooters para adolescentes unisex GOTRAX para adultos.<b><\/b><\/p>\n<p>Especificaciones:<br \/>\nMile Range: MAX 7 millas \/ 11 km (el rendimiento real se ver\u00e1 afectado por el peso del usuario, la carretera)<br \/>\nMotor: motores de engranajes sin escobillas de alta velocidad de 200 W<br \/>\nPantalla LED: muestra la velocidad actual, los modos de velocidad, la duraci\u00f3n de la bater\u00eda y los faros.<br \/>\nBater\u00eda: bater\u00eda de litio de 36 V y 4 Ah<br \/>\nTiempo de carga: 5 horas<br \/>\nCapacidad de escalada: 14\u02da<br \/>\nVelocidad de crucero de 2 marchas: 1 marcha 10 mph, 2 marchas 15,5 mph<br \/>\nMateriales del marco: aleaci\u00f3n de aluminio<br \/>\nMateriales de los neum\u00e1ticos: neum\u00e1ticos s\u00f3lidos<br \/>\nRuedas: 6,5 pulgadas<br \/>\nCarga m\u00e1xima: 220 lb\/100 kg<br \/>\nFrenos: Freno electromagn\u00e9tico<br \/>\nPeso neto: 20.9 lbs \/ 9.5 kg<br \/>\nAviso: Este scooter el\u00e9ctrico llega 95% ensamblado, a\u00fan debe terminar el ensamblaje usted mismo o solicitar el servicio de ensamblaje.<br \/>\nDimensiones del producto: 93,9*43,5*104 cm\/36,9*17*41 pulgadas<\/p>\n","protected":false},"excerpt":{"rendered":"<p>\u00a1Bienvenido a GOTRAX!\u00a0Nuestra misi\u00f3n es crear una experiencia de conducci\u00f3n m\u00e1s inteligente, ecol\u00f3gica y \u00fanica. A partir de 2017, GOTRAX comenz\u00f3 lanzando nuestros hoverboards.\u00a0Ascendiendo r\u00e1pidamente al hoverboard de ventas, GOTRAX<\/p>\n","protected":false},"featured_media":91089,"comment_status":"open","ping_status":"closed","template":"","meta":{"_acf_changed":false,"_joinchat":[]},"product_brand":[],"product_cat":[1519,886,1097,1197],"product_tag":[],"class_list":{"0":"post-91088","1":"product","2":"type-product","3":"status-publish","4":"has-post-thumbnail","6":"product_cat-ofertas-jugycol","7":"product_cat-juguetesycoleccionables","8":"product_cat-juguetes","9":"product_cat-patines-y-scooters","11":"first","12":"instock","13":"sale","14":"shipping-taxable","15":"purchasable","16":"product-type-simple"},"acf":[],"_links":{"self":[{"href":"https:\/\/defabrica.com.mx\/defabrica\/wp-json\/wp\/v2\/product\/91088","targetHints":{"allow":["GET"]}}],"collection":[{"href":"https:\/\/defabrica.com.mx\/defabrica\/wp-json\/wp\/v2\/product"}],"about":[{"href":"https:\/\/defabrica.com.mx\/defabrica\/wp-json\/wp\/v2\/types\/product"}],"replies":[{"embeddable":true,"href":"https:\/\/defabrica.com.mx\/defabrica\/wp-json\/wp\/v2\/comments?post=91088"}],"wp:featuredmedia":[{"embeddable":true,"href":"https:\/\/defabrica.com.mx\/defabrica\/wp-json\/wp\/v2\/media\/91089"}],"wp:attachment":[{"href":"https:\/\/defabrica.com.mx\/defabrica\/wp-json\/wp\/v2\/media?parent=91088"}],"wp:term":[{"taxonomy":"product_brand","embeddable":true,"href":"https:\/\/defabrica.com.mx\/defabrica\/wp-json\/wp\/v2\/product_brand?post=91088"},{"taxonomy":"product_cat","embeddable":true,"href":"https:\/\/defabrica.com.mx\/defabrica\/wp-json\/wp\/v2\/product_cat?post=91088"},{"taxonomy":"product_tag","embeddable":true,"href":"https:\/\/defabrica.com.mx\/defabrica\/wp-json\/wp\/v2\/product_tag?post=91088"}],"curies":[{"name":"wp","href":"https:\/\/api.w.org\/{rel}","templated":true}]}}