{"id":91081,"date":"2022-07-18T10:04:27","date_gmt":"2022-07-18T15:04:27","guid":{"rendered":"https:\/\/defabrica.com.mx\/defabrica\/?post_type=product&#038;p=91081"},"modified":"2022-11-20T11:55:49","modified_gmt":"2022-11-20T17:55:49","slug":"adventure-force-v-twin-motorizada-dart-blaster","status":"publish","type":"product","link":"https:\/\/defabrica.com.mx\/defabrica\/producto\/adventure-force-v-twin-motorizada-dart-blaster\/","title":{"rendered":"Adventure Force V-Twin &#8211; Motorizada Dart Blaster"},"content":{"rendered":"<p>El V-Twin funciona con bater\u00eda y ofrece una explosi\u00f3n completamente autom\u00e1tica.\u00a0Mantenga presionado Rev-Trigger para encender los volantes y luego tire hacia atr\u00e1s del gatillo principal para disparar dardos que vuelan hasta 80 pies.\u00a0Los dardos salen volando del ca\u00f1\u00f3n giratorio estilo gatling.\u00a0El V-Twin mide 11&#8243; de alto x 12&#8243; de ancho x 21&#8243; de largo. El V-Twin viene con un cintur\u00f3n de munici\u00f3n de 30 balas que dispara m\u00e1s de 3 dardos por segundo. El lanzador tiene capacidad para 60 dardos a la vez con (2) Cilindros de 15 rondas que brindan almacenamiento incorporado para una recarga r\u00e1pida V-Twin incluye 30 dardos Waffle-Tip y los dardos son compatibles con todos los lanzadores Adventure Force y la mayor\u00eda de los lanzadores NERF est\u00e1ndar<\/p>\n","protected":false},"excerpt":{"rendered":"<p>El V-Twin funciona con bater\u00eda y ofrece una explosi\u00f3n completamente autom\u00e1tica.\u00a0Mantenga presionado Rev-Trigger para encender los volantes y luego tire hacia atr\u00e1s del gatillo principal para disparar dardos que vuelan<\/p>\n","protected":false},"featured_media":91082,"comment_status":"open","ping_status":"closed","template":"","meta":{"_acf_changed":false,"_joinchat":[]},"product_brand":[],"product_cat":[1519,886,1097,1190],"product_tag":[],"class_list":{"0":"post-91081","1":"product","2":"type-product","3":"status-publish","4":"has-post-thumbnail","6":"product_cat-ofertas-jugycol","7":"product_cat-juguetesycoleccionables","8":"product_cat-juguetes","9":"product_cat-lanzadores","11":"first","12":"instock","13":"sale","14":"shipping-taxable","15":"purchasable","16":"product-type-simple"},"acf":[],"_links":{"self":[{"href":"https:\/\/defabrica.com.mx\/defabrica\/wp-json\/wp\/v2\/product\/91081","targetHints":{"allow":["GET"]}}],"collection":[{"href":"https:\/\/defabrica.com.mx\/defabrica\/wp-json\/wp\/v2\/product"}],"about":[{"href":"https:\/\/defabrica.com.mx\/defabrica\/wp-json\/wp\/v2\/types\/product"}],"replies":[{"embeddable":true,"href":"https:\/\/defabrica.com.mx\/defabrica\/wp-json\/wp\/v2\/comments?post=91081"}],"wp:featuredmedia":[{"embeddable":true,"href":"https:\/\/defabrica.com.mx\/defabrica\/wp-json\/wp\/v2\/media\/91082"}],"wp:attachment":[{"href":"https:\/\/defabrica.com.mx\/defabrica\/wp-json\/wp\/v2\/media?parent=91081"}],"wp:term":[{"taxonomy":"product_brand","embeddable":true,"href":"https:\/\/defabrica.com.mx\/defabrica\/wp-json\/wp\/v2\/product_brand?post=91081"},{"taxonomy":"product_cat","embeddable":true,"href":"https:\/\/defabrica.com.mx\/defabrica\/wp-json\/wp\/v2\/product_cat?post=91081"},{"taxonomy":"product_tag","embeddable":true,"href":"https:\/\/defabrica.com.mx\/defabrica\/wp-json\/wp\/v2\/product_tag?post=91081"}],"curies":[{"name":"wp","href":"https:\/\/api.w.org\/{rel}","templated":true}]}}