{"id":90954,"date":"2022-07-17T17:19:30","date_gmt":"2022-07-17T22:19:30","guid":{"rendered":"https:\/\/defabrica.com.mx\/defabrica\/?post_type=product&#038;p=90954"},"modified":"2023-01-18T16:05:54","modified_gmt":"2023-01-18T22:05:54","slug":"splatoon-2-standard-edition-nintendo-switch","status":"publish","type":"product","link":"https:\/\/defabrica.com.mx\/defabrica\/producto\/splatoon-2-standard-edition-nintendo-switch\/","title":{"rendered":"Splatoon 2 Standard Edition &#8211; Nintendo Switch"},"content":{"rendered":"<p>La acci\u00f3n de salpicar tinta est\u00e1 de vuelta y m\u00e1s fresca que nunca\u00a0Los ni\u00f1os calamar llamados Inklings est\u00e1n de vuelta para salpicar m\u00e1s tinta y reclamar m\u00e1s territorio en este colorido y ca\u00f3tico juego de disparos de acci\u00f3n 4 contra 4.\u00a0Por primera vez, participa en las batallas territoriales sobre la marcha con el sistema Nintendo Switch\u2122 y usa cualquiera de los estilos de juego port\u00e1tiles de la consola para disfrutar de una intensa acci\u00f3n local multijugador*.<\/p>\n<h3 class=\"heading-5 v-fw-regular feature-heading\"><strong>Caracter\u00edsticas<\/strong><\/h3>\n<ul>\n<li><strong>Nuevas armas: los nuevos Splat Dualies de doble empu\u00f1adura se unen a la acci\u00f3n, completos con un nuevo movimiento Dodge Roll. Los pilares como Splat Roller y Splat Charger tambi\u00e9n se han remezclado para incluir nuevas mec\u00e1nicas de juego y nuevas armas especiales.<\/strong><\/li>\n<li><strong>Multijugador local y en l\u00ednea: por primera vez en la serie, compite en batallas territoriales multijugador locales, ya sea en modo TV o en modo port\u00e1til o de mesa. Las batallas en l\u00ednea tambi\u00e9n regresan.<\/strong><\/li>\n<li><strong>Nuevas formas de jugar: juegue con los controladores Joy Con o el controlador Nintendo Switch Pro, que permiten controles girosc\u00f3picos para apuntar y controlar mejor.<\/strong><\/li>\n<li><strong>Compatibilidad con dispositivos inteligentes: con la aplicaci\u00f3n para tel\u00e9fonos inteligentes Nintendo Switch Online ***, puede usar SplatNet para acceder a emparejamientos mejorados, opciones de chat de voz, estad\u00edsticas de batalla y m\u00e1s.<\/strong><\/li>\n<li><strong>Turf War Regresan las ic\u00f3nicas batallas de 4 contra 4 Turf War: el objetivo es salpicar tinta en la mayor cantidad de territorio posible, mientras te sumerges estrat\u00e9gicamente en los colores de tu equipo y destruyes a tus enemigos.<\/strong><\/li>\n<li><strong>LAN Play: hasta 10 sistemas acoplados (ocho jugadores y dos espectadores) se pueden conectar a trav\u00e9s de LAN con cable (se requieren accesorios adicionales; se venden por separado). Esta funci\u00f3n permite a los jugadores crear torneos de batallas privadas locales sin necesidad de una conexi\u00f3n a Internet.<\/strong><\/li>\n<\/ul>\n","protected":false},"excerpt":{"rendered":"<p>La acci\u00f3n de salpicar tinta est\u00e1 de vuelta y m\u00e1s fresca que nunca\u00a0Los ni\u00f1os calamar llamados Inklings est\u00e1n de vuelta para salpicar m\u00e1s tinta y reclamar m\u00e1s territorio en este<\/p>\n","protected":false},"featured_media":90955,"comment_status":"open","ping_status":"closed","template":"","meta":{"_acf_changed":false,"_joinchat":[]},"product_brand":[],"product_cat":[277,894],"product_tag":[],"class_list":{"0":"post-90954","1":"product","2":"type-product","3":"status-publish","4":"has-post-thumbnail","6":"product_cat-zona-gamer","7":"product_cat-videojuegos","9":"first","10":"instock","11":"sale","12":"shipping-taxable","13":"purchasable","14":"product-type-simple"},"acf":[],"_links":{"self":[{"href":"https:\/\/defabrica.com.mx\/defabrica\/wp-json\/wp\/v2\/product\/90954","targetHints":{"allow":["GET"]}}],"collection":[{"href":"https:\/\/defabrica.com.mx\/defabrica\/wp-json\/wp\/v2\/product"}],"about":[{"href":"https:\/\/defabrica.com.mx\/defabrica\/wp-json\/wp\/v2\/types\/product"}],"replies":[{"embeddable":true,"href":"https:\/\/defabrica.com.mx\/defabrica\/wp-json\/wp\/v2\/comments?post=90954"}],"wp:featuredmedia":[{"embeddable":true,"href":"https:\/\/defabrica.com.mx\/defabrica\/wp-json\/wp\/v2\/media\/90955"}],"wp:attachment":[{"href":"https:\/\/defabrica.com.mx\/defabrica\/wp-json\/wp\/v2\/media?parent=90954"}],"wp:term":[{"taxonomy":"product_brand","embeddable":true,"href":"https:\/\/defabrica.com.mx\/defabrica\/wp-json\/wp\/v2\/product_brand?post=90954"},{"taxonomy":"product_cat","embeddable":true,"href":"https:\/\/defabrica.com.mx\/defabrica\/wp-json\/wp\/v2\/product_cat?post=90954"},{"taxonomy":"product_tag","embeddable":true,"href":"https:\/\/defabrica.com.mx\/defabrica\/wp-json\/wp\/v2\/product_tag?post=90954"}],"curies":[{"name":"wp","href":"https:\/\/api.w.org\/{rel}","templated":true}]}}