{"id":90942,"date":"2022-07-17T17:10:40","date_gmt":"2022-07-17T22:10:40","guid":{"rendered":"https:\/\/defabrica.com.mx\/defabrica\/?post_type=product&#038;p=90942"},"modified":"2023-01-18T16:05:11","modified_gmt":"2023-01-18T22:05:11","slug":"edicion-pokemon-escudo-nintendo-switch","status":"publish","type":"product","link":"https:\/\/defabrica.com.mx\/defabrica\/producto\/edicion-pokemon-escudo-nintendo-switch\/","title":{"rendered":"Edici\u00f3n Pok\u00e9mon Escudo &#8211; Nintendo Switch"},"content":{"rendered":"<p>Llega una nueva generaci\u00f3n de Pok\u00e9mon a la consola Nintendo Switch.\u00a0\u00a1Convi\u00e9rtete en Entrenador Pok\u00e9mon, emprende un nuevo viaje en la nueva regi\u00f3n de Galar y descubre el misterio detr\u00e1s de los Pok\u00e9mon legendarios Zacian y Zamazenta!\u00a0Explora el \u00c1rea Salvaje, una vasta extensi\u00f3n de tierra donde el jugador puede controlar libremente la c\u00e1mara.<\/p>\n<h3 class=\"heading-5 v-fw-regular feature-heading\"><strong>Caracter\u00edsticas<\/strong><\/h3>\n<div class=\"list-row\"><\/div>\n<div class=\"list-row\">\n<ul>\n<li><strong>Atrapa, lucha e intercambia Pok\u00e9mon en una aventura completamente nueva en la regi\u00f3n de Galar<\/strong><\/li>\n<li><strong>Elige entre tres nuevos Pok\u00e9mon asociados y encuentra Pok\u00e9mon nunca antes vistos.<\/strong><\/li>\n<li><strong>\u00a1Desentra\u00f1a el misterio detr\u00e1s de los Pok\u00e9mon legendarios Zacian y Zamazenta!<\/strong><\/li>\n<li><strong>\u00a1\u00danete a otros Entrenadores para participar en Max Raid Battles<\/strong><\/li>\n<li><strong>Lucha contra Pok\u00e9mon Dynamax salvajes en Max Raid Battles e intenta atraparlos\u00a0<\/strong><\/li>\n<\/ul>\n<\/div>\n","protected":false},"excerpt":{"rendered":"<p>Llega una nueva generaci\u00f3n de Pok\u00e9mon a la consola Nintendo Switch.\u00a0\u00a1Convi\u00e9rtete en Entrenador Pok\u00e9mon, emprende un nuevo viaje en la nueva regi\u00f3n de Galar y descubre el misterio detr\u00e1s de<\/p>\n","protected":false},"featured_media":90943,"comment_status":"open","ping_status":"closed","template":"","meta":{"_acf_changed":false,"_joinchat":[]},"product_brand":[],"product_cat":[277,894],"product_tag":[],"class_list":{"0":"post-90942","1":"product","2":"type-product","3":"status-publish","4":"has-post-thumbnail","6":"product_cat-zona-gamer","7":"product_cat-videojuegos","9":"first","10":"instock","11":"sale","12":"shipping-taxable","13":"purchasable","14":"product-type-simple"},"acf":[],"_links":{"self":[{"href":"https:\/\/defabrica.com.mx\/defabrica\/wp-json\/wp\/v2\/product\/90942","targetHints":{"allow":["GET"]}}],"collection":[{"href":"https:\/\/defabrica.com.mx\/defabrica\/wp-json\/wp\/v2\/product"}],"about":[{"href":"https:\/\/defabrica.com.mx\/defabrica\/wp-json\/wp\/v2\/types\/product"}],"replies":[{"embeddable":true,"href":"https:\/\/defabrica.com.mx\/defabrica\/wp-json\/wp\/v2\/comments?post=90942"}],"wp:featuredmedia":[{"embeddable":true,"href":"https:\/\/defabrica.com.mx\/defabrica\/wp-json\/wp\/v2\/media\/90943"}],"wp:attachment":[{"href":"https:\/\/defabrica.com.mx\/defabrica\/wp-json\/wp\/v2\/media?parent=90942"}],"wp:term":[{"taxonomy":"product_brand","embeddable":true,"href":"https:\/\/defabrica.com.mx\/defabrica\/wp-json\/wp\/v2\/product_brand?post=90942"},{"taxonomy":"product_cat","embeddable":true,"href":"https:\/\/defabrica.com.mx\/defabrica\/wp-json\/wp\/v2\/product_cat?post=90942"},{"taxonomy":"product_tag","embeddable":true,"href":"https:\/\/defabrica.com.mx\/defabrica\/wp-json\/wp\/v2\/product_tag?post=90942"}],"curies":[{"name":"wp","href":"https:\/\/api.w.org\/{rel}","templated":true}]}}