{"id":90930,"date":"2022-07-17T16:59:28","date_gmt":"2022-07-17T21:59:28","guid":{"rendered":"https:\/\/defabrica.com.mx\/defabrica\/?post_type=product&#038;p=90930"},"modified":"2023-01-18T16:02:52","modified_gmt":"2023-01-18T22:02:52","slug":"metroid-dread-nintendo-switch-nintendo-switch-lite","status":"publish","type":"product","link":"https:\/\/defabrica.com.mx\/defabrica\/producto\/metroid-dread-nintendo-switch-nintendo-switch-lite\/","title":{"rendered":"Metroid Dread &#8211; Nintendo Switch, Nintendo Switch Lite"},"content":{"rendered":"<p>Mejor videojuego de TIME de 2021. De TIME.\u00a0\u00a9 2021 TIME USA LLC.. Todos los derechos reservados.\u00a0Usado bajo licencia.\u00a0\u00danete a la cazarrecompensas intergal\u00e1ctica Samus Aran en su primera nueva historia de Metroid en 2D en 19 a\u00f1os.\u00a0La historia de Samus contin\u00faa despu\u00e9s de los eventos del juego Metroid\u2122 Fusion cuando desciende al planeta ZDR para investigar una misteriosa transmisi\u00f3n enviada a la Federaci\u00f3n Gal\u00e1ctica.\u00a0Despu\u00e9s de un desgarrador encuentro con un Chozo vivo, una raza que antes se cre\u00eda extinta, ella termina muy por debajo de la superficie del planeta.<\/p>\n<h3 class=\"heading-5 v-fw-regular feature-heading\"><strong>Caracter\u00edsticas<\/strong><\/h3>\n<ul>\n<li><strong>\u00danete a Samus Aran en la primera nueva historia 2D de Metroid en 19 a\u00f1os<\/strong><\/li>\n<li><strong>Explora los numerosos entornos del planeta ZDR mientras investigas una transmisi\u00f3n misteriosa<\/strong><\/li>\n<li><strong>Los robots EMMI mortales, las m\u00e1quinas de investigaci\u00f3n, representan una amenaza m\u00e1s intensa que nunca<\/strong><\/li>\n<li><strong>Siente c\u00f3mo crece el poder de Samus a medida que obtienes maniobras y habilidades como el nuevo Spider Magnet.<\/strong><\/li>\n<li><strong>Enciende y regresa a \u00e1reas anteriores para encontrar nuevos caminos y secretos.<\/strong><\/li>\n<li><strong>Completa el juego para desbloquear Boss Rush y lucha contra los enemigos m\u00e1s formidables de Samus uno tras otro para obtener el mejor tiempo posible.<\/strong><\/li>\n<\/ul>\n","protected":false},"excerpt":{"rendered":"<p>Mejor videojuego de TIME de 2021. De TIME.\u00a0\u00a9 2021 TIME USA LLC.. Todos los derechos reservados.\u00a0Usado bajo licencia.\u00a0\u00danete a la cazarrecompensas intergal\u00e1ctica Samus Aran en su primera nueva historia de<\/p>\n","protected":false},"featured_media":90931,"comment_status":"open","ping_status":"closed","template":"","meta":{"_acf_changed":false,"_joinchat":[]},"product_brand":[],"product_cat":[277,894],"product_tag":[],"class_list":{"0":"post-90930","1":"product","2":"type-product","3":"status-publish","4":"has-post-thumbnail","6":"product_cat-zona-gamer","7":"product_cat-videojuegos","9":"first","10":"instock","11":"sale","12":"shipping-taxable","13":"purchasable","14":"product-type-simple"},"acf":[],"_links":{"self":[{"href":"https:\/\/defabrica.com.mx\/defabrica\/wp-json\/wp\/v2\/product\/90930","targetHints":{"allow":["GET"]}}],"collection":[{"href":"https:\/\/defabrica.com.mx\/defabrica\/wp-json\/wp\/v2\/product"}],"about":[{"href":"https:\/\/defabrica.com.mx\/defabrica\/wp-json\/wp\/v2\/types\/product"}],"replies":[{"embeddable":true,"href":"https:\/\/defabrica.com.mx\/defabrica\/wp-json\/wp\/v2\/comments?post=90930"}],"wp:featuredmedia":[{"embeddable":true,"href":"https:\/\/defabrica.com.mx\/defabrica\/wp-json\/wp\/v2\/media\/90931"}],"wp:attachment":[{"href":"https:\/\/defabrica.com.mx\/defabrica\/wp-json\/wp\/v2\/media?parent=90930"}],"wp:term":[{"taxonomy":"product_brand","embeddable":true,"href":"https:\/\/defabrica.com.mx\/defabrica\/wp-json\/wp\/v2\/product_brand?post=90930"},{"taxonomy":"product_cat","embeddable":true,"href":"https:\/\/defabrica.com.mx\/defabrica\/wp-json\/wp\/v2\/product_cat?post=90930"},{"taxonomy":"product_tag","embeddable":true,"href":"https:\/\/defabrica.com.mx\/defabrica\/wp-json\/wp\/v2\/product_tag?post=90930"}],"curies":[{"name":"wp","href":"https:\/\/api.w.org\/{rel}","templated":true}]}}