{"id":90923,"date":"2022-07-17T16:53:06","date_gmt":"2022-07-17T21:53:06","guid":{"rendered":"https:\/\/defabrica.com.mx\/defabrica\/?post_type=product&#038;p=90923"},"modified":"2023-01-18T16:02:26","modified_gmt":"2023-01-18T22:02:26","slug":"grand-theft-auto-the-trilogy-the-definitive-edition-nintendo-switch-nintendo-switch-modelo-oled-nintendo-switch-lite","status":"publish","type":"product","link":"https:\/\/defabrica.com.mx\/defabrica\/producto\/grand-theft-auto-the-trilogy-the-definitive-edition-nintendo-switch-nintendo-switch-modelo-oled-nintendo-switch-lite\/","title":{"rendered":"Grand Theft Auto: The Trilogy \u2013 The Definitive Edition &#8211; Nintendo Switch, Nintendo Switch (modelo OLED), Nintendo Switch Lite"},"content":{"rendered":"<p>Tres ciudades ic\u00f3nicas, tres historias \u00e9picas.\u00a0Juega los cl\u00e1sicos que definen el g\u00e9nero de la trilog\u00eda original de Grand Theft Auto: Grand Theft Auto III, Grand Theft Auto: Vice City y Grand Theft Auto: San Andreas actualizados para una nueva generaci\u00f3n, ahora con mejoras generales que incluyen una nueva y brillante iluminaci\u00f3n.<\/p>\n<h3 class=\"heading-5 v-fw-regular feature-heading\"><strong>Caracter\u00edsticas<\/strong><\/h3>\n<ul>\n<li><strong>gran robo de auto iii<\/strong><br \/>\nTodo comienza en Liberty City. Con la revolucionaria libertad de ir a cualquier lugar y secuestrar a cualquiera, Grand Theft Auto III pone el centro del inframundo criminal al alcance de tu mano, si tienes las agallas para tomarlo.<\/li>\n<li><strong>Grand Theft Auto: Vice City<\/strong><br \/>\nBienvenido a la d\u00e9cada de 1980. De la d\u00e9cada de los peinados grandes y los trajes pastel llega la historia del ascenso de un hombre a la cima. Grand Theft Auto regresa con la historia de traici\u00f3n y venganza de Tommy Vercetti en una ciudad tropical empapada de ne\u00f3n, llena de excesos y llena de posibilidades.<\/li>\n<li><strong>Grand Theft Auto: San Andreas<\/strong><br \/>\nHace cinco a\u00f1os, Carl &#8216;CJ&#8217; Johnson escap\u00f3 de la neblina de Los Santos, San Andreas. Ahora, es a principios de los 90. A su regreso al vecindario, un par de polic\u00edas lo acusan de homicidio, lo que obliga a CJ a emprender un viaje que lo lleva por todo el estado de San Andreas.<\/li>\n<\/ul>\n","protected":false},"excerpt":{"rendered":"<p>Tres ciudades ic\u00f3nicas, tres historias \u00e9picas.\u00a0Juega los cl\u00e1sicos que definen el g\u00e9nero de la trilog\u00eda original de Grand Theft Auto: Grand Theft Auto III, Grand Theft Auto: Vice City y<\/p>\n","protected":false},"featured_media":90925,"comment_status":"open","ping_status":"closed","template":"","meta":{"_acf_changed":false,"_joinchat":[]},"product_brand":[],"product_cat":[277,894],"product_tag":[],"class_list":{"0":"post-90923","1":"product","2":"type-product","3":"status-publish","4":"has-post-thumbnail","6":"product_cat-zona-gamer","7":"product_cat-videojuegos","9":"first","10":"instock","11":"sale","12":"shipping-taxable","13":"purchasable","14":"product-type-simple"},"acf":[],"_links":{"self":[{"href":"https:\/\/defabrica.com.mx\/defabrica\/wp-json\/wp\/v2\/product\/90923","targetHints":{"allow":["GET"]}}],"collection":[{"href":"https:\/\/defabrica.com.mx\/defabrica\/wp-json\/wp\/v2\/product"}],"about":[{"href":"https:\/\/defabrica.com.mx\/defabrica\/wp-json\/wp\/v2\/types\/product"}],"replies":[{"embeddable":true,"href":"https:\/\/defabrica.com.mx\/defabrica\/wp-json\/wp\/v2\/comments?post=90923"}],"wp:featuredmedia":[{"embeddable":true,"href":"https:\/\/defabrica.com.mx\/defabrica\/wp-json\/wp\/v2\/media\/90925"}],"wp:attachment":[{"href":"https:\/\/defabrica.com.mx\/defabrica\/wp-json\/wp\/v2\/media?parent=90923"}],"wp:term":[{"taxonomy":"product_brand","embeddable":true,"href":"https:\/\/defabrica.com.mx\/defabrica\/wp-json\/wp\/v2\/product_brand?post=90923"},{"taxonomy":"product_cat","embeddable":true,"href":"https:\/\/defabrica.com.mx\/defabrica\/wp-json\/wp\/v2\/product_cat?post=90923"},{"taxonomy":"product_tag","embeddable":true,"href":"https:\/\/defabrica.com.mx\/defabrica\/wp-json\/wp\/v2\/product_tag?post=90923"}],"curies":[{"name":"wp","href":"https:\/\/api.w.org\/{rel}","templated":true}]}}