{"id":90917,"date":"2022-07-17T16:47:13","date_gmt":"2022-07-17T21:47:13","guid":{"rendered":"https:\/\/defabrica.com.mx\/defabrica\/?post_type=product&#038;p=90917"},"modified":"2023-01-18T16:02:04","modified_gmt":"2023-01-18T22:02:04","slug":"fire-emblem-warriors-three-hopes-nintendo-switch-modelo-oled-nintendo-switch-nintendo-switch-lite","status":"publish","type":"product","link":"https:\/\/defabrica.com.mx\/defabrica\/producto\/fire-emblem-warriors-three-hopes-nintendo-switch-modelo-oled-nintendo-switch-nintendo-switch-lite\/","title":{"rendered":"Fire Emblem Warriors: Three Hopes &#8211; Nintendo Switch (modelo OLED), Nintendo Switch, Nintendo Switch Lite"},"content":{"rendered":"<p>\u00danete a los personajes de Fire Emblem: Three Houses en batallas \u00e9picas en tiempo real en F\u00f3dlan.\u00a0Ponte en la piel de Shez, mientras conocen a Edelgard, Dimitri, Claude y otros personajes de Fire Emblem: Three Houses mientras luchas por el futuro de F\u00f3dlan.\u00a0Alinearse con un l\u00edder para construir y comandar un ej\u00e9rcito en batallas de estilo 1 contra 1000 y estrategia profunda.\u00a0La casa que elijas te llevar\u00e1 a trav\u00e9s de una de tres fascinantes historias, cada una con un desenlace diferente.<\/p>\n<h3 class=\"heading-5 v-fw-regular feature-heading\"><strong>Caracter\u00edsticas<\/strong><\/h3>\n<ul>\n<li><strong>Comanda personajes de Fire Emblem: Three Houses como Edelgard, Dimitri y Claude en batallas \u00e9picas en tiempo real<\/strong><\/li>\n<li><strong>Juega a trav\u00e9s de tres historias distintas ambientadas en el universo de Fire Emblem: Three Houses, cada una con un final diferente, desde el punto de vista de un nuevo protagonista, Shez.<\/strong><\/li>\n<li><strong>Combina el estilo de juego lleno de acci\u00f3n de Warriors con la estrategia y el estilo de la serie Fire Emblem.<\/strong><\/li>\n<li><strong>Lucha a trav\u00e9s de hordas de enemigos con los personajes de Fire Emblem: Three Houses y sus distintas habilidades.<\/strong><\/li>\n<li><strong>Use la mec\u00e1nica de la serie Fire Emblem como el tri\u00e1ngulo de armas, las clases de personajes, las crestas y los batallones para adaptar su estrategia.<\/strong><\/li>\n<li><strong>Profundice las relaciones entre los personajes para obtener una ventaja t\u00e1ctica y ver c\u00f3mo se abren en las conversaciones de apoyo.<\/strong><\/li>\n<\/ul>\n","protected":false},"excerpt":{"rendered":"<p>\u00danete a los personajes de Fire Emblem: Three Houses en batallas \u00e9picas en tiempo real en F\u00f3dlan.\u00a0Ponte en la piel de Shez, mientras conocen a Edelgard, Dimitri, Claude y otros<\/p>\n","protected":false},"featured_media":90918,"comment_status":"open","ping_status":"closed","template":"","meta":{"_acf_changed":false,"_joinchat":[]},"product_brand":[],"product_cat":[277,894],"product_tag":[],"class_list":{"0":"post-90917","1":"product","2":"type-product","3":"status-publish","4":"has-post-thumbnail","6":"product_cat-zona-gamer","7":"product_cat-videojuegos","9":"first","10":"instock","11":"sale","12":"shipping-taxable","13":"purchasable","14":"product-type-simple"},"acf":[],"_links":{"self":[{"href":"https:\/\/defabrica.com.mx\/defabrica\/wp-json\/wp\/v2\/product\/90917","targetHints":{"allow":["GET"]}}],"collection":[{"href":"https:\/\/defabrica.com.mx\/defabrica\/wp-json\/wp\/v2\/product"}],"about":[{"href":"https:\/\/defabrica.com.mx\/defabrica\/wp-json\/wp\/v2\/types\/product"}],"replies":[{"embeddable":true,"href":"https:\/\/defabrica.com.mx\/defabrica\/wp-json\/wp\/v2\/comments?post=90917"}],"wp:featuredmedia":[{"embeddable":true,"href":"https:\/\/defabrica.com.mx\/defabrica\/wp-json\/wp\/v2\/media\/90918"}],"wp:attachment":[{"href":"https:\/\/defabrica.com.mx\/defabrica\/wp-json\/wp\/v2\/media?parent=90917"}],"wp:term":[{"taxonomy":"product_brand","embeddable":true,"href":"https:\/\/defabrica.com.mx\/defabrica\/wp-json\/wp\/v2\/product_brand?post=90917"},{"taxonomy":"product_cat","embeddable":true,"href":"https:\/\/defabrica.com.mx\/defabrica\/wp-json\/wp\/v2\/product_cat?post=90917"},{"taxonomy":"product_tag","embeddable":true,"href":"https:\/\/defabrica.com.mx\/defabrica\/wp-json\/wp\/v2\/product_tag?post=90917"}],"curies":[{"name":"wp","href":"https:\/\/api.w.org\/{rel}","templated":true}]}}