{"id":90895,"date":"2022-07-17T16:28:32","date_gmt":"2022-07-17T21:28:32","guid":{"rendered":"https:\/\/defabrica.com.mx\/defabrica\/?post_type=product&#038;p=90895"},"modified":"2022-07-17T16:28:32","modified_gmt":"2022-07-17T21:28:32","slug":"super-mario-3d-world-bowsers-fury-nintendo-switch-nintendo-switch-lite","status":"publish","type":"product","link":"https:\/\/defabrica.com.mx\/defabrica\/producto\/super-mario-3d-world-bowsers-fury-nintendo-switch-nintendo-switch-lite\/","title":{"rendered":"Super Mario 3D World + Bowser&#8217;s Fury &#8211; Nintendo Switch, Nintendo Switch Lite"},"content":{"rendered":"<p><span>\u00a1Enciende, \u00fanete, uno para salvar el Reino Sprixie!\u00a0<\/span><span>Salta y sube a trav\u00e9s de docenas de coloridos cursos.\u00a0Multiplique la diversi\u00f3n formando equipo o compitiendo contra amigos localmente* o en l\u00ednea** para alcanzar la meta de cada etapa.\u00a0Trabajen juntos para explorar y descubrir coleccionables, o compitan por la corona al obtener la puntuaci\u00f3n m\u00e1s alta, \u00a1logrando un frenes\u00ed amistoso!\u00a0Mario (y sus amigos) pueden usar una variedad de potenciadores como Super Bell, que otorga habilidades felinas como escalar y rascar.<\/span><\/p>\n<h3 class=\"heading-5 v-fw-regular feature-heading\"><strong>Caracter\u00edsticas<\/strong><\/h3>\n<ul>\n<li><strong>Disfruta de dos aventuras de Mario solo o con amigos*<\/strong><\/li>\n<li><strong>En Super Mario 3D World, elige un personaje, cada uno con estilos de juego distintos, mientras corres y escalas a trav\u00e9s de docenas de coloridos circuitos, recolectando estrellas verdes y potenciadores en el camino.<\/strong><\/li>\n<li><strong>Coopera (y compite) con amigos localmente* o en l\u00ednea** para alcanzar la meta de cada etapa. Se otorga una corona al jugador con la puntuaci\u00f3n m\u00e1s alta, lo que genera un frenes\u00ed amistoso.<\/strong><\/li>\n<li><strong>Adem\u00e1s de las opciones multijugador a\u00f1adidas, la versi\u00f3n para Nintendo Switch del juego Super Mario 3D World se ha mejorado con velocidades de personaje m\u00e1s r\u00e1pidas y m\u00e1s<\/strong><\/li>\n<li><strong>Explora un mundo felino sin interrupciones en Lake Lapcat, completa objetivos para recolectar Cat Shines y derrota a un Bowser gigante en la nueva aventura Bowser&#8217;s Fury.<\/strong><\/li>\n<li><strong>En Bowser&#8217;s Fury, pasa un controlador Joy-Con\u2122 a un amigo mientras toma el control de Bowser Jr. en el modo de 2 jugadores.<\/strong><\/li>\n<li><strong>Tome instant\u00e1neas de sus momentos de juego favoritos con el modo Instant\u00e1nea<\/strong><\/li>\n<li><strong>Usa figuras amiibo\u2122 compatibles, incluidos los nuevos amiibo Cat Mario y Cat Peach, para potenciadores y otras sorpresas.<\/strong><\/li>\n<\/ul>\n","protected":false},"excerpt":{"rendered":"<p>\u00a1Enciende, \u00fanete, uno para salvar el Reino Sprixie!\u00a0Salta y sube a trav\u00e9s de docenas de coloridos cursos.\u00a0Multiplique la diversi\u00f3n formando equipo o compitiendo contra amigos localmente* o en l\u00ednea** para<\/p>\n","protected":false},"featured_media":90896,"comment_status":"open","ping_status":"closed","template":"","meta":{"_acf_changed":false,"_joinchat":[]},"product_brand":[],"product_cat":[277,894],"product_tag":[],"class_list":{"0":"post-90895","1":"product","2":"type-product","3":"status-publish","4":"has-post-thumbnail","6":"product_cat-zona-gamer","7":"product_cat-videojuegos","9":"first","10":"instock","11":"sale","12":"shipping-taxable","13":"purchasable","14":"product-type-simple"},"acf":[],"_links":{"self":[{"href":"https:\/\/defabrica.com.mx\/defabrica\/wp-json\/wp\/v2\/product\/90895","targetHints":{"allow":["GET"]}}],"collection":[{"href":"https:\/\/defabrica.com.mx\/defabrica\/wp-json\/wp\/v2\/product"}],"about":[{"href":"https:\/\/defabrica.com.mx\/defabrica\/wp-json\/wp\/v2\/types\/product"}],"replies":[{"embeddable":true,"href":"https:\/\/defabrica.com.mx\/defabrica\/wp-json\/wp\/v2\/comments?post=90895"}],"wp:featuredmedia":[{"embeddable":true,"href":"https:\/\/defabrica.com.mx\/defabrica\/wp-json\/wp\/v2\/media\/90896"}],"wp:attachment":[{"href":"https:\/\/defabrica.com.mx\/defabrica\/wp-json\/wp\/v2\/media?parent=90895"}],"wp:term":[{"taxonomy":"product_brand","embeddable":true,"href":"https:\/\/defabrica.com.mx\/defabrica\/wp-json\/wp\/v2\/product_brand?post=90895"},{"taxonomy":"product_cat","embeddable":true,"href":"https:\/\/defabrica.com.mx\/defabrica\/wp-json\/wp\/v2\/product_cat?post=90895"},{"taxonomy":"product_tag","embeddable":true,"href":"https:\/\/defabrica.com.mx\/defabrica\/wp-json\/wp\/v2\/product_tag?post=90895"}],"curies":[{"name":"wp","href":"https:\/\/api.w.org\/{rel}","templated":true}]}}