{"id":90875,"date":"2022-07-17T16:15:28","date_gmt":"2022-07-17T21:15:28","guid":{"rendered":"https:\/\/defabrica.com.mx\/defabrica\/?post_type=product&#038;p=90875"},"modified":"2023-01-18T15:37:06","modified_gmt":"2023-01-18T21:37:06","slug":"la-leyenda-de-zelda-skyward-sword-hd-nintendo-switch-lite-nintendo-switch","status":"publish","type":"product","link":"https:\/\/defabrica.com.mx\/defabrica\/producto\/la-leyenda-de-zelda-skyward-sword-hd-nintendo-switch-lite-nintendo-switch\/","title":{"rendered":"La leyenda de Zelda: Skyward Sword HD &#8211; Nintendo Switch Lite, Nintendo Switch"},"content":{"rendered":"<p>Resuelve acertijos, explora mazmorras y surca los cielos.\u00a0Desciende del cielo al peligroso mundo que se encuentra debajo en esta misi\u00f3n de altos vuelos.\u00a0Tu aventura te llevar\u00e1 a trav\u00e9s de peligrosas mazmorras repletas de rompecabezas.\u00a0Cada art\u00edculo que recibas abrir\u00e1 a\u00fan m\u00e1s la aventura: descubre un \u00e1rea oculta con el Beetle volador o encuentra una forma inteligente de obstaculizar a los enemigos con un l\u00e1tigo.<\/p>\n<h3 class=\"heading-5 v-fw-regular feature-heading\"><strong>Caracter\u00edsticas<\/strong><\/h3>\n<ul>\n<li><strong>El juego The Legend of Zelda: Skyward Sword ha sido actualizado para el sistema Nintendo Switch<\/strong><\/li>\n<li><strong>Desciende a la tierra bajo las nubes, explora mazmorras y resuelve acertijos en tu b\u00fasqueda<\/strong><\/li>\n<li><strong>Encuentre y recopile elementos que abran nuevos caminos y actualizaciones<\/strong><\/li>\n<li><strong>Use controles de movimiento que correspondan a sus movimientos para un juego de espadas m\u00e1s realista, o use controles de solo bot\u00f3n<\/strong><\/li>\n<li><strong>Vive la primera historia de la serie Legend of ZeldaTM y descubre c\u00f3mo Link y Zelda formaron un v\u00ednculo legendario por primera vez.<\/strong><\/li>\n<\/ul>\n","protected":false},"excerpt":{"rendered":"<p>Resuelve acertijos, explora mazmorras y surca los cielos.\u00a0Desciende del cielo al peligroso mundo que se encuentra debajo en esta misi\u00f3n de altos vuelos.\u00a0Tu aventura te llevar\u00e1 a trav\u00e9s de peligrosas<\/p>\n","protected":false},"featured_media":90876,"comment_status":"open","ping_status":"closed","template":"","meta":{"_acf_changed":false,"_joinchat":[]},"product_brand":[],"product_cat":[277,894],"product_tag":[],"class_list":{"0":"post-90875","1":"product","2":"type-product","3":"status-publish","4":"has-post-thumbnail","6":"product_cat-zona-gamer","7":"product_cat-videojuegos","9":"first","10":"instock","11":"sale","12":"shipping-taxable","13":"purchasable","14":"product-type-simple"},"acf":[],"_links":{"self":[{"href":"https:\/\/defabrica.com.mx\/defabrica\/wp-json\/wp\/v2\/product\/90875","targetHints":{"allow":["GET"]}}],"collection":[{"href":"https:\/\/defabrica.com.mx\/defabrica\/wp-json\/wp\/v2\/product"}],"about":[{"href":"https:\/\/defabrica.com.mx\/defabrica\/wp-json\/wp\/v2\/types\/product"}],"replies":[{"embeddable":true,"href":"https:\/\/defabrica.com.mx\/defabrica\/wp-json\/wp\/v2\/comments?post=90875"}],"wp:featuredmedia":[{"embeddable":true,"href":"https:\/\/defabrica.com.mx\/defabrica\/wp-json\/wp\/v2\/media\/90876"}],"wp:attachment":[{"href":"https:\/\/defabrica.com.mx\/defabrica\/wp-json\/wp\/v2\/media?parent=90875"}],"wp:term":[{"taxonomy":"product_brand","embeddable":true,"href":"https:\/\/defabrica.com.mx\/defabrica\/wp-json\/wp\/v2\/product_brand?post=90875"},{"taxonomy":"product_cat","embeddable":true,"href":"https:\/\/defabrica.com.mx\/defabrica\/wp-json\/wp\/v2\/product_cat?post=90875"},{"taxonomy":"product_tag","embeddable":true,"href":"https:\/\/defabrica.com.mx\/defabrica\/wp-json\/wp\/v2\/product_tag?post=90875"}],"curies":[{"name":"wp","href":"https:\/\/api.w.org\/{rel}","templated":true}]}}