{"id":90863,"date":"2022-07-17T16:07:02","date_gmt":"2022-07-17T21:07:02","guid":{"rendered":"https:\/\/defabrica.com.mx\/defabrica\/?post_type=product&#038;p=90863"},"modified":"2023-01-18T15:36:23","modified_gmt":"2023-01-18T21:36:23","slug":"pokemon-vamos-eevee-nintendo-switch","status":"publish","type":"product","link":"https:\/\/defabrica.com.mx\/defabrica\/producto\/pokemon-vamos-eevee-nintendo-switch\/","title":{"rendered":"Pok\u00e9mon: \u00a1Vamos, Eevee! -Nintendo Switch"},"content":{"rendered":"<p>El siguiente paso en tu viaje Pok\u00e9mon\u2122 comienza aqu\u00ed\u00a0\u00a1Emprende un viaje Pok\u00e9mon\u2122 a la regi\u00f3n de Kanto con tu fiel compa\u00f1ero, Eevee!\u00a0Convi\u00e9rtete en el mejor Entrenador Pok\u00e9mon mientras luchas contra otros Entrenadores, L\u00edderes de Gimnasio y el siniestro Team Rocket.\u00a0Atrapa Pok\u00e9mon en la naturaleza con un suave movimiento de lanzamiento con un controlador Joy-Con\u2122 o un accesorio Pok\u00e9 Ball\u2122 Plus, que se iluminar\u00e1, vibrar\u00e1 y emitir\u00e1 sonidos para dar vida a tu aventura.<\/p>\n<h3 class=\"heading-5 v-fw-regular feature-heading\"><strong>Caracter\u00edsticas<\/strong><\/h3>\n<ul>\n<li><strong>Ponte en la piel de un Entrenador Pok\u00e9mon mientras viajas por Kanto<\/strong><\/li>\n<li><strong>Descubre una nueva especie de Pok\u00e9mon con la serie Pok\u00e9mon Lets Go<\/strong><\/li>\n<li><strong>Atrapa Pok\u00e9mon en la naturaleza con un suave movimiento de lanzamiento con un controlador Joy-Con\u2122 o un accesorio Pok\u00e9 Ball\u2122 Plus, que se iluminar\u00e1, vibrar\u00e1 y emitir\u00e1 sonidos para dar vida a tu aventura.<\/strong><\/li>\n<li><strong>Ve el mundo con estilo personalizando a Pikachu y a tu Entrenador con una selecci\u00f3n de atuendos.<\/strong><\/li>\n<li><strong>\u00a1Con\u00e9ctate a Pok\u00e9mon GO* para transferir Pok\u00e9mon capturados de la regi\u00f3n de Kanto, incluidas las formas Alolan y Shiny, as\u00ed como el Pok\u00e9mon reci\u00e9n descubierto, Meltan, de ese juego a este!<\/strong><\/li>\n<\/ul>\n","protected":false},"excerpt":{"rendered":"<p>El siguiente paso en tu viaje Pok\u00e9mon\u2122 comienza aqu\u00ed\u00a0\u00a1Emprende un viaje Pok\u00e9mon\u2122 a la regi\u00f3n de Kanto con tu fiel compa\u00f1ero, Eevee!\u00a0Convi\u00e9rtete en el mejor Entrenador Pok\u00e9mon mientras luchas contra<\/p>\n","protected":false},"featured_media":90864,"comment_status":"open","ping_status":"closed","template":"","meta":{"_acf_changed":false,"_joinchat":[]},"product_brand":[],"product_cat":[277,894],"product_tag":[],"class_list":{"0":"post-90863","1":"product","2":"type-product","3":"status-publish","4":"has-post-thumbnail","6":"product_cat-zona-gamer","7":"product_cat-videojuegos","9":"first","10":"instock","11":"sale","12":"shipping-taxable","13":"purchasable","14":"product-type-simple"},"acf":[],"_links":{"self":[{"href":"https:\/\/defabrica.com.mx\/defabrica\/wp-json\/wp\/v2\/product\/90863","targetHints":{"allow":["GET"]}}],"collection":[{"href":"https:\/\/defabrica.com.mx\/defabrica\/wp-json\/wp\/v2\/product"}],"about":[{"href":"https:\/\/defabrica.com.mx\/defabrica\/wp-json\/wp\/v2\/types\/product"}],"replies":[{"embeddable":true,"href":"https:\/\/defabrica.com.mx\/defabrica\/wp-json\/wp\/v2\/comments?post=90863"}],"wp:featuredmedia":[{"embeddable":true,"href":"https:\/\/defabrica.com.mx\/defabrica\/wp-json\/wp\/v2\/media\/90864"}],"wp:attachment":[{"href":"https:\/\/defabrica.com.mx\/defabrica\/wp-json\/wp\/v2\/media?parent=90863"}],"wp:term":[{"taxonomy":"product_brand","embeddable":true,"href":"https:\/\/defabrica.com.mx\/defabrica\/wp-json\/wp\/v2\/product_brand?post=90863"},{"taxonomy":"product_cat","embeddable":true,"href":"https:\/\/defabrica.com.mx\/defabrica\/wp-json\/wp\/v2\/product_cat?post=90863"},{"taxonomy":"product_tag","embeddable":true,"href":"https:\/\/defabrica.com.mx\/defabrica\/wp-json\/wp\/v2\/product_tag?post=90863"}],"curies":[{"name":"wp","href":"https:\/\/api.w.org\/{rel}","templated":true}]}}